{"id":13032,"date":"2019-12-03T12:33:06","date_gmt":"2019-12-03T11:33:06","guid":{"rendered":"https:\/\/www.booking-gaysejour.com\/produit\/chambre-batic\/"},"modified":"2020-11-23T13:59:33","modified_gmt":"2020-11-23T12:59:33","slug":"chambre-batic","status":"publish","type":"product","link":"https:\/\/booking-gaysejour.com\/gb\/guide\/chambre-batic\/","title":{"rendered":"Maison Lilloise \u2013 Batic Guestroom"},"content":{"rendered":"<h3>Chambre lit double et lit simple &#8211; 3 pers. max &#8211; Salle de bain commune<\/h3>\n<p>La Chambre Batic situ\u00e9e au deuxi\u00e8me \u00e9tage de la maison offre un lit double et un lit simple et peut recevoir jusqu\u2019\u00e0 3 personnes.<br \/>\nSalle de bain et kitchenette communes aux deux chambres d&#8217;h\u00f4tes.<br \/>\nLa kitchenette est enti\u00e8rement \u00e9quip\u00e9e : frigo, micro-onde, plaque de cuisson, cafeti\u00e8re, vaisselle, casseroles &#8230; pour vous permettre de manger sur place si vous le d\u00e9sirez.<\/p>\n<p>Compris avec le prix de la chambre : le petit d\u00e9jeuner, les draps et serviettes de toilette.<\/p>\n<p>Nota : il n&#8217;y a pas de t\u00e9l\u00e9vision dans les chambres.<\/p>\n<p><strong><span style=\"text-decoration: underline;\">Nota2<\/span> : <span style=\"text-decoration: underline;\">suite \u00e0 la p\u00e9riode de pand\u00e9mie, une seule chambre sera lou\u00e9e \u00e0 la fois<\/span><br \/>\n(sauf pour une demande pour groupe ou famille). Salle d&#8217;eau et wc \u00e9tant communs aux deux chambres, cela nous permettra de nettoyer l&#8217;\u00e9tage entier entre chaque r\u00e9servation et de vous \u00e9viter de partager l&#8217;\u00e9tage<br \/>\navec quelqu&#8217;un d&#8217;autre.<\/strong><\/p>\n","protected":false},"excerpt":{"rendered":"<p>Chambre lit double et lit simple &#8211; 3 pers. max &#8211; Salle de bain commune La Chambre Batic situ\u00e9e au deuxi\u00e8me \u00e9tage de la maison offre un lit double et un lit simple et peut recevoir jusqu\u2019\u00e0 3 personnes. Salle de bain et kitchenette communes aux deux chambres d&#8217;h\u00f4tes. La kitchenette est enti\u00e8rement \u00e9quip\u00e9e :<a class=\"more-link\" href=\"https:\/\/booking-gaysejour.com\/gb\/guide\/chambre-batic\/\">Read more  &#10230;<\/a><\/p>\n","protected":false},"featured_media":11510,"template":"","meta":[],"product_brand":[],"product_cat":[741,1038,774],"product_tag":[],"class_list":{"0":"post-13032","1":"product","2":"type-product","3":"status-publish","4":"has-post-thumbnail","6":"product_cat-france-gb","7":"product_cat-guesthouse-bnb","8":"product_cat-hauts-de-france-gb","9":"pa_5-services-wifi-gratuit","10":"yith_shop_vendor-la-maison-lilloise-gb","11":"yith_booking_service-petit-dejeuner-inclus-gb","13":"first","14":"instock","15":"featured","16":"virtual","17":"sold-individually","18":"purchasable","19":"product-type-booking"},"_links":{"self":[{"href":"https:\/\/booking-gaysejour.com\/gb\/wp-json\/wp\/v2\/product\/13032","targetHints":{"allow":["GET"]}}],"collection":[{"href":"https:\/\/booking-gaysejour.com\/gb\/wp-json\/wp\/v2\/product"}],"about":[{"href":"https:\/\/booking-gaysejour.com\/gb\/wp-json\/wp\/v2\/types\/product"}],"wp:featuredmedia":[{"embeddable":true,"href":"https:\/\/booking-gaysejour.com\/gb\/wp-json\/wp\/v2\/media\/11510"}],"wp:attachment":[{"href":"https:\/\/booking-gaysejour.com\/gb\/wp-json\/wp\/v2\/media?parent=13032"}],"wp:term":[{"taxonomy":"product_brand","embeddable":true,"href":"https:\/\/booking-gaysejour.com\/gb\/wp-json\/wp\/v2\/product_brand?post=13032"},{"taxonomy":"product_cat","embeddable":true,"href":"https:\/\/booking-gaysejour.com\/gb\/wp-json\/wp\/v2\/product_cat?post=13032"},{"taxonomy":"product_tag","embeddable":true,"href":"https:\/\/booking-gaysejour.com\/gb\/wp-json\/wp\/v2\/product_tag?post=13032"}],"curies":[{"name":"wp","href":"https:\/\/api.w.org\/{rel}","templated":true}]}}