{"id":19069,"date":"2020-01-21T16:05:47","date_gmt":"2020-01-21T15:05:47","guid":{"rendered":"https:\/\/www.booking-gaysejour.com\/chambre\/le-moulin-de-gontard-chambre-a-la-rosalie\/"},"modified":"2022-12-09T15:58:40","modified_gmt":"2022-12-09T14:58:40","slug":"le-moulin-de-gontard-chambre-a-la-rosalie","status":"publish","type":"product","link":"https:\/\/booking-gaysejour.com\/gb\/guide\/le-moulin-de-gontard-chambre-a-la-rosalie\/","title":{"rendered":"Le Moulin de Gontard &#8211; Chambre A La Rosalie"},"content":{"rendered":"<p style=\"text-align: center;\"><strong><em>Chambre avec lit double 160 * 190 cm &#8211; 2 pers. &#8211; Salle d&#8217;eau avec Douche \u00e0 partager<\/em><br \/>\n<\/strong><\/p>\n<p>Au c\u0153ur des Mauges, dans un \u00e9crin de verdure, venez partager avec nous la joie de vivre en campagne parmi chiens, chats, poules, oies, \u00e2ne, ch\u00e8vre et autres compagnons.<br \/>\nSpa, bain de soleil et Hamac vous attendent pour compl\u00e8tement vous relaxer. Ici, tout est tellement bucolique que l&#8217;on s&#8217;attend \u00e0 voir Blanche Neige au bout du chemin (D&#8217;ailleurs j&#8217;ai cru voir quelques nains dissimul\u00e9s dans la v\u00e9g\u00e9tation&#8230;).<\/p>\n<p>Si le c\u0153ur vous en dit, \u00e0 moins d&#8217;une heure, vous pourrez faire un tour en Anjou d\u00e9couvrir les vins, les champignons ou les maisons troglodytes. Ou alors, aller au Puy du Fou, visiter divers mus\u00e9s sur les m\u00e9tiers d&#8217;hier et d&#8217;aujourd&#8217;hui ( La maison du mineur, M\u00e9tier de la chaussure, du textile&#8230;), Faire du Kayak sur la Loire ou aller au Zoo ( La boissi\u00e8re du Dor\u00e9, Natural Parc). Vous pr\u00e9f\u00e9rez les fleurs, Allez visiter le Parc Camifolia \u00e0 10 minutes de la maison. Au Milieu de rien, nous sommes pr\u00e8s de tout !<\/p>\n<p>Le matin, Nous partagerons un petit D\u00e9jeuner avec Boisson chaude, pain confiture, viennoiserie mais aussi yaourt, fromages, charcuteries&#8230;<br \/>\nSi vous le d\u00e9sirez, nous partagerons notre d\u00eener o\u00f9 nous pourrons d\u00e9guster de bons plats mijot\u00e9s comme chez mamie avec des bons produits du coin.<\/p>\n<p>Le soir, vous pourrez vous relaxer dans le salon des meules o\u00f9 les anciens m\u00e9canismes du moulin sont rest\u00e9s en place et procurent \u00e0 la pi\u00e8ce chaleur et nostalgie.<br \/>\nSi vous le pr\u00e9f\u00e9rerez, une machine \u00e0 boissons chaudes vous attend dans votre chambre et vous pourrez profiter pleinement du calme des lieux en regardant \u00a0la t\u00e9l\u00e9 ou en naviguant sur votre smartphone gr\u00e2ce \u00e0 la WIFI accessible gratuitement.<\/p>\n","protected":false},"excerpt":{"rendered":"<p>Chambre avec lit double 160 * 190 cm &#8211; 2 pers. &#8211; Salle d&#8217;eau avec Douche \u00e0 partager Au c\u0153ur des Mauges, dans un \u00e9crin de verdure, venez partager avec nous la joie de vivre en campagne parmi chiens, chats, poules, oies, \u00e2ne, ch\u00e8vre et autres compagnons. Spa, bain de soleil et Hamac vous attendent<a class=\"more-link\" href=\"https:\/\/booking-gaysejour.com\/gb\/guide\/le-moulin-de-gontard-chambre-a-la-rosalie\/\">Read more  &#10230;<\/a><\/p>\n","protected":false},"featured_media":16739,"template":"","meta":[],"product_brand":[],"product_cat":[741,1038,801,1061],"product_tag":[],"class_list":{"0":"post-19069","1":"product","2":"type-product","3":"status-publish","4":"has-post-thumbnail","6":"product_cat-france-gb","7":"product_cat-guesthouse-bnb","8":"product_cat-the-loire-country","9":"product_cat-the-reunion-island","10":"pa_5-services-table-dhotes-gb-2","11":"yith_shop_vendor-le-moulin-de-gontard-maine-et-loire-france","13":"first","14":"instock","15":"featured","16":"virtual","17":"sold-individually","18":"purchasable","19":"product-type-booking"},"_links":{"self":[{"href":"https:\/\/booking-gaysejour.com\/gb\/wp-json\/wp\/v2\/product\/19069","targetHints":{"allow":["GET"]}}],"collection":[{"href":"https:\/\/booking-gaysejour.com\/gb\/wp-json\/wp\/v2\/product"}],"about":[{"href":"https:\/\/booking-gaysejour.com\/gb\/wp-json\/wp\/v2\/types\/product"}],"wp:featuredmedia":[{"embeddable":true,"href":"https:\/\/booking-gaysejour.com\/gb\/wp-json\/wp\/v2\/media\/16739"}],"wp:attachment":[{"href":"https:\/\/booking-gaysejour.com\/gb\/wp-json\/wp\/v2\/media?parent=19069"}],"wp:term":[{"taxonomy":"product_brand","embeddable":true,"href":"https:\/\/booking-gaysejour.com\/gb\/wp-json\/wp\/v2\/product_brand?post=19069"},{"taxonomy":"product_cat","embeddable":true,"href":"https:\/\/booking-gaysejour.com\/gb\/wp-json\/wp\/v2\/product_cat?post=19069"},{"taxonomy":"product_tag","embeddable":true,"href":"https:\/\/booking-gaysejour.com\/gb\/wp-json\/wp\/v2\/product_tag?post=19069"}],"curies":[{"name":"wp","href":"https:\/\/api.w.org\/{rel}","templated":true}]}}