{"id":19114,"date":"2020-01-20T14:13:19","date_gmt":"2020-01-20T13:13:19","guid":{"rendered":"https:\/\/www.booking-gaysejour.com\/chambre\/villa-london-chambre-camargue\/"},"modified":"2025-03-18T16:42:20","modified_gmt":"2025-03-18T15:42:20","slug":"les-granges-des-camar-gays-suite-mediterranee","status":"publish","type":"product","link":"https:\/\/booking-gaysejour.com\/gb\/guide\/les-granges-des-camar-gays-suite-mediterranee\/","title":{"rendered":"Les Granges des Camar-gays \u2013 Suite M\u00e9diterran\u00e9e"},"content":{"rendered":"<h3>Guestroom 2 guests &#8211; queen size bed &#8211; ensuite bathroom<\/h3>\n<p>Venez profiter de notre piscine 10*5 m,\u00a0de notre spa jacuzzi et du sauna dans Villa de 160 m\u00b2 sur 2000m\u00b2 de jardin arbor\u00e9 &#8211;\u00a0calme et d\u00e9tente.<\/p>\n<p>Naturisme possible si vous le souhaitez.<\/p>\n<p>Table d&#8217;h\u00f4tes si vous le souhaitez et sur demande.<\/p>\n<p>Les petit-d\u00e9jeuners ne sont pas inclus dans le prix de base de la chambre et sont propos\u00e9s en option.<\/p>\n","protected":false},"excerpt":{"rendered":"<p>Guestroom 2 guests &#8211; queen size bed &#8211; ensuite bathroom Venez profiter de notre piscine 10*5 m,\u00a0de notre spa jacuzzi et du sauna dans Villa de 160 m\u00b2 sur 2000m\u00b2 de jardin arbor\u00e9 &#8211;\u00a0calme et d\u00e9tente. Naturisme possible si vous le souhaitez. Table d&#8217;h\u00f4tes si vous le souhaitez et sur demande. Les petit-d\u00e9jeuners ne sont<a class=\"more-link\" href=\"https:\/\/booking-gaysejour.com\/gb\/guide\/les-granges-des-camar-gays-suite-mediterranee\/\">Read more  &#10230;<\/a><\/p>\n","protected":false},"featured_media":50588,"template":"","meta":[],"product_brand":[],"product_cat":[741,1038,789],"product_tag":[1323,1306,1316,1066,1223],"class_list":{"0":"post-19114","1":"product","2":"type-product","3":"status-publish","4":"has-post-thumbnail","6":"product_cat-france-gb","7":"product_cat-guesthouse-bnb","8":"product_cat-occitania","9":"product_tag-meal-service","10":"product_tag-naturiste-gb","11":"product_tag-sauna-gb","12":"product_tag-spa-gb","13":"product_tag-piscine-gb","14":"pa_1-type-gay-men-only","15":"pa_1-type-chambre-hotes-gb","16":"pa_1-type-naturism","17":"pa_2-chambre-et-salle-de-bain-bathroom-towel","18":"pa_2-chambre-et-salle-de-bain-private-bathroom","19":"pa_5-services-parking-on-premise","20":"pa_5-services-table-dhotes-gb-2","21":"pa_5-services-wifi-gratuit","22":"pa_6-installations-jacuzzi-gb","23":"pa_6-installations-massage-gb","24":"pa_6-installations-piscine-gb","25":"pa_6-installations-sauna-gb","26":"pa_6-installations-tv-room","27":"yith_shop_vendor-les-granges-des-camar-gays-gard","28":"yith_booking_service-petit-dejeuner-inclus-gb","30":"first","31":"instock","32":"featured","33":"virtual","34":"sold-individually","35":"purchasable","36":"product-type-booking"},"_links":{"self":[{"href":"https:\/\/booking-gaysejour.com\/gb\/wp-json\/wp\/v2\/product\/19114","targetHints":{"allow":["GET"]}}],"collection":[{"href":"https:\/\/booking-gaysejour.com\/gb\/wp-json\/wp\/v2\/product"}],"about":[{"href":"https:\/\/booking-gaysejour.com\/gb\/wp-json\/wp\/v2\/types\/product"}],"wp:featuredmedia":[{"embeddable":true,"href":"https:\/\/booking-gaysejour.com\/gb\/wp-json\/wp\/v2\/media\/50588"}],"wp:attachment":[{"href":"https:\/\/booking-gaysejour.com\/gb\/wp-json\/wp\/v2\/media?parent=19114"}],"wp:term":[{"taxonomy":"product_brand","embeddable":true,"href":"https:\/\/booking-gaysejour.com\/gb\/wp-json\/wp\/v2\/product_brand?post=19114"},{"taxonomy":"product_cat","embeddable":true,"href":"https:\/\/booking-gaysejour.com\/gb\/wp-json\/wp\/v2\/product_cat?post=19114"},{"taxonomy":"product_tag","embeddable":true,"href":"https:\/\/booking-gaysejour.com\/gb\/wp-json\/wp\/v2\/product_tag?post=19114"}],"curies":[{"name":"wp","href":"https:\/\/api.w.org\/{rel}","templated":true}]}}