{"id":19148,"date":"2020-01-14T16:50:25","date_gmt":"2020-01-14T15:50:25","guid":{"rendered":"https:\/\/www.booking-gaysejour.com\/chambre\/maison-naturiste-toulouse-chambre-lit-simple\/"},"modified":"2025-03-18T16:48:31","modified_gmt":"2025-03-18T15:48:31","slug":"maison-naturiste-toulouse-chambre-lit-simple","status":"publish","type":"product","link":"https:\/\/booking-gaysejour.com\/gb\/guide\/maison-naturiste-toulouse-chambre-lit-simple\/","title":{"rendered":"Naturist guesthouse in Toulouse &#8211; Single bed"},"content":{"rendered":"<h3>Gay and naturist guesthouse &#8211; single bed &#8211; shared bathroom<\/h3>\n<p>Nouveau lieu de charme \u00e0 deux pas du centre de Toulouse. Cette ancienne maison de mara\u00eechers, en briques rouges typiques de Toulouse, vous ravira par son esth\u00e9tique remarquable.<br \/>\nVous trouverez sur place une maison d&#8217;h\u00f4tes toute \u00e9quip\u00e9e (chambre, dortoir avec lit pour une ou deux personnes, salle de douches et wc privatifs, cuisine).<br \/>\n+ Un pool-house (espace partag\u00e9) en annexe (autre cuisine, salle de douches et salon en v\u00e9randa ouvrants sur le bleu de la piscine).<br \/>\nTous ces espaces sont naturistes !<br \/>\nAp\u00e9ro de bienvenue offert. Piscine \u00e0 l&#8217;eau de cristal (marque d\u00e9pos\u00e9e)<br \/>\nMaison situ\u00e9e \u00e0 Toulouse, quartier St Simon (\u00e0 6km de l\u2019a\u00e9roport) proche d&#8217;une sortie de Rocade (C\u00e9pi\u00e8re) et des stations de m\u00e9tro : Mirail Universit\u00e9 ou Basso Cambo. A une minute de la v\u00e9lo-station (roulez pour 1\u20ac\/jour). 2 lignes de bus Tiss\u00e9o. A 8 minutes \u00e0 pieds des commerces (banque, boulangerie, restaurants, sup\u00e9rette&#8230;) de la place des Pradettes.<br \/>\nStationnement facile sur place. + Parking priv\u00e9 \u00e0 l&#8217;int\u00e9rieur (8\u20ac).<br \/>\nLa maison voisine avec le chouette restaurant LGBT Folles Saisons, ouvert chaque midi et en soir\u00e9e en fin de semaine, dont soir\u00e9es-spectacles.<br \/>\nApr\u00e8s une premi\u00e8re exp\u00e9rience d\u2019accueil r\u00e9ussie et salu\u00e9e par nombre de voyageurs, dans sa premi\u00e8re maison, Marc vous re\u00e7oit dans ce nouvel ensemble de maisons camp\u00e9es sur un beau jardin avec piscine !<br \/>\nPour les repas et le petit d\u00e9jeuner chacun peut cuisiner \u00e0 sa guise les ingr\u00e9dients sortis de son panier. (Sup\u00e9rette proche. Deux cuisines avec 2 r\u00e9frig\u00e9rateurs-cong\u00e9lateurs sur place sont \u00e0 votre disposition. Machine Nespresso. Cuisines \u00e9quip\u00e9es.<br \/>\nDiners naturistes OU textiles (sur r\u00e9servation)<br \/>\nGrillades \u00e0 la plancha. Tartes aux l\u00e9gumes (&#8230;) Cassoulet artisanal.<br \/>\nTransfer assur\u00e9 (sur r\u00e9servation) depuis l\u2019A\u00e9roport de Toulouse-Blagnac ou Gare-Toulouse-Matabiau = Participation de 15\u20ac\/ voyage.<br \/>\nVous trouverez sur place de nombreuses brochures touristiques et bons plans LGBT et friendly.<br \/>\nToulouse est une belle ville d&#8217;art et de culture !<br \/>\nSur place, possibilit\u00e9 de massages balinais sur table.<\/p>\n","protected":false},"excerpt":{"rendered":"<p>Gay and naturist guesthouse &#8211; single bed &#8211; shared bathroom Nouveau lieu de charme \u00e0 deux pas du centre de Toulouse. Cette ancienne maison de mara\u00eechers, en briques rouges typiques de Toulouse, vous ravira par son esth\u00e9tique remarquable. Vous trouverez sur place une maison d&#8217;h\u00f4tes toute \u00e9quip\u00e9e (chambre, dortoir avec lit pour une ou deux<a class=\"more-link\" href=\"https:\/\/booking-gaysejour.com\/gb\/guide\/maison-naturiste-toulouse-chambre-lit-simple\/\">Read more  &#10230;<\/a><\/p>\n","protected":false},"featured_media":51146,"template":"","meta":[],"product_brand":[],"product_cat":[741,1038,789],"product_tag":[1064,1323,1306,1223],"class_list":{"0":"post-19148","1":"product","2":"type-product","3":"status-publish","4":"has-post-thumbnail","6":"product_cat-france-gb","7":"product_cat-guesthouse-bnb","8":"product_cat-occitania","9":"product_tag-gay-only-gb","10":"product_tag-meal-service","11":"product_tag-naturiste-gb","12":"product_tag-piscine-gb","13":"pa_1-type-gay-men-only","14":"pa_1-type-chambre-hotes-gb","15":"pa_1-type-naturism","16":"pa_2-chambre-et-salle-de-bain-shared-bathroom","17":"pa_5-services-climatisation-gb-2","18":"pa_5-services-handicap-gb","19":"pa_5-services-free-parking-nearby","20":"pa_5-services-table-dhotes-gb-2","21":"pa_5-services-wifi-gratuit","22":"pa_6-installations-piscine-gb","23":"yith_shop_vendor-gay-naturist-bnb-toulouse","25":"first","26":"instock","27":"featured","28":"virtual","29":"sold-individually","30":"purchasable","31":"product-type-booking"},"_links":{"self":[{"href":"https:\/\/booking-gaysejour.com\/gb\/wp-json\/wp\/v2\/product\/19148","targetHints":{"allow":["GET"]}}],"collection":[{"href":"https:\/\/booking-gaysejour.com\/gb\/wp-json\/wp\/v2\/product"}],"about":[{"href":"https:\/\/booking-gaysejour.com\/gb\/wp-json\/wp\/v2\/types\/product"}],"wp:featuredmedia":[{"embeddable":true,"href":"https:\/\/booking-gaysejour.com\/gb\/wp-json\/wp\/v2\/media\/51146"}],"wp:attachment":[{"href":"https:\/\/booking-gaysejour.com\/gb\/wp-json\/wp\/v2\/media?parent=19148"}],"wp:term":[{"taxonomy":"product_brand","embeddable":true,"href":"https:\/\/booking-gaysejour.com\/gb\/wp-json\/wp\/v2\/product_brand?post=19148"},{"taxonomy":"product_cat","embeddable":true,"href":"https:\/\/booking-gaysejour.com\/gb\/wp-json\/wp\/v2\/product_cat?post=19148"},{"taxonomy":"product_tag","embeddable":true,"href":"https:\/\/booking-gaysejour.com\/gb\/wp-json\/wp\/v2\/product_tag?post=19148"}],"curies":[{"name":"wp","href":"https:\/\/api.w.org\/{rel}","templated":true}]}}