{"id":19158,"date":"2020-01-14T15:33:06","date_gmt":"2020-01-14T14:33:06","guid":{"rendered":"https:\/\/www.booking-gaysejour.com\/chambre\/maison-dhotes-naturiste-a-toulouse-chambre-lit-double\/"},"modified":"2025-03-18T16:48:31","modified_gmt":"2025-03-18T15:48:31","slug":"maison-dhotes-naturiste-a-toulouse-chambre-lit-double","status":"publish","type":"product","link":"https:\/\/booking-gaysejour.com\/gb\/guide\/maison-dhotes-naturiste-a-toulouse-chambre-lit-double\/","title":{"rendered":"Maison d&#8217;h\u00f4tes Naturiste \u00e0 Toulouse &#8211; Chambre priv\u00e9e \u00e0 lit double avec salle de douches et wc."},"content":{"rendered":"<h3>Gay and naturist guesthouse &#8211; double bed &#8211; ensuite bathroom<\/h3>\n<p>Le calme dans toulouse ! Belle demeure en briques rouges typiques sur un terrain arbor\u00e9 avec <strong>grande piscine<\/strong> (chauff\u00e9e).<\/p>\n<p>VOTRE CHAMBRE D&#8217;HOTES : \u00a0Vous aurez acc\u00e8s \u00e0 votre chambre s\u00e9par\u00e9e avec table-bureau, wifi, \u00a0fen\u00eatre sur l&#8217;ext\u00e9rieur au calme + belle salle de douche \u00e0 l&#8217;italienne et WC privatifs.<\/p>\n<p>Acc\u00e8s a une <strong>cuisine \u00e9quip\u00e9e<\/strong> vue sur piscine. Nespresso, four, lave vaisselle&#8230;Le pool-house \u00a0dispose d&#8217;une autre cuisine, 1 salle de douches 1 salon en v\u00e9randa ouvrants sur le bleu de\u00a0 la piscine) Petits d\u00e9jeuners partag\u00e9s, ap\u00e9ros nat, diners.<\/p>\n<p>Tous ces espaces sont accessibles aux <strong>naturistes<\/strong>.<\/p>\n<p>Maison situ\u00e9e \u00e0 Toulouse,<strong> quartier St Simon<\/strong> (\u00e0 6km de l\u2019a\u00e9roport) proche d&#8217;une sortie de Rocade (C\u00e9pi\u00e8re) et des stations de m\u00e9tro : Mirail Universit\u00e9 ou Basso Cambo. \u00c0 une minute de la v\u00e9lo-station (roulez \u00e0 v\u00e9lo pour 1\u20ac\/jour). 2 lignes de bus Tiss\u00e9o. A 8 minutes \u00e0 pieds des commerces (banque, boulangerie, restaurants, sup\u00e9rette&#8230;) de la place des Pradettes.<\/p>\n<p><strong>Stationnement facile<\/strong> + Parking privatif (nous consulter)<\/p>\n<p>La maison voisine avec le chouette restaurant LGBT Folles Saisons, ouvert chaque midi et en soir\u00e9e en fin de semaine, dont soir\u00e9es-spectacles.<\/p>\n<p>Pour les repas et le petit d\u00e9jeuner chacun peut cuisiner \u00e0 sa guise les ingr\u00e9dients sortis de son panier. (Sup\u00e9rette proche. Deux cuisines avec 2 r\u00e9frig\u00e9rateurs-cong\u00e9lateurs sur place sont \u00e0 votre disposition. Machine Nespresso. Cuisines \u00e9quip\u00e9es.<\/p>\n<p><strong>Diners naturistes OU textiles<\/strong> (sur r\u00e9servation) : grillades \u00e0 la plancha, cassoulet artisanal. Repas v\u00e9g\u00e9tariens .<\/p>\n<p>Transfert assur\u00e9 (sur r\u00e9servation) depuis l\u2019A\u00e9roport de Toulouse-Blagnac ou Gare-Toulouse-Matabiau = Participation de 15\u20ac\/ voyage.<\/p>\n<p>Vous trouverez sur place de nombreuses brochures touristiques et bons plans LGBT et friendly.<br \/>\nToulouse est une belle ville d&#8217;art et de culture !<\/p>\n<p>Sur place, possibilit\u00e9 de massages balinais sur table.<\/p>\n","protected":false},"excerpt":{"rendered":"<p>Gay and naturist guesthouse &#8211; double bed &#8211; ensuite bathroom Le calme dans toulouse ! Belle demeure en briques rouges typiques sur un terrain arbor\u00e9 avec grande piscine (chauff\u00e9e). VOTRE CHAMBRE D&#8217;HOTES : \u00a0Vous aurez acc\u00e8s \u00e0 votre chambre s\u00e9par\u00e9e avec table-bureau, wifi, \u00a0fen\u00eatre sur l&#8217;ext\u00e9rieur au calme + belle salle de douche \u00e0 l&#8217;italienne<a class=\"more-link\" href=\"https:\/\/booking-gaysejour.com\/gb\/guide\/maison-dhotes-naturiste-a-toulouse-chambre-lit-double\/\">Read more  &#10230;<\/a><\/p>\n","protected":false},"featured_media":57813,"template":"","meta":[],"product_brand":[],"product_cat":[741,1038,789],"product_tag":[1064,1611,1323,1324,1306,1317],"class_list":{"0":"post-19158","1":"product","2":"type-product","3":"status-publish","4":"has-post-thumbnail","6":"product_cat-france-gb","7":"product_cat-guesthouse-bnb","8":"product_cat-occitania","9":"product_tag-gay-only-gb","10":"product_tag-jacuzzi-gb","11":"product_tag-meal-service","12":"product_tag-naturism","13":"product_tag-naturiste-gb","14":"product_tag-romantic","15":"pa_1-type-gay-men-only","16":"pa_1-type-chambre-hotes-gb","17":"pa_1-type-naturism","18":"pa_2-chambre-et-salle-de-bain-private-bathroom","19":"pa_5-services-climatisation-gb-2","20":"pa_5-services-handicap-gb","21":"pa_5-services-table-dhotes-gb-2","22":"pa_5-services-wifi-gratuit","23":"pa_6-installations-heaten-pool","24":"pa_6-installations-massage-gb","25":"pa_6-installations-piscine-gb","26":"yith_shop_vendor-gay-naturist-bnb-toulouse","28":"first","29":"instock","30":"virtual","31":"sold-individually","32":"purchasable","33":"product-type-booking"},"_links":{"self":[{"href":"https:\/\/booking-gaysejour.com\/gb\/wp-json\/wp\/v2\/product\/19158","targetHints":{"allow":["GET"]}}],"collection":[{"href":"https:\/\/booking-gaysejour.com\/gb\/wp-json\/wp\/v2\/product"}],"about":[{"href":"https:\/\/booking-gaysejour.com\/gb\/wp-json\/wp\/v2\/types\/product"}],"wp:featuredmedia":[{"embeddable":true,"href":"https:\/\/booking-gaysejour.com\/gb\/wp-json\/wp\/v2\/media\/57813"}],"wp:attachment":[{"href":"https:\/\/booking-gaysejour.com\/gb\/wp-json\/wp\/v2\/media?parent=19158"}],"wp:term":[{"taxonomy":"product_brand","embeddable":true,"href":"https:\/\/booking-gaysejour.com\/gb\/wp-json\/wp\/v2\/product_brand?post=19158"},{"taxonomy":"product_cat","embeddable":true,"href":"https:\/\/booking-gaysejour.com\/gb\/wp-json\/wp\/v2\/product_cat?post=19158"},{"taxonomy":"product_tag","embeddable":true,"href":"https:\/\/booking-gaysejour.com\/gb\/wp-json\/wp\/v2\/product_tag?post=19158"}],"curies":[{"name":"wp","href":"https:\/\/api.w.org\/{rel}","templated":true}]}}