{"id":19192,"date":"2020-01-10T13:46:04","date_gmt":"2020-01-10T12:46:04","guid":{"rendered":"https:\/\/www.booking-gaysejour.com\/chambre\/eden-baie-naturiste-chambre-confort-rez-de-chaussee\/"},"modified":"2025-03-18T16:48:31","modified_gmt":"2025-03-18T15:48:31","slug":"eden-baie-naturiste-chambre-confort-rez-de-chaussee","status":"publish","type":"product","link":"https:\/\/booking-gaysejour.com\/gb\/guide\/eden-baie-naturiste-chambre-confort-rez-de-chaussee\/","title":{"rendered":"Confort room  @ Eden Baie Naturiste &#8211;  Saint-Quentin-sur-le-Homme"},"content":{"rendered":"<h3 style=\"text-align: left;\">14 m2 guestroom &#8211; queen size bed &#8211; shared bathroom<\/h3>\n<p>Situ\u00e9es \u00e0 la fronti\u00e8re de la Normandie et de la Bretagne et \u00e0 15min du Mont Saint Michel, 3 confortables chambres d&#8217;h\u00f4tes 100% naturistes dans un petit paradis de 7000m\u00b2 pour ceux qui d\u00e9sirent d\u00e9couvrir notre belle r\u00e9gion ( Mont Saint Michel- Saint Malo- Granville- Cancale ) et ses quelques plages (naturistes) \u00e0 proximit\u00e9 ou simplement se reposer et profiter de nos espaces.<\/p>\n<p>Grandes terrasses compos\u00e9es d&#8217;un espace lounge &#8211; solarium avec ses transats &#8211; jacuzzi de 10 personnes- Ouvert toute l&#8217;ann\u00e9e. BBQ<br \/>\nPetit d\u00e9jeuner inclus avec toutes les nuit\u00e9es, nous proposons un service de table d&#8217;h\u00f4tes pour le soir. ( sur r\u00e9servation pr\u00e9alable )<\/p>\n<p>Proche de toutes commodit\u00e9s et du centre ville d&#8217; Avranches.<br \/>\nParking privatif s\u00e9curis\u00e9.<\/p>\n<p>Dans l&#8217;esprit et l&#8217;\u00e9thique naturiste, visant au respect de chacun, EDEN BAIE accueille tout public : hommes, femmes, en couple ou seuls, entre amis ou en famille. Ce n&#8217;est pas un lieu de libertinage, ce qui n&#8217;emp\u00eache pas de faire des rencontres.<br \/>\nSi vous \u00eates non naturiste, nous vous proposons un g\u00eete ind\u00e9pendant ( capacit\u00e9 max. 8 pers) \u00e0 proximit\u00e9. Nos espaces naturistes vous seront toutefois ouverts si l&#8217;exp\u00e9rience vous tente &#8230;<\/p>\n","protected":false},"excerpt":{"rendered":"<p>14 m2 guestroom &#8211; queen size bed &#8211; shared bathroom Situ\u00e9es \u00e0 la fronti\u00e8re de la Normandie et de la Bretagne et \u00e0 15min du Mont Saint Michel, 3 confortables chambres d&#8217;h\u00f4tes 100% naturistes dans un petit paradis de 7000m\u00b2 pour ceux qui d\u00e9sirent d\u00e9couvrir notre belle r\u00e9gion ( Mont Saint Michel- Saint Malo- Granville-<a class=\"more-link\" href=\"https:\/\/booking-gaysejour.com\/gb\/guide\/eden-baie-naturiste-chambre-confort-rez-de-chaussee\/\">Read more  &#10230;<\/a><\/p>\n","protected":false},"featured_media":15719,"template":"","meta":[],"product_brand":[],"product_cat":[773,741,1038,782],"product_tag":[1306,1066],"class_list":{"0":"post-19192","1":"product","2":"type-product","3":"status-publish","4":"has-post-thumbnail","6":"product_cat-brittany","7":"product_cat-france-gb","8":"product_cat-guesthouse-bnb","9":"product_cat-normandy","10":"product_tag-naturiste-gb","11":"product_tag-spa-gb","12":"pa_1-type-chambre-hotes-gb","13":"pa_1-type-naturism","14":"pa_2-chambre-et-salle-de-bain-shared-bathroom","15":"pa_5-services-parking-on-premise","16":"pa_5-services-table-dhotes-gb-2","17":"pa_5-services-wifi-gratuit","18":"pa_6-installations-jacuzzi-gb","19":"yith_shop_vendor-eden-baie-naturist-mont-saint-michel","20":"yith_booking_service-petit-dejeuner-inclus-gb","22":"first","23":"instock","24":"virtual","25":"sold-individually","26":"purchasable","27":"product-type-booking"},"_links":{"self":[{"href":"https:\/\/booking-gaysejour.com\/gb\/wp-json\/wp\/v2\/product\/19192","targetHints":{"allow":["GET"]}}],"collection":[{"href":"https:\/\/booking-gaysejour.com\/gb\/wp-json\/wp\/v2\/product"}],"about":[{"href":"https:\/\/booking-gaysejour.com\/gb\/wp-json\/wp\/v2\/types\/product"}],"wp:featuredmedia":[{"embeddable":true,"href":"https:\/\/booking-gaysejour.com\/gb\/wp-json\/wp\/v2\/media\/15719"}],"wp:attachment":[{"href":"https:\/\/booking-gaysejour.com\/gb\/wp-json\/wp\/v2\/media?parent=19192"}],"wp:term":[{"taxonomy":"product_brand","embeddable":true,"href":"https:\/\/booking-gaysejour.com\/gb\/wp-json\/wp\/v2\/product_brand?post=19192"},{"taxonomy":"product_cat","embeddable":true,"href":"https:\/\/booking-gaysejour.com\/gb\/wp-json\/wp\/v2\/product_cat?post=19192"},{"taxonomy":"product_tag","embeddable":true,"href":"https:\/\/booking-gaysejour.com\/gb\/wp-json\/wp\/v2\/product_tag?post=19192"}],"curies":[{"name":"wp","href":"https:\/\/api.w.org\/{rel}","templated":true}]}}