{"id":19272,"date":"2019-11-25T10:27:30","date_gmt":"2019-11-25T09:27:30","guid":{"rendered":"https:\/\/www.booking-gaysejour.com\/chambre\/la-pierre-trouee-chambe-ardoise\/"},"modified":"2022-12-09T16:23:54","modified_gmt":"2022-12-09T15:23:54","slug":"la-pierre-trouee-chambe-ardoise","status":"publish","type":"product","link":"https:\/\/booking-gaysejour.com\/gb\/guide\/la-pierre-trouee-chambe-ardoise\/","title":{"rendered":"La Pierre Trou\u00e9e &#8211; Chambre L&#8217;ardoise"},"content":{"rendered":"<p><strong>Chambre avec lit double pour 1 ou 2 pers. salle de bain et wc privatif<\/strong><\/p>\n<p>Vous pourrez profiter d&#8217;un jardin am\u00e9nag\u00e9 avec terrain de boules, d&#8217;un espace d\u00e9tente uniquement sur r\u00e9servation car le bain Norv\u00e9gien et le sauna sont chauff\u00e9s au bois, factur\u00e9 en suppl\u00e9ment .<\/p>\n<p>Loisirs a proximit\u00e9 :<\/p>\n<p>Tennis et piscine du village gratuits \u00e0 200 m\u00e8tres juillet et aout.<\/p>\n<p>Lac de Naussac (base nautique) \u00e0 20 minutes.<\/p>\n<p>Lac de Charpal (tour balis\u00e9) \u00e0 20 minutes.<\/p>\n<p>Bagnols les bains (remise en forme) \u00e0 30 minutes.<\/p>\n<p>Une multitude de sentiers de randonn\u00e9e.<\/p>\n<p>En hiver:<\/p>\n<p>stations de ski de fond et de raquette \u00e0 Laubert (10 minutes) et \u00e0 la Baraque des Bouviers (30 minutes).<\/p>\n<p>Tarif petits d\u00e9jeuners inclus<\/p>\n<p>Animaux non accept\u00e9s.<\/p>\n","protected":false},"excerpt":{"rendered":"<p>Chambre avec lit double pour 1 ou 2 pers. salle de bain et wc privatif Vous pourrez profiter d&#8217;un jardin am\u00e9nag\u00e9 avec terrain de boules, d&#8217;un espace d\u00e9tente uniquement sur r\u00e9servation car le bain Norv\u00e9gien et le sauna sont chauff\u00e9s au bois, factur\u00e9 en suppl\u00e9ment . Loisirs a proximit\u00e9 : Tennis et piscine du village<a class=\"more-link\" href=\"https:\/\/booking-gaysejour.com\/gb\/guide\/la-pierre-trouee-chambe-ardoise\/\">Read more  &#10230;<\/a><\/p>\n","protected":false},"featured_media":7862,"template":"","meta":[],"product_brand":[],"product_cat":[805,741,1038],"product_tag":[],"class_list":{"0":"post-19272","1":"product","2":"type-product","3":"status-publish","4":"has-post-thumbnail","6":"product_cat-auvergne-rhone-alpes-gb","7":"product_cat-france-gb","8":"product_cat-guesthouse-bnb","9":"pa_1-type-chambre-hotes-gb","10":"pa_2-chambre-et-salle-de-bain-bathroom-towel","11":"pa_2-chambre-et-salle-de-bain-linen","12":"pa_5-services-table-dhotes-gb-2","13":"pa_5-services-wifi-gratuit","14":"pa_6-installations-jacuzzi-gb","15":"pa_6-installations-sauna-gb","16":"pa_6-installations-tv-room","17":"yith_shop_vendor-la-pierre-trouee-lozere","18":"yith_booking_service-petit-dejeuner-inclus-gb","20":"first","21":"instock","22":"featured","23":"virtual","24":"sold-individually","25":"purchasable","26":"product-type-booking"},"_links":{"self":[{"href":"https:\/\/booking-gaysejour.com\/gb\/wp-json\/wp\/v2\/product\/19272","targetHints":{"allow":["GET"]}}],"collection":[{"href":"https:\/\/booking-gaysejour.com\/gb\/wp-json\/wp\/v2\/product"}],"about":[{"href":"https:\/\/booking-gaysejour.com\/gb\/wp-json\/wp\/v2\/types\/product"}],"wp:featuredmedia":[{"embeddable":true,"href":"https:\/\/booking-gaysejour.com\/gb\/wp-json\/wp\/v2\/media\/7862"}],"wp:attachment":[{"href":"https:\/\/booking-gaysejour.com\/gb\/wp-json\/wp\/v2\/media?parent=19272"}],"wp:term":[{"taxonomy":"product_brand","embeddable":true,"href":"https:\/\/booking-gaysejour.com\/gb\/wp-json\/wp\/v2\/product_brand?post=19272"},{"taxonomy":"product_cat","embeddable":true,"href":"https:\/\/booking-gaysejour.com\/gb\/wp-json\/wp\/v2\/product_cat?post=19272"},{"taxonomy":"product_tag","embeddable":true,"href":"https:\/\/booking-gaysejour.com\/gb\/wp-json\/wp\/v2\/product_tag?post=19272"}],"curies":[{"name":"wp","href":"https:\/\/api.w.org\/{rel}","templated":true}]}}