{"id":22817,"date":"2020-02-03T11:13:06","date_gmt":"2020-02-03T10:13:06","guid":{"rendered":"https:\/\/www.booking-gaysejour.com\/chambre\/le-patio-du-pere-pigne-loft\/"},"modified":"2025-03-18T16:48:29","modified_gmt":"2025-03-18T15:48:29","slug":"le-patio-du-pere-pigne-chambre","status":"publish","type":"product","link":"https:\/\/booking-gaysejour.com\/gb\/guide\/le-patio-du-pere-pigne-chambre\/","title":{"rendered":"Chambre d&#8217;h\u00f4tes au Patio du P\u00e8re Pigne"},"content":{"rendered":"<h3>Guestroom &#8211; 2 guests &#8211; queen size\u00a0 bed &#8211; ensuite bathroom<\/h3>\n<p>We welcome you all year (or almost!) In our 270 m\u00b2 loft in 2 comfortable bedrooms, each with 160 x 200 bedding and a bathroom.<\/p>\n<p>At the Patio du P\u00e8re Pigne, a friendly stay awaits you, you will be welcomed by S\u00e9bastien &amp; Michel who open their doors.<\/p>\n<p>Enjoy the tranquility of the place, the patio and the roof terrace which offer you spaces in the sun or sheltered from the heat in the air-conditioned living room. Naturism possible.<\/p>\n<p>Massages available on request<\/p>\n<p>You will be offered to start the day, at the time of your choice, with a hearty breakfast, consisting among other things, of pastries, our homemade jams, a squeezed orange juice in the morning, fruit and yogurts and over the seasons, pastries, also homemade. Of course, a large selection of teas, as well as a good coffee.<\/p>\n<p>We are also in a region rich in a varied heritage, culturally and gastronomically, and we will be happy to advise you on the visits corresponding to your areas of interest, as well as the best places to eat.<\/p>\n<p>With a southern heart and a spicy accent, Perpignan looks towards Spain and the Orient, an eye on its past, a smile on its future &#8230; Plane trees and palm trees coexist along wide avenues flooded with sunlight. Their shadows make the beautiful sculptures of Maillol dance, proud in the hollow of a courtyard or some little square where a marble fountain sings. The haughty splendor of the Kings of Mallorca dominates the popular alleys overflowing with spices, fruits or fish, with a thousand flavors and scents from elsewhere &#8230;<\/p>\n<p>Capital of the Pyr\u00e9n\u00e9es-Orientales, Perpignan is also undoubtedly the capital of the Catalan Country! From the Patio du P\u00e8re Pigne you can walk into the historic heart of the city of the Kings of Majorca. From the Notre Dame du Castillet gate to the jewel of Gothic art, the Saint-Jean cathedral; from the Miranda Gardens of the Saint-Jacques Church to the Hyacinthe Rigaud Museum where Picasso stayed; from the Mediterranean Market in Place R\u00e9publique to the splendours of the Hotel Pams; without forgetting the picturesque streets and squares bathed in sunshine.<\/p>\n<p>But Perpignan is also the evenings in the Vauban halls, tapas bars on Avenue Leclerc, Street Arts festivals, VISA for photojournalism, Mediterranean, classical or jazz music without forgetting the sardanas to the sound of la cobla on summer evenings\u2026.<br \/>\nYou can also quickly access the beaches of Torreilles, the Bocal du Tech in Argeles sur Mer. The Dali Museum in Figueras, his house in Port LLigat or Barcelona are not far away &#8230;.<\/p>\n","protected":false},"excerpt":{"rendered":"<p>Guestroom &#8211; 2 guests &#8211; queen size\u00a0 bed &#8211; ensuite bathroom We welcome you all year (or almost!) In our 270 m\u00b2 loft in 2 comfortable bedrooms, each with 160 x 200 bedding and a bathroom. At the Patio du P\u00e8re Pigne, a friendly stay awaits you, you will be welcomed by S\u00e9bastien &amp; Michel<a class=\"more-link\" href=\"https:\/\/booking-gaysejour.com\/gb\/guide\/le-patio-du-pere-pigne-chambre\/\">Read more  &#10230;<\/a><\/p>\n","protected":false},"featured_media":57405,"template":"","meta":[],"product_brand":[],"product_cat":[741,1038,789],"product_tag":[1306],"class_list":{"0":"post-22817","1":"product","2":"type-product","3":"status-publish","4":"has-post-thumbnail","6":"product_cat-france-gb","7":"product_cat-guesthouse-bnb","8":"product_cat-occitania","9":"product_tag-naturiste-gb","10":"pa_1-type-chambre-hotes-gb","11":"pa_2-chambre-et-salle-de-bain-private-bathroom","12":"pa_5-services-climatisation-gb-2","13":"pa_5-services-table-dhotes-gb-2","14":"pa_5-services-wifi-gratuit","15":"yith_shop_vendor-bnb-lepatioduperepigne-perpignan","16":"yith_booking_service-petit-dejeuner-inclus-gb","18":"first","19":"instock","20":"featured","21":"virtual","22":"sold-individually","23":"purchasable","24":"product-type-booking"},"_links":{"self":[{"href":"https:\/\/booking-gaysejour.com\/gb\/wp-json\/wp\/v2\/product\/22817","targetHints":{"allow":["GET"]}}],"collection":[{"href":"https:\/\/booking-gaysejour.com\/gb\/wp-json\/wp\/v2\/product"}],"about":[{"href":"https:\/\/booking-gaysejour.com\/gb\/wp-json\/wp\/v2\/types\/product"}],"wp:featuredmedia":[{"embeddable":true,"href":"https:\/\/booking-gaysejour.com\/gb\/wp-json\/wp\/v2\/media\/57405"}],"wp:attachment":[{"href":"https:\/\/booking-gaysejour.com\/gb\/wp-json\/wp\/v2\/media?parent=22817"}],"wp:term":[{"taxonomy":"product_brand","embeddable":true,"href":"https:\/\/booking-gaysejour.com\/gb\/wp-json\/wp\/v2\/product_brand?post=22817"},{"taxonomy":"product_cat","embeddable":true,"href":"https:\/\/booking-gaysejour.com\/gb\/wp-json\/wp\/v2\/product_cat?post=22817"},{"taxonomy":"product_tag","embeddable":true,"href":"https:\/\/booking-gaysejour.com\/gb\/wp-json\/wp\/v2\/product_tag?post=22817"}],"curies":[{"name":"wp","href":"https:\/\/api.w.org\/{rel}","templated":true}]}}