{"id":23149,"date":"2020-02-04T16:54:30","date_gmt":"2020-02-04T15:54:30","guid":{"rendered":"https:\/\/www.booking-gaysejour.com\/chambre\/chambres-dhotes-labricotier-chambre-obidos\/"},"modified":"2025-03-18T16:48:28","modified_gmt":"2025-03-18T15:48:28","slug":"chambres-dhotes-labricotier-chambre-obidos","status":"publish","type":"product","link":"https:\/\/booking-gaysejour.com\/gb\/guide\/chambres-dhotes-labricotier-chambre-obidos\/","title":{"rendered":"Chambre Obidos"},"content":{"rendered":"<h3 style=\"text-align: left;\">Guestroom &#8211; 2 guests &#8211; double bed &#8211; ensuite bathroom<\/h3>\n<div>Vaste chambre, sur cour, avec acc\u00e8s pour personne \u00e0 mobilit\u00e9 r\u00e9duite, salle de bain et toilette privatifs, lit de 140 cm., acc\u00e8s privatif, t\u00e9l\u00e9vision, plateau avec caf\u00e9, th\u00e9 et tisane.<\/div>\n<div><\/div>\n<div>R\u00e9frig\u00e9rateur, \u00e0 disposition, en commun aux 3 chambres d&#8217;h\u00f4tes.<\/div>\n<div>\n<div><\/div>\n<div>Le <strong>petit-d\u00e9jeuner<\/strong> sera servi dans l&#8217;extension de notre maison ou sur la terrasse avec vue sur tout le jardin : confitures maison, salade de fruits ou compote compos\u00e9es en partie des fruits de notre jardin, g\u00e2teaux ou cr\u00eapes maison, pain, produits laitiers dont certains sont fabriqu\u00e9s localement.<\/div>\n<div><\/div>\n<div>Possibilit\u00e9 de diner \u00e0 la <strong>table d&#8217;h\u00f4tes<\/strong> de My Abri Cotier le soir sur r\u00e9servation.<\/div>\n<div><\/div>\n<div>Nos amis les animaux se partagent une partie de notre jardin (poules, canards, oies, perdrix, chevaux, chien et chat). Nous serons ravis de vous les pr\u00e9senter.<\/div>\n<\/div>\n","protected":false},"excerpt":{"rendered":"<p>Guestroom &#8211; 2 guests &#8211; double bed &#8211; ensuite bathroom Vaste chambre, sur cour, avec acc\u00e8s pour personne \u00e0 mobilit\u00e9 r\u00e9duite, salle de bain et toilette privatifs, lit de 140 cm., acc\u00e8s privatif, t\u00e9l\u00e9vision, plateau avec caf\u00e9, th\u00e9 et tisane. R\u00e9frig\u00e9rateur, \u00e0 disposition, en commun aux 3 chambres d&#8217;h\u00f4tes. Le petit-d\u00e9jeuner sera servi dans l&#8217;extension<a class=\"more-link\" href=\"https:\/\/booking-gaysejour.com\/gb\/guide\/chambres-dhotes-labricotier-chambre-obidos\/\">Read more  &#10230;<\/a><\/p>\n","protected":false},"featured_media":47742,"template":"","meta":[],"product_brand":[],"product_cat":[741,1038,801],"product_tag":[1309,1610,1659],"class_list":{"0":"post-23149","1":"product","2":"type-product","3":"status-publish","4":"has-post-thumbnail","6":"product_cat-france-gb","7":"product_cat-guesthouse-bnb","8":"product_cat-the-loire-country","9":"product_tag-disabled-accessility","10":"product_tag-instant-booking","11":"product_tag-seaside","12":"pa_2-chambre-et-salle-de-bain-bathroom-towel","13":"pa_2-chambre-et-salle-de-bain-disabled-access","14":"pa_2-chambre-et-salle-de-bain-hair-dryer","15":"pa_2-chambre-et-salle-de-bain-private-bathroom","16":"pa_2-chambre-et-salle-de-bain-tv-chambre-gb","17":"pa_5-services-climatisation-gb-2","18":"pa_5-services-handicap-gb","19":"pa_5-services-table-dhotes-gb-2","20":"pa_5-services-wifi-gratuit","21":"yith_shop_vendor-labri-cotier-atlantic","22":"yith_booking_service-petit-dejeuner-inclus-gb","24":"first","25":"instock","26":"featured","27":"virtual","28":"sold-individually","29":"purchasable","30":"product-type-booking"},"_links":{"self":[{"href":"https:\/\/booking-gaysejour.com\/gb\/wp-json\/wp\/v2\/product\/23149","targetHints":{"allow":["GET"]}}],"collection":[{"href":"https:\/\/booking-gaysejour.com\/gb\/wp-json\/wp\/v2\/product"}],"about":[{"href":"https:\/\/booking-gaysejour.com\/gb\/wp-json\/wp\/v2\/types\/product"}],"wp:featuredmedia":[{"embeddable":true,"href":"https:\/\/booking-gaysejour.com\/gb\/wp-json\/wp\/v2\/media\/47742"}],"wp:attachment":[{"href":"https:\/\/booking-gaysejour.com\/gb\/wp-json\/wp\/v2\/media?parent=23149"}],"wp:term":[{"taxonomy":"product_brand","embeddable":true,"href":"https:\/\/booking-gaysejour.com\/gb\/wp-json\/wp\/v2\/product_brand?post=23149"},{"taxonomy":"product_cat","embeddable":true,"href":"https:\/\/booking-gaysejour.com\/gb\/wp-json\/wp\/v2\/product_cat?post=23149"},{"taxonomy":"product_tag","embeddable":true,"href":"https:\/\/booking-gaysejour.com\/gb\/wp-json\/wp\/v2\/product_tag?post=23149"}],"curies":[{"name":"wp","href":"https:\/\/api.w.org\/{rel}","templated":true}]}}