{"id":23302,"date":"2020-02-05T10:02:46","date_gmt":"2020-02-05T09:02:46","guid":{"rendered":"https:\/\/www.booking-gaysejour.com\/chambre\/chambres-dhotes-labricotier-chambre-corvete\/"},"modified":"2025-03-18T16:48:28","modified_gmt":"2025-03-18T15:48:28","slug":"chambres-dhotes-labricotier-chambre-corvete","status":"publish","type":"product","link":"https:\/\/booking-gaysejour.com\/gb\/guide\/chambres-dhotes-labricotier-chambre-corvete\/","title":{"rendered":"Chambre Corvete"},"content":{"rendered":"<div style=\"text-align: center;\">\n<h3 style=\"text-align: left;\">Guestroom &#8211; 2 guests &#8211; queen size bed &#8211; ensuite bathroom<\/h3>\n<\/div>\n<div>Vaste chambre au 1er \u00e9tage, salle de bain et toilette privatifs, coin salon avec t\u00e9l\u00e9vision, plateau avec caf\u00e9, th\u00e9 et tisane. lit de 160 cm.<\/div>\n<div><\/div>\n<div>Notre maison se situe dans un lieu dit au calme, tout en \u00e9tant \u00e0 proximit\u00e9 de toutes commodit\u00e9s (plage gay \u00e0 15 kms, zone commerciale et de loisirs \u00e0 7 kms).<\/div>\n<div><\/div>\n<div>Le petit-d\u00e9jeuner sera servi dans l&#8217;extension de notre maison ou sur la terrasse avec vue sur tout le jardin : confitures maison, salade de fruits ou compote compos\u00e9es en partie des fruits de notre jardin, g\u00e2teaux ou cr\u00eapes maison, pain, produits laitiers dont certains sont fabriqu\u00e9s localement.<\/div>\n<div><\/div>\n<div>Naturisme possible selon les p\u00e9riodes.<\/div>\n<div><\/div>\n<div>Nos amis les animaux se partagent une partie de notre jardin (poules, canards, oies, perdrix, chevaux, chien et chat). Nous serons ravis de vous les pr\u00e9senter.<\/div>\n","protected":false},"excerpt":{"rendered":"<p>Guestroom &#8211; 2 guests &#8211; queen size bed &#8211; ensuite bathroom Vaste chambre au 1er \u00e9tage, salle de bain et toilette privatifs, coin salon avec t\u00e9l\u00e9vision, plateau avec caf\u00e9, th\u00e9 et tisane. lit de 160 cm. Notre maison se situe dans un lieu dit au calme, tout en \u00e9tant \u00e0 proximit\u00e9 de toutes commodit\u00e9s (plage<a class=\"more-link\" href=\"https:\/\/booking-gaysejour.com\/gb\/guide\/chambres-dhotes-labricotier-chambre-corvete\/\">Read more  &#10230;<\/a><\/p>\n","protected":false},"featured_media":47758,"template":"","meta":[],"product_brand":[],"product_cat":[741,1038,801],"product_tag":[1610,1324,1659],"class_list":{"0":"post-23302","1":"product","2":"type-product","3":"status-publish","4":"has-post-thumbnail","6":"product_cat-france-gb","7":"product_cat-guesthouse-bnb","8":"product_cat-the-loire-country","9":"product_tag-instant-booking","10":"product_tag-naturism","11":"product_tag-seaside","12":"pa_1-type-chambre-hotes-gb","13":"pa_2-chambre-et-salle-de-bain-air-conditioning","14":"pa_2-chambre-et-salle-de-bain-bathroom-towel","15":"pa_2-chambre-et-salle-de-bain-hair-dryer","16":"pa_2-chambre-et-salle-de-bain-private-bathroom","17":"pa_2-chambre-et-salle-de-bain-tv-chambre-gb","18":"pa_5-services-climatisation-gb-2","19":"pa_5-services-parking-on-premise","20":"pa_5-services-table-dhotes-gb-2","21":"pa_5-services-wifi-gratuit","22":"yith_shop_vendor-labri-cotier-atlantic","23":"yith_booking_service-petit-dejeuner-inclus-gb","25":"first","26":"instock","27":"featured","28":"virtual","29":"sold-individually","30":"purchasable","31":"product-type-booking"},"_links":{"self":[{"href":"https:\/\/booking-gaysejour.com\/gb\/wp-json\/wp\/v2\/product\/23302","targetHints":{"allow":["GET"]}}],"collection":[{"href":"https:\/\/booking-gaysejour.com\/gb\/wp-json\/wp\/v2\/product"}],"about":[{"href":"https:\/\/booking-gaysejour.com\/gb\/wp-json\/wp\/v2\/types\/product"}],"wp:featuredmedia":[{"embeddable":true,"href":"https:\/\/booking-gaysejour.com\/gb\/wp-json\/wp\/v2\/media\/47758"}],"wp:attachment":[{"href":"https:\/\/booking-gaysejour.com\/gb\/wp-json\/wp\/v2\/media?parent=23302"}],"wp:term":[{"taxonomy":"product_brand","embeddable":true,"href":"https:\/\/booking-gaysejour.com\/gb\/wp-json\/wp\/v2\/product_brand?post=23302"},{"taxonomy":"product_cat","embeddable":true,"href":"https:\/\/booking-gaysejour.com\/gb\/wp-json\/wp\/v2\/product_cat?post=23302"},{"taxonomy":"product_tag","embeddable":true,"href":"https:\/\/booking-gaysejour.com\/gb\/wp-json\/wp\/v2\/product_tag?post=23302"}],"curies":[{"name":"wp","href":"https:\/\/api.w.org\/{rel}","templated":true}]}}