{"id":23369,"date":"2020-02-06T13:55:40","date_gmt":"2020-02-06T12:55:40","guid":{"rendered":"https:\/\/www.booking-gaysejour.com\/chambre\/studio-avec-jardin-piscine-2-personnes\/"},"modified":"2020-03-06T13:37:09","modified_gmt":"2020-03-06T12:37:09","slug":"studio-avec-jardin-piscine-2-personnes","status":"publish","type":"product","link":"https:\/\/booking-gaysejour.com\/gb\/guide\/studio-avec-jardin-piscine-2-personnes\/","title":{"rendered":"Studio avec jardin &#038; piscine &#8211; 2 personnes"},"content":{"rendered":"<p style=\"text-align: center;\"><em><strong>Studio lit 160cm &#8211; 2 personnes &#8211; Salle de bain avec douche et baignoire<\/strong><\/em><br \/>\n<em><strong>Location possible en Juillet &amp; Aout\u00a0uniquement<\/strong><\/em><\/p>\n<p>Aux portes de Montpellier (5 Min), entre les plages et la rivi\u00e8re des\u00a0Gorges de L&#8217;H\u00e9rault au c\u0153ur d&#8217;un village typique du Sud de la France,\u00a0Languedoc Roussillon. <strong>Steph &amp; Greg<\/strong> vous ouvrent leur villa. Vous\u00a0vous trouverez dans un cadre de verdure au calme avec terrasse\u00a0privative.<\/p>\n<p><strong>Studio avec terrasse privative<\/strong> dans une villa avec jardin aux essences m\u00e9diterran\u00e9ennes et tropicales.\u00a0Adoucisseur d&#8217;eau pour votre confort.<\/p>\n<p>Coin cuisine avec r\u00e9frig\u00e9rateur et cuisine \u00e9quip\u00e9e avec micro-ondes et frigo.\u00a0Cuisine d&#8217;\u00e9t\u00e9 avec plancha ext\u00e9rieure.<\/p>\n<p>Lit &#8220;QUEEN SIZE&#8221; 160 x 190 x 18 + sur-matelas confort enveloppant latex + 4 oreillers + couette &amp; alaises.<\/p>\n<p>Salle de bain avec douche et baignoire +\u00a0 WC.<\/p>\n<p>Terrasse privative avec 1 table et 2 chaises<\/p>\n<p>Salons ombrag\u00e9s \u00e0 disposition<\/p>\n<p>Jardin 800M2 aux essences m\u00e9diterran\u00e9ennes et tropicales avec &#8220;Lounge bed&#8221;, Transats &amp; &#8220;FAT BOY&#8221;<\/p>\n<p><strong>Piscine 8 X 4 m\u00e8tres<\/strong><\/p>\n<p><strong>Spa en option<\/strong> sur rdv avec massage bien-\u00eatre, hammam, sauna\u00a0infrarouge, naturopathie, bain aux algues de mer et aux huiles\u00a0essentielles bio avec tarif pr\u00e9f\u00e9rentiel.<\/p>\n<p>Lave-linge &amp; s\u00e8che linge disponible sur demande en option<\/p>\n<p>Non fumeur \u00e0 l&#8217;int\u00e9rieur<\/p>\n<p><strong>Plages gay<\/strong> de l&#8217;Espiguette, du Grand Travers (Grande Motte), des Aresquiers (Frontignan) et de Villeuneuve les Maguelones.<\/p>\n","protected":false},"excerpt":{"rendered":"<p>Studio lit 160cm &#8211; 2 personnes &#8211; Salle de bain avec douche et baignoire Location possible en Juillet &amp; Aout\u00a0uniquement Aux portes de Montpellier (5 Min), entre les plages et la rivi\u00e8re des\u00a0Gorges de L&#8217;H\u00e9rault au c\u0153ur d&#8217;un village typique du Sud de la France,\u00a0Languedoc Roussillon. Steph &amp; Greg vous ouvrent leur villa. Vous\u00a0vous trouverez<a class=\"more-link\" href=\"https:\/\/booking-gaysejour.com\/gb\/guide\/studio-avec-jardin-piscine-2-personnes\/\">Read more  &#10230;<\/a><\/p>\n","protected":false},"featured_media":20716,"template":"","meta":[],"product_brand":[],"product_cat":[741,789],"product_tag":[],"class_list":{"0":"post-23369","1":"product","2":"type-product","3":"status-publish","4":"has-post-thumbnail","6":"product_cat-france-gb","7":"product_cat-occitania","8":"pa_5-services-wifi-gb","10":"first","11":"instock","12":"virtual","13":"sold-individually","14":"purchasable","15":"product-type-booking"},"_links":{"self":[{"href":"https:\/\/booking-gaysejour.com\/gb\/wp-json\/wp\/v2\/product\/23369","targetHints":{"allow":["GET"]}}],"collection":[{"href":"https:\/\/booking-gaysejour.com\/gb\/wp-json\/wp\/v2\/product"}],"about":[{"href":"https:\/\/booking-gaysejour.com\/gb\/wp-json\/wp\/v2\/types\/product"}],"wp:featuredmedia":[{"embeddable":true,"href":"https:\/\/booking-gaysejour.com\/gb\/wp-json\/wp\/v2\/media\/20716"}],"wp:attachment":[{"href":"https:\/\/booking-gaysejour.com\/gb\/wp-json\/wp\/v2\/media?parent=23369"}],"wp:term":[{"taxonomy":"product_brand","embeddable":true,"href":"https:\/\/booking-gaysejour.com\/gb\/wp-json\/wp\/v2\/product_brand?post=23369"},{"taxonomy":"product_cat","embeddable":true,"href":"https:\/\/booking-gaysejour.com\/gb\/wp-json\/wp\/v2\/product_cat?post=23369"},{"taxonomy":"product_tag","embeddable":true,"href":"https:\/\/booking-gaysejour.com\/gb\/wp-json\/wp\/v2\/product_tag?post=23369"}],"curies":[{"name":"wp","href":"https:\/\/api.w.org\/{rel}","templated":true}]}}