{"id":23392,"date":"2020-02-06T17:21:25","date_gmt":"2020-02-06T16:21:25","guid":{"rendered":"https:\/\/www.booking-gaysejour.com\/chambre\/maison-de-vacances\/"},"modified":"2020-11-27T22:47:54","modified_gmt":"2020-11-27T21:47:54","slug":"maison-de-vacances","status":"publish","type":"product","link":"https:\/\/booking-gaysejour.com\/gb\/guide\/maison-de-vacances\/","title":{"rendered":"Maison de vacances avec piscine"},"content":{"rendered":"<h3>House rental &#8211; 4 guests &#8211; 2 bedrooms &#8211; 1 bathroom<\/h3>\n<p>Dot\u00e9e d&#8217;une piscine ext\u00e9rieure et d&#8217;un jacuzzi ouverts en saison, la Demeure de Charme entre Lacs et Montagnes vous accueille au Pont-de-Beauvoisin, \u00e0 40 km de Bourgoin.<\/p>\n<p>La maison de vacances comprend 2 chambres, une t\u00e9l\u00e9vision \u00e0 \u00e9cran plat, un lave-linge et une salle de bain. Sa cuisine est \u00e9quip\u00e9e d\u2019un lave-vaisselle et d\u2019un micro-ondes. Le linge de lit et les serviettes sont fournies.<\/p>\n<p>Sur place, vous pourrez profiter d\u2019un spa. Un jardin, un barbecue et une terrasse vous attendent \u00e9galement \u00e0 la Demeure de Charme entre Lacs et Montagnes.<\/p>\n<p>Vous b\u00e9n\u00e9ficierez gratuitement d\u2019un parking priv\u00e9 et d\u2019une connexion Wi-Fi.<\/p>\n","protected":false},"excerpt":{"rendered":"<p>House rental &#8211; 4 guests &#8211; 2 bedrooms &#8211; 1 bathroom Dot\u00e9e d&#8217;une piscine ext\u00e9rieure et d&#8217;un jacuzzi ouverts en saison, la Demeure de Charme entre Lacs et Montagnes vous accueille au Pont-de-Beauvoisin, \u00e0 40 km de Bourgoin. La maison de vacances comprend 2 chambres, une t\u00e9l\u00e9vision \u00e0 \u00e9cran plat, un lave-linge et une salle<a class=\"more-link\" href=\"https:\/\/booking-gaysejour.com\/gb\/guide\/maison-de-vacances\/\">Read more  &#10230;<\/a><\/p>\n","protected":false},"featured_media":21198,"template":"","meta":[],"product_brand":[],"product_cat":[724],"product_tag":[],"class_list":{"0":"post-23392","1":"product","2":"type-product","3":"status-publish","4":"has-post-thumbnail","6":"product_cat-france","8":"first","9":"instock","10":"featured","11":"sold-individually","12":"shipping-taxable","13":"purchasable","14":"product-type-booking"},"_links":{"self":[{"href":"https:\/\/booking-gaysejour.com\/gb\/wp-json\/wp\/v2\/product\/23392","targetHints":{"allow":["GET"]}}],"collection":[{"href":"https:\/\/booking-gaysejour.com\/gb\/wp-json\/wp\/v2\/product"}],"about":[{"href":"https:\/\/booking-gaysejour.com\/gb\/wp-json\/wp\/v2\/types\/product"}],"wp:featuredmedia":[{"embeddable":true,"href":"https:\/\/booking-gaysejour.com\/gb\/wp-json\/wp\/v2\/media\/21198"}],"wp:attachment":[{"href":"https:\/\/booking-gaysejour.com\/gb\/wp-json\/wp\/v2\/media?parent=23392"}],"wp:term":[{"taxonomy":"product_brand","embeddable":true,"href":"https:\/\/booking-gaysejour.com\/gb\/wp-json\/wp\/v2\/product_brand?post=23392"},{"taxonomy":"product_cat","embeddable":true,"href":"https:\/\/booking-gaysejour.com\/gb\/wp-json\/wp\/v2\/product_cat?post=23392"},{"taxonomy":"product_tag","embeddable":true,"href":"https:\/\/booking-gaysejour.com\/gb\/wp-json\/wp\/v2\/product_tag?post=23392"}],"curies":[{"name":"wp","href":"https:\/\/api.w.org\/{rel}","templated":true}]}}