{"id":23412,"date":"2020-02-07T10:45:37","date_gmt":"2020-02-07T09:45:37","guid":{"rendered":"https:\/\/www.booking-gaysejour.com\/chambre\/chateau-des-rosieres-chambre-de-la-cour\/"},"modified":"2025-03-18T16:42:16","modified_gmt":"2025-03-18T15:42:16","slug":"chateau-des-rosieres-chambre-de-la-cour","status":"publish","type":"product","link":"https:\/\/booking-gaysejour.com\/gb\/guide\/chateau-des-rosieres-chambre-de-la-cour\/","title":{"rendered":"Chambre de la Cour"},"content":{"rendered":"<h3>Guestroom &#8211; 3 guests &#8211; queen size bed &#8211; private bathroom<\/h3>\n<p>Apr\u00e8s vint ann\u00e9es de restauration, le ch\u00e2teau a gard\u00e9 son authenticit\u00e9, chemin\u00e9es du 14\u00e8me, colombage 15\u00e8me .. La chambre de la Cour est dans la b\u00e2timent en face du ch\u00e2teau. Chambre avec lit double, lit simple et salle de bain ouverte sur la chambre (pas de cloison, seulement des rideaux de s\u00e9paration).<\/p>\n<p>Les petits d\u00e9jeuners sont servis dans le grand ou le petit salon du ch\u00e2teau.<\/p>\n<p>Le grand salon est un espace commun pour acc\u00e9der \u00e0 la wifi.<\/p>\n<p>Jardins et terrasse accessibles aux h\u00f4tes.<\/p>\n","protected":false},"excerpt":{"rendered":"<p>Guestroom &#8211; 3 guests &#8211; queen size bed &#8211; private bathroom Apr\u00e8s vint ann\u00e9es de restauration, le ch\u00e2teau a gard\u00e9 son authenticit\u00e9, chemin\u00e9es du 14\u00e8me, colombage 15\u00e8me .. La chambre de la Cour est dans la b\u00e2timent en face du ch\u00e2teau. Chambre avec lit double, lit simple et salle de bain ouverte sur la chambre<a class=\"more-link\" href=\"https:\/\/booking-gaysejour.com\/gb\/guide\/chateau-des-rosieres-chambre-de-la-cour\/\">Read more  &#10230;<\/a><\/p>\n","protected":false},"featured_media":21230,"template":"","meta":[],"product_brand":[],"product_cat":[780,741,1038],"product_tag":[1310],"class_list":{"0":"post-23412","1":"product","2":"type-product","3":"status-publish","4":"has-post-thumbnail","6":"product_cat-burgundy-franche-comte-gb","7":"product_cat-france-gb","8":"product_cat-guesthouse-bnb","9":"product_tag-castle","10":"pa_1-type-chambre-hotes-gb","11":"pa_2-chambre-et-salle-de-bain-private-bathroom","12":"pa_5-services-parking-on-premise","13":"pa_5-services-table-dhotes-gb-2","14":"pa_5-services-wifi-gratuit","15":"pa_6-installations-fireplace","16":"yith_shop_vendor-chateau-des-rosieres-burgundy","17":"yith_booking_service-petit-dejeuner-inclus-gb","19":"first","20":"instock","21":"featured","22":"virtual","23":"sold-individually","24":"purchasable","25":"product-type-booking"},"_links":{"self":[{"href":"https:\/\/booking-gaysejour.com\/gb\/wp-json\/wp\/v2\/product\/23412","targetHints":{"allow":["GET"]}}],"collection":[{"href":"https:\/\/booking-gaysejour.com\/gb\/wp-json\/wp\/v2\/product"}],"about":[{"href":"https:\/\/booking-gaysejour.com\/gb\/wp-json\/wp\/v2\/types\/product"}],"wp:featuredmedia":[{"embeddable":true,"href":"https:\/\/booking-gaysejour.com\/gb\/wp-json\/wp\/v2\/media\/21230"}],"wp:attachment":[{"href":"https:\/\/booking-gaysejour.com\/gb\/wp-json\/wp\/v2\/media?parent=23412"}],"wp:term":[{"taxonomy":"product_brand","embeddable":true,"href":"https:\/\/booking-gaysejour.com\/gb\/wp-json\/wp\/v2\/product_brand?post=23412"},{"taxonomy":"product_cat","embeddable":true,"href":"https:\/\/booking-gaysejour.com\/gb\/wp-json\/wp\/v2\/product_cat?post=23412"},{"taxonomy":"product_tag","embeddable":true,"href":"https:\/\/booking-gaysejour.com\/gb\/wp-json\/wp\/v2\/product_tag?post=23412"}],"curies":[{"name":"wp","href":"https:\/\/api.w.org\/{rel}","templated":true}]}}