{"id":33772,"date":"2020-06-10T23:06:49","date_gmt":"2020-06-10T21:06:49","guid":{"rendered":"https:\/\/www.booking-gaysejour.com\/?post_type=product&#038;p=33772"},"modified":"2025-03-18T16:48:19","modified_gmt":"2025-03-18T15:48:19","slug":"le-moulin-de-gontard-suite","status":"publish","type":"product","link":"https:\/\/booking-gaysejour.com\/gb\/guide\/le-moulin-de-gontard-suite\/","title":{"rendered":"La Suite du Moulin de Gontard"},"content":{"rendered":"<h3>3 guestrooms &#8211;\u00a0 5\u00a0 guests &#8211; private bathroom<\/h3>\n<p>Au c\u0153ur des <strong>Mauges<\/strong>, dans un \u00e9crin de verdure, d\u00e9couvrez notre suite <strong>Suite de 3 chambres pour 1 \u00e0 \u00a05 pers. <\/strong>avec salle d&#8217;eau avec douche privative<\/p>\n<p><strong>Spa, bain de soleil et Hamac<\/strong> vous attendent pour compl\u00e8tement vous relaxer. Ici, tout est tellement bucolique que l&#8217;on s&#8217;attend \u00e0 voir Blanche Neige au bout du chemin (d&#8217;ailleurs j&#8217;ai cru voir quelques nains dissimul\u00e9s dans la v\u00e9g\u00e9tation&#8230;).<\/p>\n<p>Venez partager avec nous la joie de vivre en campagne parmi chiens, chats, poules, oies, \u00e2ne, ch\u00e8vre et autres compagnons.<\/p>\n<p>Si le c\u0153ur vous en dit, \u00e0 moins d&#8217;une heure, vous pourrez faire un tour en <strong>Anjou<\/strong> d\u00e9couvrir les vins, les champignons ou les maisons troglodytes. Ou alors, aller au <strong>Puy du Fou<\/strong>, visiter divers mus\u00e9es sur les m\u00e9tiers d&#8217;hier et d&#8217;aujourd&#8217;hui ( La maison du mineur, M\u00e9tier de la chaussure, du textile&#8230;), Faire du Kayak sur la Loire ou aller au Zoo ( La boissi\u00e8re du Dor\u00e9, Natural Parc). Vous pr\u00e9f\u00e9rez les fleurs, Allez visiter le Parc Camifolia \u00e0 10 minutes de la maison. Au Milieu de rien, nous sommes pr\u00e8s de tout !<\/p>\n<p>Le matin, nous partagerons un<strong> petit-d\u00e9jeuner<\/strong> avec Boisson chaude, pain confiture, viennoiserie mais aussi yaourt, fromages, charcuteries&#8230;<\/p>\n<p>Si vous le d\u00e9sirez, nous partagerons notre <strong>d\u00eener<\/strong> o\u00f9 nous pourrons d\u00e9guster de bons plats mijot\u00e9s comme chez mamie avec des bons produits du coin.<\/p>\n<p>Le soir, vous pourrez vous relaxer dans le salon aux meules o\u00f9 les anciens m\u00e9canismes du moulin sont rest\u00e9s en place et procurent \u00e0 la pi\u00e8ce chaleur et nostalgie.<\/p>\n<p>Si vous le pr\u00e9f\u00e9rerez, une <strong>machine \u00e0 boissons chaudes<\/strong> vous attend dans votre chambre et vous pourrez profiter pleinement du calme des lieux en regardant \u00a0la t\u00e9l\u00e9 ou en naviguant sur votre smartphone gr\u00e2ce \u00e0 la <strong>WIFI accessible gratuitemen<\/strong>t.<\/p>\n<div>Le matin, Nous partagerons un\u00a0<strong>petit-d\u00e9jeuner<\/strong>\u00a0avec Boisson chaude, pain confiture, viennoiserie mais aussi yaourt, fromages, charcuteries&#8230;<\/div>\n<div><\/div>\n<div>Si vous le d\u00e9sirez, nous partagerons notre\u00a0<strong>d\u00eener<\/strong>\u00a0o\u00f9 nous pourrons d\u00e9guster de bons plats mijot\u00e9s comme chez mamie avec des bons produits du coin.<\/div>\n<div><\/div>\n<div>Le soir, vous pourrez vous relaxer dans le salon des meules o\u00f9 les anciens m\u00e9canismes du moulin sont rest\u00e9s en place et procurent \u00e0 la pi\u00e8ce chaleur et nostalgie.<\/div>\n<div><\/div>\n<div>Si vous le pr\u00e9f\u00e9rerez, une\u00a0<strong>machine \u00e0 boissons chaudes<\/strong>\u00a0vous attend dans votre chambre et vous pourrez profiter pleinement du calme des lieux en regardant\u00a0 la t\u00e9l\u00e9 ou en naviguant sur votre smartphone gr\u00e2ce \u00e0 la<strong>\u00a0WIFI<\/strong>\u00a0accessible gratuitement.<\/div>\n<div><\/div>\n<div>Vos compagnons \u00e0 plumes, poils ou \u00e9cailles sont les bienvenus \u00e0 partir du moment o\u00f9 ils tol\u00e8rent ceux r\u00e9sidant au moulin.<\/div>\n","protected":false},"excerpt":{"rendered":"<p>3 guestrooms &#8211;\u00a0 5\u00a0 guests &#8211; private bathroom Au c\u0153ur des Mauges, dans un \u00e9crin de verdure, d\u00e9couvrez notre suite Suite de 3 chambres pour 1 \u00e0 \u00a05 pers. avec salle d&#8217;eau avec douche privative Spa, bain de soleil et Hamac vous attendent pour compl\u00e8tement vous relaxer. Ici, tout est tellement bucolique que l&#8217;on s&#8217;attend<a class=\"more-link\" href=\"https:\/\/booking-gaysejour.com\/gb\/guide\/le-moulin-de-gontard-suite\/\">Read more  &#10230;<\/a><\/p>\n","protected":false},"featured_media":16721,"template":"","meta":[],"product_brand":[],"product_cat":[741,1038,801,1061],"product_tag":[1064,1323,1314,1319,1066],"class_list":{"0":"post-33772","1":"product","2":"type-product","3":"status-publish","4":"has-post-thumbnail","6":"product_cat-france-gb","7":"product_cat-guesthouse-bnb","8":"product_cat-the-loire-country","9":"product_cat-the-reunion-island","10":"product_tag-gay-only-gb","11":"product_tag-meal-service","12":"product_tag-pets-welcome","13":"product_tag-puy-du-fou-gb","14":"product_tag-spa-gb","15":"pa_1-type-gay-men-only","16":"pa_1-type-chambre-hotes-gb","17":"pa_2-chambre-et-salle-de-bain-private-bathroom","18":"pa_5-services-parking-on-premise","19":"pa_5-services-table-dhotes-gb-2","20":"pa_6-installations-jacuzzi-gb","21":"yith_shop_vendor-le-moulin-de-gontard-maine-et-loire-france","22":"yith_booking_service-petit-dejeuner-inclus-gb","24":"first","25":"instock","26":"featured","27":"virtual","28":"sold-individually","29":"purchasable","30":"product-type-booking"},"_links":{"self":[{"href":"https:\/\/booking-gaysejour.com\/gb\/wp-json\/wp\/v2\/product\/33772","targetHints":{"allow":["GET"]}}],"collection":[{"href":"https:\/\/booking-gaysejour.com\/gb\/wp-json\/wp\/v2\/product"}],"about":[{"href":"https:\/\/booking-gaysejour.com\/gb\/wp-json\/wp\/v2\/types\/product"}],"wp:featuredmedia":[{"embeddable":true,"href":"https:\/\/booking-gaysejour.com\/gb\/wp-json\/wp\/v2\/media\/16721"}],"wp:attachment":[{"href":"https:\/\/booking-gaysejour.com\/gb\/wp-json\/wp\/v2\/media?parent=33772"}],"wp:term":[{"taxonomy":"product_brand","embeddable":true,"href":"https:\/\/booking-gaysejour.com\/gb\/wp-json\/wp\/v2\/product_brand?post=33772"},{"taxonomy":"product_cat","embeddable":true,"href":"https:\/\/booking-gaysejour.com\/gb\/wp-json\/wp\/v2\/product_cat?post=33772"},{"taxonomy":"product_tag","embeddable":true,"href":"https:\/\/booking-gaysejour.com\/gb\/wp-json\/wp\/v2\/product_tag?post=33772"}],"curies":[{"name":"wp","href":"https:\/\/api.w.org\/{rel}","templated":true}]}}