{"id":38632,"date":"2020-01-20T15:00:45","date_gmt":"2020-01-20T14:00:45","guid":{"rendered":"https:\/\/www.booking-gaysejour.com\/room\/villa-london-chalet\/"},"modified":"2025-03-18T16:42:20","modified_gmt":"2025-03-18T15:42:20","slug":"villa-london-chalet","status":"publish","type":"product","link":"https:\/\/booking-gaysejour.com\/gb\/guide\/villa-london-chalet\/","title":{"rendered":"Les Granges des Camar-gays \u2013 Chambre Boh\u00e8me"},"content":{"rendered":"<h3>Guestroom 2 guests &#8211; queen size bed &#8211; ensuite bathroom<\/h3>\n<p>Chambre d\u2019h\u00f4tes double avec salle de bain privative.<\/p>\n<p>Venez profiter de notre <strong>piscine<\/strong> 10*5 m, de notre <strong>spa jacuzzi<\/strong> et du <strong>sauna<\/strong>.<\/p>\n<p><strong>Naturisme<\/strong> bienvenue si vous le souhaitez<\/p>\n<p><strong>Table d\u2019h\u00f4tes<\/strong> dur r\u00e9servation..<\/p>\n<p>Les<strong> petit-d\u00e9jeuners<\/strong> ne sont pas inclus dans le prix de base de la chambre et sont propos\u00e9s en option.<\/p>\n","protected":false},"excerpt":{"rendered":"<p>Guestroom 2 guests &#8211; queen size bed &#8211; ensuite bathroom Chambre d\u2019h\u00f4tes double avec salle de bain privative. Venez profiter de notre piscine 10*5 m, de notre spa jacuzzi et du sauna. Naturisme bienvenue si vous le souhaitez Table d\u2019h\u00f4tes dur r\u00e9servation.. Les petit-d\u00e9jeuners ne sont pas inclus dans le prix de base de la<a class=\"more-link\" href=\"https:\/\/booking-gaysejour.com\/gb\/guide\/villa-london-chalet\/\">Read more  &#10230;<\/a><\/p>\n","protected":false},"featured_media":51653,"template":"","meta":[],"product_brand":[],"product_cat":[741,1038,789],"product_tag":[1323,1306,1316,1066,1223],"class_list":{"0":"post-38632","1":"product","2":"type-product","3":"status-publish","4":"has-post-thumbnail","6":"product_cat-france-gb","7":"product_cat-guesthouse-bnb","8":"product_cat-occitania","9":"product_tag-meal-service","10":"product_tag-naturiste-gb","11":"product_tag-sauna-gb","12":"product_tag-spa-gb","13":"product_tag-piscine-gb","14":"pa_1-type-gay-men-only","15":"pa_1-type-chambre-hotes-gb","16":"pa_1-type-naturism","17":"pa_2-chambre-et-salle-de-bain-air-conditioning","18":"pa_2-chambre-et-salle-de-bain-bathroom-towel","19":"pa_2-chambre-et-salle-de-bain-private-bathroom","20":"pa_2-chambre-et-salle-de-bain-terrasse-privative-gb","21":"pa_5-services-parking-on-premise","22":"pa_5-services-table-dhotes-gb-2","23":"pa_5-services-wifi-gratuit","24":"pa_6-installations-jacuzzi-gb","25":"pa_6-installations-piscine-gb","26":"pa_6-installations-sauna-gb","27":"yith_shop_vendor-les-granges-des-camar-gays-gard","28":"yith_booking_service-petit-dejeuner-inclus-gb","30":"first","31":"instock","32":"featured","33":"virtual","34":"sold-individually","35":"purchasable","36":"product-type-booking"},"_links":{"self":[{"href":"https:\/\/booking-gaysejour.com\/gb\/wp-json\/wp\/v2\/product\/38632","targetHints":{"allow":["GET"]}}],"collection":[{"href":"https:\/\/booking-gaysejour.com\/gb\/wp-json\/wp\/v2\/product"}],"about":[{"href":"https:\/\/booking-gaysejour.com\/gb\/wp-json\/wp\/v2\/types\/product"}],"wp:featuredmedia":[{"embeddable":true,"href":"https:\/\/booking-gaysejour.com\/gb\/wp-json\/wp\/v2\/media\/51653"}],"wp:attachment":[{"href":"https:\/\/booking-gaysejour.com\/gb\/wp-json\/wp\/v2\/media?parent=38632"}],"wp:term":[{"taxonomy":"product_brand","embeddable":true,"href":"https:\/\/booking-gaysejour.com\/gb\/wp-json\/wp\/v2\/product_brand?post=38632"},{"taxonomy":"product_cat","embeddable":true,"href":"https:\/\/booking-gaysejour.com\/gb\/wp-json\/wp\/v2\/product_cat?post=38632"},{"taxonomy":"product_tag","embeddable":true,"href":"https:\/\/booking-gaysejour.com\/gb\/wp-json\/wp\/v2\/product_tag?post=38632"}],"curies":[{"name":"wp","href":"https:\/\/api.w.org\/{rel}","templated":true}]}}