{"id":44651,"date":"2020-10-07T10:08:36","date_gmt":"2020-10-07T08:08:36","guid":{"rendered":"https:\/\/new.booking-gaysejour.com\/room\/relais-de-fontenailles-gite\/"},"modified":"2025-03-18T16:36:26","modified_gmt":"2025-03-18T15:36:26","slug":"relais-de-fontenailles-gite","status":"publish","type":"product","link":"https:\/\/booking-gaysejour.com\/gb\/guide\/relais-de-fontenailles-gite\/","title":{"rendered":"Le g\u00eete du Relais de Fontenailles"},"content":{"rendered":"<h3>Gite 6 \u00e0 8 personnes &#8211; 3 chambres &#8211; 2 nuits minimum ou 7 nuits minimum en Juillet &amp; Aout<\/h3>\n<p>Le gite du Relais de Fontenailles (capacit\u00e9 6 \u00e0 8 personnes) est situ\u00e9 en bordure du village de Fontenailles (89560) \u00e0 c\u00f4t\u00e9 du Relais de Fontenailles (capacit\u00e9 10 \u00e0 12 personnes).<\/p>\n<p>Havre de paix, id\u00e9al pour se ressourcer, faire un break, \u00e9crire&#8230; le g\u00eete vous permet une totale ind\u00e9pendance et de profiter des commodit\u00e9s des chambres d\u2019h\u00f4tes du Relais de Fontenailles: la piscine (5 X 10 m) chauff\u00e9e de mai \u00e0 septembre accessible de 10h \u00e0 16h pour les occupants du g\u00eete et plus en fonction de l\u2019occupation des chambres d\u2019h\u00f4tes, le sauna finlandais et la salle de fitness.<\/p>\n<p>Pour les grands groupes (jusqu\u2019\u00e0 20 personnes), possibilit\u00e9 de privatiser le G\u00eete du Relais de Fontenailles et les chambres d\u2019h\u00f4tes du Relais de Fontenailles. Pour cela nous contacter par mail ou par t\u00e9l\u00e9phone.<\/p>\n<h1>La maison<\/h1>\n<p class=\"desc\">La maison de 150m2 compos\u00e9e d\u2019une partie ancienne en pierre enti\u00e8rement r\u00e9nov\u00e9e et d\u2019une pi\u00e8ce neuve aux 3\/4 vitr\u00e9e, offre une jolie vue sur la campagne vallon\u00e9e et est situ\u00e9e sur un terrain arbor\u00e9, clos de 800 m2.<\/p>\n<p class=\"desc\">La r\u00e9novation m\u00e9lange harmonieusement le charme des mat\u00e9riaux anciens (poutres, pierres naturelles de Bourgogne, tomettes) et le confort des mat\u00e9riaux modernes (parquets flottants dans les chambres et pi\u00e8ce \u00e0 vivre de 40m2 presque enti\u00e8rement vitr\u00e9e).<\/p>\n<p>La d\u00e9coration est sobre et raffin\u00e9e.<\/p>\n<p class=\"desc\"><strong>Description :<\/strong><\/p>\n<p><strong>Rez de chauss\u00e9e :<\/strong>\u00a0Entr\u00e9e, cuisine am\u00e9nag\u00e9e, grande verri\u00e8re avec salon et salle \u00e0 manger ouvrant sur terrasse en balcon, chambre (lit de 180 cm) avec salle d\u2019eau (douche italienne en pierres de Bourgogne), WC.<\/p>\n<p><strong>1er \u00e9tage :<\/strong>\u00a02 chambres (lits de 160 cm), patio ouvrant sur solarium\/terrasse de 40m2, salle de bain avec WC<\/p>\n<p><strong>Equipements int\u00e9rieurs :\u00a0<\/strong>cong\u00e9lateur\/frigo, lave vaisselle, lave linge, s\u00e8che linge, micro ondes, TV, lecteur DVD\/Blue Ray<\/p>\n<p><strong>Equipements ext\u00e9rieurs :<\/strong>\u00a0salons de jardin, barbecue, piscine priv\u00e9e du Relais de Fontenailles (acc\u00e8s libre de 10h \u00e0 16h)<\/p>\n","protected":false},"excerpt":{"rendered":"<p>Gite 6 \u00e0 8 personnes &#8211; 3 chambres &#8211; 2 nuits minimum ou 7 nuits minimum en Juillet &amp; Aout Le gite du Relais de Fontenailles (capacit\u00e9 6 \u00e0 8 personnes) est situ\u00e9 en bordure du village de Fontenailles (89560) \u00e0 c\u00f4t\u00e9 du Relais de Fontenailles (capacit\u00e9 10 \u00e0 12 personnes). Havre de paix, id\u00e9al<a class=\"more-link\" href=\"https:\/\/booking-gaysejour.com\/gb\/guide\/relais-de-fontenailles-gite\/\">Read more  &#10230;<\/a><\/p>\n","protected":false},"featured_media":37290,"template":"","meta":[],"product_brand":[],"product_cat":[780,741],"product_tag":[1223],"class_list":{"0":"post-44651","1":"product","2":"type-product","3":"status-publish","4":"has-post-thumbnail","6":"product_cat-burgundy-franche-comte-gb","7":"product_cat-france-gb","8":"product_tag-piscine-gb","9":"pa_1-type-holiday-rental","10":"pa_2-chambre-et-salle-de-bain-private-bathroom","11":"pa_5-services-parking-on-premise","12":"pa_5-services-washer","13":"pa_5-services-wifi-gratuit","14":"pa_6-installations-fitness-gb","15":"pa_6-installations-piscine-gb","16":"pa_6-installations-sauna-gb","17":"pa_6-installations-tv-room","18":"yith_shop_vendor-relais-fontenailles-burgundy","20":"first","21":"instock","22":"featured","23":"virtual","24":"sold-individually","25":"purchasable","26":"product-type-booking"},"_links":{"self":[{"href":"https:\/\/booking-gaysejour.com\/gb\/wp-json\/wp\/v2\/product\/44651","targetHints":{"allow":["GET"]}}],"collection":[{"href":"https:\/\/booking-gaysejour.com\/gb\/wp-json\/wp\/v2\/product"}],"about":[{"href":"https:\/\/booking-gaysejour.com\/gb\/wp-json\/wp\/v2\/types\/product"}],"wp:featuredmedia":[{"embeddable":true,"href":"https:\/\/booking-gaysejour.com\/gb\/wp-json\/wp\/v2\/media\/37290"}],"wp:attachment":[{"href":"https:\/\/booking-gaysejour.com\/gb\/wp-json\/wp\/v2\/media?parent=44651"}],"wp:term":[{"taxonomy":"product_brand","embeddable":true,"href":"https:\/\/booking-gaysejour.com\/gb\/wp-json\/wp\/v2\/product_brand?post=44651"},{"taxonomy":"product_cat","embeddable":true,"href":"https:\/\/booking-gaysejour.com\/gb\/wp-json\/wp\/v2\/product_cat?post=44651"},{"taxonomy":"product_tag","embeddable":true,"href":"https:\/\/booking-gaysejour.com\/gb\/wp-json\/wp\/v2\/product_tag?post=44651"}],"curies":[{"name":"wp","href":"https:\/\/api.w.org\/{rel}","templated":true}]}}