{"id":44710,"date":"2020-09-14T18:05:53","date_gmt":"2020-09-14T16:05:53","guid":{"rendered":"https:\/\/new.booking-gaysejour.com\/room\/la-cactee-singuliere\/"},"modified":"2025-03-18T16:39:12","modified_gmt":"2025-03-18T15:39:12","slug":"luxury-suite-la-cactee-singuliere-beziers","status":"publish","type":"product","link":"https:\/\/booking-gaysejour.com\/gb\/guide\/luxury-suite-la-cactee-singuliere-beziers\/","title":{"rendered":"Luxury Suite @ La Cact\u00e9e Singuli\u00e8re &#8211; B\u00e9ziers"},"content":{"rendered":"<h3>Guestroom &#8211; 2 guests\u00a0 &#8211; double bed &#8211; private bathroom<\/h3>\n<p>La Cact\u00e9e Singuli\u00e8re is a real independent and air-conditioned apartment which enjoys a secluded location in large, well-kept gardens, located 6 km from B\u00e9ziers, 7 km from the beach, 6 km from the airport and 55 km from the town of Montpellier.<\/p>\n<p>Heated swimming pool available. Naturism allowed.<\/p>\n<p>The region offers visitors the opportunity to explore the town of B\u00e9ziers, beautiful sandy beaches, canoeing on the Orb, cycling, nature walks, olive and wine tastings.<\/p>\n<p>Olivier will propose you a whole range of well-being massages.<\/p>\n","protected":false},"excerpt":{"rendered":"<p>Guestroom &#8211; 2 guests\u00a0 &#8211; double bed &#8211; private bathroom La Cact\u00e9e Singuli\u00e8re is a real independent and air-conditioned apartment which enjoys a secluded location in large, well-kept gardens, located 6 km from B\u00e9ziers, 7 km from the beach, 6 km from the airport and 55 km from the town of Montpellier. Heated swimming pool<a class=\"more-link\" href=\"https:\/\/booking-gaysejour.com\/gb\/guide\/luxury-suite-la-cactee-singuliere-beziers\/\">Read more  &#10230;<\/a><\/p>\n","protected":false},"featured_media":43652,"template":"","meta":[],"product_brand":[],"product_cat":[741,1038,789],"product_tag":[1322,1065,1306,1223],"class_list":{"0":"post-44710","1":"product","2":"type-product","3":"status-publish","4":"has-post-thumbnail","6":"product_cat-france-gb","7":"product_cat-guesthouse-bnb","8":"product_cat-occitania","9":"product_tag-luxury","10":"product_tag-massage-gb","11":"product_tag-naturiste-gb","12":"product_tag-piscine-gb","13":"pa_1-type-chambre-hotes-gb","14":"pa_2-chambre-et-salle-de-bain-air-conditioning","15":"pa_2-chambre-et-salle-de-bain-bathroom-towel","16":"pa_2-chambre-et-salle-de-bain-private-bathroom","17":"pa_2-chambre-et-salle-de-bain-tv-chambre-gb","18":"pa_2-chambre-et-salle-de-bain-terrasse-privative-gb","19":"pa_5-services-climatisation-gb-2","20":"pa_5-services-bikes-on-premise","21":"pa_5-services-wifi-gratuit","22":"pa_6-installations-heaten-pool","23":"pa_6-installations-massage-gb","24":"pa_6-installations-tv-room","25":"yith_shop_vendor-cactee-singuliere-luxury-bnb-beziers","26":"yith_booking_service-petit-dejeuner-inclus-gb","28":"first","29":"instock","30":"featured","31":"virtual","32":"sold-individually","33":"purchasable","34":"product-type-booking"},"_links":{"self":[{"href":"https:\/\/booking-gaysejour.com\/gb\/wp-json\/wp\/v2\/product\/44710","targetHints":{"allow":["GET"]}}],"collection":[{"href":"https:\/\/booking-gaysejour.com\/gb\/wp-json\/wp\/v2\/product"}],"about":[{"href":"https:\/\/booking-gaysejour.com\/gb\/wp-json\/wp\/v2\/types\/product"}],"wp:featuredmedia":[{"embeddable":true,"href":"https:\/\/booking-gaysejour.com\/gb\/wp-json\/wp\/v2\/media\/43652"}],"wp:attachment":[{"href":"https:\/\/booking-gaysejour.com\/gb\/wp-json\/wp\/v2\/media?parent=44710"}],"wp:term":[{"taxonomy":"product_brand","embeddable":true,"href":"https:\/\/booking-gaysejour.com\/gb\/wp-json\/wp\/v2\/product_brand?post=44710"},{"taxonomy":"product_cat","embeddable":true,"href":"https:\/\/booking-gaysejour.com\/gb\/wp-json\/wp\/v2\/product_cat?post=44710"},{"taxonomy":"product_tag","embeddable":true,"href":"https:\/\/booking-gaysejour.com\/gb\/wp-json\/wp\/v2\/product_tag?post=44710"}],"curies":[{"name":"wp","href":"https:\/\/api.w.org\/{rel}","templated":true}]}}