{"id":44714,"date":"2020-09-11T15:33:41","date_gmt":"2020-09-11T13:33:41","guid":{"rendered":"https:\/\/new.booking-gaysejour.com\/room\/la-cascade-chambre-double-espace\/"},"modified":"2025-03-18T16:39:13","modified_gmt":"2025-03-18T15:39:13","slug":"la-cascade-chambre-double-espace","status":"publish","type":"product","link":"https:\/\/booking-gaysejour.com\/gb\/guide\/la-cascade-chambre-double-espace\/","title":{"rendered":"Chambre Double Espace"},"content":{"rendered":"<h3><strong>Chambre ind\u00e9pendante, avec lit King Size, toilettes et salle de bain<\/strong>.<\/h3>\n<p>Un acc\u00e8s de plain pied sur le <strong>jardin<\/strong> vous offre votre ind\u00e9pendance et vous permet de profiter tranquillement du soleil.<\/p>\n<p>Nature, piscine, terrain de p\u00e9tanque, soleil ou aussi feu de chemin\u00e9e &#8230; seront au rendez-vous de votre prochaine visite au c\u0153ur de ce havre de paix en plein arri\u00e8re-pays ni\u00e7ois. Dans un cadre calme, vert ensoleill\u00e9 et spectaculaire.<\/p>\n<p><strong>La maison d&#8217;h\u00f4tes La Cascade est \u00e0 moins d&#8217;une heure de Nice<\/strong>, Cannes, les Iles de Lerins, Antibes, les gorges du Verdon, Le lac de Saint Cassien, sainte croix, et encore plus proche, de Tourrettes sur Loup, Gourdon, Saint Paul de Vence, Vence, Grasse, Biot, les mus\u00e9es Picasso, Chagall, Art deco de Gourdon, les verreries de Biot, les randonn\u00e9es, canyoning des Gorges du Loup.<\/p>\n","protected":false},"excerpt":{"rendered":"<p>Chambre ind\u00e9pendante, avec lit King Size, toilettes et salle de bain. Un acc\u00e8s de plain pied sur le jardin vous offre votre ind\u00e9pendance et vous permet de profiter tranquillement du soleil. Nature, piscine, terrain de p\u00e9tanque, soleil ou aussi feu de chemin\u00e9e &#8230; seront au rendez-vous de votre prochaine visite au c\u0153ur de ce havre<a class=\"more-link\" href=\"https:\/\/booking-gaysejour.com\/gb\/guide\/la-cascade-chambre-double-espace\/\">Read more  &#10230;<\/a><\/p>\n","protected":false},"featured_media":42051,"template":"","meta":[],"product_brand":[],"product_cat":[741,1038,834],"product_tag":[1223],"class_list":{"0":"post-44714","1":"product","2":"type-product","3":"status-publish","4":"has-post-thumbnail","6":"product_cat-france-gb","7":"product_cat-guesthouse-bnb","8":"product_cat-provence-alpes-cote-dazur-gb","9":"product_tag-piscine-gb","10":"pa_1-type-chambre-hotes-gb","11":"pa_2-chambre-et-salle-de-bain-private-bathroom","12":"pa_5-services-parking-on-premise","13":"pa_5-services-table-dhotes-gb-2","14":"pa_5-services-wifi-gratuit","15":"pa_6-installations-bocce-ball-court","16":"pa_6-installations-garage-gb","17":"pa_6-installations-piscine-gb","18":"yith_shop_vendor-la-cascade-french-riviera","19":"yith_booking_service-petit-dejeuner-inclus-gb","21":"first","22":"instock","23":"featured","24":"virtual","25":"sold-individually","26":"purchasable","27":"product-type-booking"},"_links":{"self":[{"href":"https:\/\/booking-gaysejour.com\/gb\/wp-json\/wp\/v2\/product\/44714","targetHints":{"allow":["GET"]}}],"collection":[{"href":"https:\/\/booking-gaysejour.com\/gb\/wp-json\/wp\/v2\/product"}],"about":[{"href":"https:\/\/booking-gaysejour.com\/gb\/wp-json\/wp\/v2\/types\/product"}],"wp:featuredmedia":[{"embeddable":true,"href":"https:\/\/booking-gaysejour.com\/gb\/wp-json\/wp\/v2\/media\/42051"}],"wp:attachment":[{"href":"https:\/\/booking-gaysejour.com\/gb\/wp-json\/wp\/v2\/media?parent=44714"}],"wp:term":[{"taxonomy":"product_brand","embeddable":true,"href":"https:\/\/booking-gaysejour.com\/gb\/wp-json\/wp\/v2\/product_brand?post=44714"},{"taxonomy":"product_cat","embeddable":true,"href":"https:\/\/booking-gaysejour.com\/gb\/wp-json\/wp\/v2\/product_cat?post=44714"},{"taxonomy":"product_tag","embeddable":true,"href":"https:\/\/booking-gaysejour.com\/gb\/wp-json\/wp\/v2\/product_tag?post=44714"}],"curies":[{"name":"wp","href":"https:\/\/api.w.org\/{rel}","templated":true}]}}