{"id":44721,"date":"2020-09-02T18:03:55","date_gmt":"2020-09-02T16:03:55","guid":{"rendered":"https:\/\/new.booking-gaysejour.com\/room\/gites-betaillole-gite-grange\/"},"modified":"2020-09-02T18:03:55","modified_gmt":"2020-09-02T16:03:55","slug":"gites-betaillole-gite-grange","status":"publish","type":"product","link":"https:\/\/booking-gaysejour.com\/gb\/guide\/gites-betaillole-gite-grange\/","title":{"rendered":"G\u00eete Grange"},"content":{"rendered":"<h3><strong>Locvtion g\u00eete &#8211; 2 chambres &#8211; 7 pers. max.<\/strong><\/h3>\n<p>Notre g\u00eete groupe situ\u00e9 dans la grange du 19\u00e8me si\u00e8cle peut accueillir jusqu\u2019\u00e0 <strong>7 personnes<\/strong>. Le g\u00eete a merveilleusement r\u00e9nov\u00e9 et a beaucoup de caract\u00e8re avec les d\u00e9tails authentiques tels que des murs en pierre, de belles poutres en ch\u00e2taigne et de planchers en ch\u00eane massif.<\/p>\n<p>Il comprend un<strong> salon\/salle \u00e0 manger<\/strong>, une<strong> salle d\u2019eau et WC s\u00e9par\u00e9<\/strong> et deux salles \u00e0 coucher avec assez d\u2019espace de stockage (garde-robe). Une chambre a <strong>un lit double<\/strong> (140), l\u2019autre <strong>trois lits individuels<\/strong> (90). Dans le salon se trouve un canap\u00e9-lit pour 2 personnes.<\/p>\n<p><strong>La cuisine ouverte offre tout le confort moderne<\/strong> : cuisini\u00e8re \u00e9lectrique, four, r\u00e9frig\u00e9rateur, lave-vaisselle, caf\u00e9ti\u00e8re, micro-ondes.<\/p>\n<p>Bienvenue \u00e0 B\u00e9taillole, une oasis de 2.5 hectares de la nature, calme et tranquillit\u00e9 pr\u00e8s du village charmant de Saint-Bonnet-Elvert dans le d\u00e9partement de la Corr\u00e8ze : le \u2018c\u0153ur vert\u2019 de la France.<\/p>\n","protected":false},"excerpt":{"rendered":"<p>Locvtion g\u00eete &#8211; 2 chambres &#8211; 7 pers. max. Notre g\u00eete groupe situ\u00e9 dans la grange du 19\u00e8me si\u00e8cle peut accueillir jusqu\u2019\u00e0 7 personnes. Le g\u00eete a merveilleusement r\u00e9nov\u00e9 et a beaucoup de caract\u00e8re avec les d\u00e9tails authentiques tels que des murs en pierre, de belles poutres en ch\u00e2taigne et de planchers en ch\u00eane massif.<a class=\"more-link\" href=\"https:\/\/booking-gaysejour.com\/gb\/guide\/gites-betaillole-gite-grange\/\">Read more  &#10230;<\/a><\/p>\n","protected":false},"featured_media":41329,"template":"","meta":[],"product_brand":[],"product_cat":[799,741,1059],"product_tag":[1063],"class_list":{"0":"post-44721","1":"product","2":"type-product","3":"status-publish","4":"has-post-thumbnail","6":"product_cat-aquitaine","7":"product_cat-france-gb","8":"product_cat-vacation-rental","9":"product_tag-campagne-gb","10":"pa_1-type-holiday-rental","11":"pa_2-chambre-et-salle-de-bain-private-bathroom","12":"pa_5-services-parking-on-premise","13":"yith_shop_vendor-gites-betaillole-correze","15":"first","16":"instock","17":"featured","18":"virtual","19":"sold-individually","20":"purchasable","21":"product-type-booking"},"_links":{"self":[{"href":"https:\/\/booking-gaysejour.com\/gb\/wp-json\/wp\/v2\/product\/44721","targetHints":{"allow":["GET"]}}],"collection":[{"href":"https:\/\/booking-gaysejour.com\/gb\/wp-json\/wp\/v2\/product"}],"about":[{"href":"https:\/\/booking-gaysejour.com\/gb\/wp-json\/wp\/v2\/types\/product"}],"wp:featuredmedia":[{"embeddable":true,"href":"https:\/\/booking-gaysejour.com\/gb\/wp-json\/wp\/v2\/media\/41329"}],"wp:attachment":[{"href":"https:\/\/booking-gaysejour.com\/gb\/wp-json\/wp\/v2\/media?parent=44721"}],"wp:term":[{"taxonomy":"product_brand","embeddable":true,"href":"https:\/\/booking-gaysejour.com\/gb\/wp-json\/wp\/v2\/product_brand?post=44721"},{"taxonomy":"product_cat","embeddable":true,"href":"https:\/\/booking-gaysejour.com\/gb\/wp-json\/wp\/v2\/product_cat?post=44721"},{"taxonomy":"product_tag","embeddable":true,"href":"https:\/\/booking-gaysejour.com\/gb\/wp-json\/wp\/v2\/product_tag?post=44721"}],"curies":[{"name":"wp","href":"https:\/\/api.w.org\/{rel}","templated":true}]}}