{"id":44722,"date":"2020-09-02T17:35:48","date_gmt":"2020-09-02T15:35:48","guid":{"rendered":"https:\/\/new.booking-gaysejour.com\/room\/gites-betaillole-grande\/"},"modified":"2020-09-02T17:35:48","modified_gmt":"2020-09-02T15:35:48","slug":"gites-betaillole-grande","status":"publish","type":"product","link":"https:\/\/booking-gaysejour.com\/gb\/guide\/gites-betaillole-grande\/","title":{"rendered":"Gite Grande 2\/12 pers."},"content":{"rendered":"<h3 style=\"text-align: left;\"><strong>Gite Grande 12 pers.<\/strong><\/h3>\n<p style=\"font-family: Georgia; color: #000000; font-size: medium;\">Notre g\u00eete groupe situ\u00e9 dans la grange du 19\u00e8me si\u00e8cle peut accueillir jusqu\u2019\u00e0<strong> 12 personnes<\/strong>. Le g\u00eete a beaucoup de caract\u00e8re avec les d\u00e9tails authentiques tels que des murs en pierre, de belles poutres en ch\u00e2taigne et de planchers en ch\u00eane massif.<\/p>\n<p class=\"clear-right\" style=\"font-family: Georgia; clear: right; left: auto; color: #000000; font-size: medium;\">Par terre, vous trouverez un grand salon\/salle \u00e0 manger, un WC et une cuisine bien \u00e9quip\u00e9e (cuisini\u00e8re \u00e0 gaz\/four, lave-vaisselle, micro-ondes, r\u00e9frig\u00e9rateur, etc.). Dehors, il y a une grande terrasse avec une vue imprenable sur les Monts de Cantal o\u00f9 l\u2019on peut facilement reconna\u00eetre le point la plus haut\u00a0: le Puy Mary.<\/p>\n<p class=\"clear-right\" style=\"font-family: Georgia; clear: right; left: auto; color: #000000; font-size: medium;\">\u00c0 l\u2019\u00e9tage, se trouvent les<strong> 3 chambres \u00e0 coucher<\/strong> (pour 2 personnes) et <strong>2 chambres \u00e0 coucher pour 3 personnes<\/strong>. Chaque chambre a sa propre douche\/WC en-suite.<\/p>\n","protected":false},"excerpt":{"rendered":"<p>Gite Grande 12 pers. Notre g\u00eete groupe situ\u00e9 dans la grange du 19\u00e8me si\u00e8cle peut accueillir jusqu\u2019\u00e0 12 personnes. Le g\u00eete a beaucoup de caract\u00e8re avec les d\u00e9tails authentiques tels que des murs en pierre, de belles poutres en ch\u00e2taigne et de planchers en ch\u00eane massif. Par terre, vous trouverez un grand salon\/salle \u00e0 manger,<a class=\"more-link\" href=\"https:\/\/booking-gaysejour.com\/gb\/guide\/gites-betaillole-grande\/\">Read more  &#10230;<\/a><\/p>\n","protected":false},"featured_media":41339,"template":"","meta":[],"product_brand":[],"product_cat":[799,741,1059],"product_tag":[],"class_list":{"0":"post-44722","1":"product","2":"type-product","3":"status-publish","4":"has-post-thumbnail","6":"product_cat-aquitaine","7":"product_cat-france-gb","8":"product_cat-vacation-rental","9":"pa_1-type-holiday-rental","10":"pa_2-chambre-et-salle-de-bain-shared-bathroom","11":"yith_shop_vendor-gites-betaillole-correze","13":"first","14":"instock","15":"featured","16":"virtual","17":"sold-individually","18":"purchasable","19":"product-type-booking"},"_links":{"self":[{"href":"https:\/\/booking-gaysejour.com\/gb\/wp-json\/wp\/v2\/product\/44722","targetHints":{"allow":["GET"]}}],"collection":[{"href":"https:\/\/booking-gaysejour.com\/gb\/wp-json\/wp\/v2\/product"}],"about":[{"href":"https:\/\/booking-gaysejour.com\/gb\/wp-json\/wp\/v2\/types\/product"}],"wp:featuredmedia":[{"embeddable":true,"href":"https:\/\/booking-gaysejour.com\/gb\/wp-json\/wp\/v2\/media\/41339"}],"wp:attachment":[{"href":"https:\/\/booking-gaysejour.com\/gb\/wp-json\/wp\/v2\/media?parent=44722"}],"wp:term":[{"taxonomy":"product_brand","embeddable":true,"href":"https:\/\/booking-gaysejour.com\/gb\/wp-json\/wp\/v2\/product_brand?post=44722"},{"taxonomy":"product_cat","embeddable":true,"href":"https:\/\/booking-gaysejour.com\/gb\/wp-json\/wp\/v2\/product_cat?post=44722"},{"taxonomy":"product_tag","embeddable":true,"href":"https:\/\/booking-gaysejour.com\/gb\/wp-json\/wp\/v2\/product_tag?post=44722"}],"curies":[{"name":"wp","href":"https:\/\/api.w.org\/{rel}","templated":true}]}}