{"id":44723,"date":"2020-09-02T17:19:37","date_gmt":"2020-09-02T15:19:37","guid":{"rendered":"https:\/\/new.booking-gaysejour.com\/room\/gites-betaillole-gite\/"},"modified":"2025-03-18T16:39:14","modified_gmt":"2025-03-18T15:39:14","slug":"self-catering-la-vieille-maison","status":"publish","type":"product","link":"https:\/\/booking-gaysejour.com\/gb\/guide\/self-catering-la-vieille-maison\/","title":{"rendered":"Self catering La Vieille Maison"},"content":{"rendered":"<h3>Gite La Vielle Maison 2 &#8211; 5 pers.<br \/>\nLocated in the main building you will find a very nice g\u00eete with wifi which can accommodate up to 5 people. The g\u00eete has its own entrance and has been beautifully renovated keeping the details of Corr\u00e8ze tradition: stone walls, chestnut beams and oak floors and an inglenook fireplace, the typical Limousin fireplace. You can use it.<\/h3>\n<p>On the ground floor there is a well-equipped kitchen, living \/ dining room, large bathroom with shower, washing machine, a separate WC and &#8211; on the upper floor &#8211; two bedrooms with enough space storage. One bedroom has a double bed (140), the other three single beds (90). Outside the terrace with furniture and parasol.<\/p>\n<p>Welcome to B\u00e9taillole, an oasis of 2.5 hectares of nature, calm and tranquility. Our farmhouse is located near the charming village of Saint-Bonnet-Elvert in the Corr\u00e8ze department: the &#8220;green heart&#8221; of France. We are just 15 km from the idyllic and authentic town of Argentat sur Dordogne and 45 km from Brive-la-Gaillarde on the A20 motorway (Limoges-Toulouse).<\/p>\n","protected":false},"excerpt":{"rendered":"<p>Gite La Vielle Maison 2 &#8211; 5 pers. Located in the main building you will find a very nice g\u00eete with wifi which can accommodate up to 5 people. The g\u00eete has its own entrance and has been beautifully renovated keeping the details of Corr\u00e8ze tradition: stone walls, chestnut beams and oak floors and an<a class=\"more-link\" href=\"https:\/\/booking-gaysejour.com\/gb\/guide\/self-catering-la-vieille-maison\/\">Read more  &#10230;<\/a><\/p>\n","protected":false},"featured_media":41301,"template":"","meta":[],"product_brand":[],"product_cat":[799,741,1059],"product_tag":[1063,1318,1314],"class_list":{"0":"post-44723","1":"product","2":"type-product","3":"status-publish","4":"has-post-thumbnail","6":"product_cat-aquitaine","7":"product_cat-france-gb","8":"product_cat-vacation-rental","9":"product_tag-campagne-gb","10":"product_tag-hiking","11":"product_tag-pets-welcome","12":"pa_1-type-holiday-rental","13":"pa_2-chambre-et-salle-de-bain-private-bathroom","14":"pa_5-services-parking-on-premise","15":"pa_5-services-wifi-gratuit","16":"yith_shop_vendor-gites-betaillole-correze","18":"first","19":"instock","20":"featured","21":"virtual","22":"sold-individually","23":"purchasable","24":"product-type-booking"},"_links":{"self":[{"href":"https:\/\/booking-gaysejour.com\/gb\/wp-json\/wp\/v2\/product\/44723","targetHints":{"allow":["GET"]}}],"collection":[{"href":"https:\/\/booking-gaysejour.com\/gb\/wp-json\/wp\/v2\/product"}],"about":[{"href":"https:\/\/booking-gaysejour.com\/gb\/wp-json\/wp\/v2\/types\/product"}],"wp:featuredmedia":[{"embeddable":true,"href":"https:\/\/booking-gaysejour.com\/gb\/wp-json\/wp\/v2\/media\/41301"}],"wp:attachment":[{"href":"https:\/\/booking-gaysejour.com\/gb\/wp-json\/wp\/v2\/media?parent=44723"}],"wp:term":[{"taxonomy":"product_brand","embeddable":true,"href":"https:\/\/booking-gaysejour.com\/gb\/wp-json\/wp\/v2\/product_brand?post=44723"},{"taxonomy":"product_cat","embeddable":true,"href":"https:\/\/booking-gaysejour.com\/gb\/wp-json\/wp\/v2\/product_cat?post=44723"},{"taxonomy":"product_tag","embeddable":true,"href":"https:\/\/booking-gaysejour.com\/gb\/wp-json\/wp\/v2\/product_tag?post=44723"}],"curies":[{"name":"wp","href":"https:\/\/api.w.org\/{rel}","templated":true}]}}