{"id":44724,"date":"2020-09-02T17:17:25","date_gmt":"2020-09-02T15:17:25","guid":{"rendered":"https:\/\/new.booking-gaysejour.com\/room\/gites-betaillole-gite-porcherie-1-2-pers\/"},"modified":"2025-03-18T16:39:14","modified_gmt":"2025-03-18T15:39:14","slug":"gites-betaillole-gite-porcherie-1-2-pers","status":"publish","type":"product","link":"https:\/\/booking-gaysejour.com\/gb\/guide\/gites-betaillole-gite-porcherie-1-2-pers\/","title":{"rendered":"Gite Porcherie"},"content":{"rendered":"<h3>Self catering holiday cottaghe &#8211; 2 guests &#8211; minimum stay 7 nights<\/h3>\n<p>Le gite Porcherie est un double appartement studio pour 1 ou 2 pers. dans un b\u00e2timent ind\u00e9pendant.<\/p>\n<p>Il est \u00e9quip\u00e9 d\u2019une kitchenette pratique ouverte et une grande salle de bains. Le salon\/salle \u00e0 coucher a un lit double (140).<\/p>\n<p>Le patio de votre appartement offre une vue imprenable sur les montagnes majestueuses du Cantal, qui font parti du Massif Central. Il est l\u2019un des plus beaux endroits pour vous asseoir avec un livre ou simplement se d\u00e9tendre.<\/p>\n","protected":false},"excerpt":{"rendered":"<p>Self catering holiday cottaghe &#8211; 2 guests &#8211; minimum stay 7 nights Le gite Porcherie est un double appartement studio pour 1 ou 2 pers. dans un b\u00e2timent ind\u00e9pendant. Il est \u00e9quip\u00e9 d\u2019une kitchenette pratique ouverte et une grande salle de bains. Le salon\/salle \u00e0 coucher a un lit double (140). Le patio de votre<a class=\"more-link\" href=\"https:\/\/booking-gaysejour.com\/gb\/guide\/gites-betaillole-gite-porcherie-1-2-pers\/\">Read more  &#10230;<\/a><\/p>\n","protected":false},"featured_media":41299,"template":"","meta":[],"product_brand":[],"product_cat":[799,741,1059],"product_tag":[],"class_list":{"0":"post-44724","1":"product","2":"type-product","3":"status-publish","4":"has-post-thumbnail","6":"product_cat-aquitaine","7":"product_cat-france-gb","8":"product_cat-vacation-rental","9":"pa_1-type-holiday-rental","10":"pa_2-chambre-et-salle-de-bain-private-bathroom","11":"yith_shop_vendor-gites-betaillole-correze","13":"first","14":"instock","15":"featured","16":"virtual","17":"sold-individually","18":"purchasable","19":"product-type-booking"},"_links":{"self":[{"href":"https:\/\/booking-gaysejour.com\/gb\/wp-json\/wp\/v2\/product\/44724","targetHints":{"allow":["GET"]}}],"collection":[{"href":"https:\/\/booking-gaysejour.com\/gb\/wp-json\/wp\/v2\/product"}],"about":[{"href":"https:\/\/booking-gaysejour.com\/gb\/wp-json\/wp\/v2\/types\/product"}],"wp:featuredmedia":[{"embeddable":true,"href":"https:\/\/booking-gaysejour.com\/gb\/wp-json\/wp\/v2\/media\/41299"}],"wp:attachment":[{"href":"https:\/\/booking-gaysejour.com\/gb\/wp-json\/wp\/v2\/media?parent=44724"}],"wp:term":[{"taxonomy":"product_brand","embeddable":true,"href":"https:\/\/booking-gaysejour.com\/gb\/wp-json\/wp\/v2\/product_brand?post=44724"},{"taxonomy":"product_cat","embeddable":true,"href":"https:\/\/booking-gaysejour.com\/gb\/wp-json\/wp\/v2\/product_cat?post=44724"},{"taxonomy":"product_tag","embeddable":true,"href":"https:\/\/booking-gaysejour.com\/gb\/wp-json\/wp\/v2\/product_tag?post=44724"}],"curies":[{"name":"wp","href":"https:\/\/api.w.org\/{rel}","templated":true}]}}