{"id":44726,"date":"2020-09-02T15:18:14","date_gmt":"2020-09-02T13:18:14","guid":{"rendered":"https:\/\/new.booking-gaysejour.com\/room\/auberge-du-canabal-gite\/"},"modified":"2020-09-02T15:18:14","modified_gmt":"2020-09-02T13:18:14","slug":"auberge-du-canabal-gite","status":"publish","type":"product","link":"https:\/\/booking-gaysejour.com\/gb\/guide\/auberge-du-canabal-gite\/","title":{"rendered":"G\u00eete 2 pers."},"content":{"rendered":"<h3><strong>G\u00eete de 80 m2\u00a0 &#8211; 2 pers.<\/strong><\/h3>\n<p>Situ\u00e9 en plein Quercy aux portes de Lauzerte (82) et \u00e0<strong> 7 km de Montcuq<\/strong> (Lot), \u00e0 une heure de Toulouse , Michel que l&#8217;on appelle aussi Daniel vous accueille \u00e0 l4Auberge du Canabal sur cette ancienne ferme aux b\u00e2tisses typiques du Quercy.<\/p>\n<p>Ici le soleil chante sur les belles pierres blanches de la maison&#8230;.avec son grand gite ( environ 80 m2) au bout du jardin<\/p>\n<p><strong>Le Gite comprend:<\/strong><\/p>\n<p>&#8211; 1 s\u00e9jour de 25 m2 avec cuisine \u00e9quip\u00e9e (lave vaisselle, lave linge\/s\u00e8che linge, four, micro-ondes, combi r\u00e9frig\u00e9rateur-cong\u00e9lateur)<\/p>\n<p>&#8211; 1 salon de 25 m2 avec canap\u00e9 tv<\/p>\n<p>&#8211; 1 chambre au rez-de-jardin (1 lit 140) avec salle d&#8217;eau + WC<\/p>\n<p>&#8211; grande terrasse\u00a0 avec acc\u00e8s\u00a0 piscine o\u00f9 LE NATURISME EST AUTORIS\u00c9.<\/p>\n<p>&#8211; grand jardin avec des espaces am\u00e9nag\u00e9s pour respecter calme, beaut\u00e9 et intimit\u00e9 du lieu.<\/p>\n<p>On vient au Canabal pour c\u00f4toyer le<strong> calme, le raffinement, la nature, la beaut\u00e9 du lieu<\/strong>&#8230;. un cadre sauvage et pr\u00e9serv\u00e9&#8230;.<\/p>\n<p>On y vient aussi pour rencontrer Michel , cet homme qui est n\u00e9 l\u00e0, et qui avec sa simplicit\u00e9 et sa d\u00e9licatesse a un vrai sens de l&#8217;accueil et de l&#8217;authenticit\u00e9&#8230;. Ce gar\u00e7on qui conduit sa petite ferme en agriculture biologique, est aussi un artiste lorsqu&#8217;il anime ses soir\u00e9es cabaret caf\u00e9 th\u00e9atre &#8230;. C&#8217;est aussi le cuisinier avec ses repas fins et raffin\u00e9s qu&#8217;il propose \u00e0 la table d&#8217;h\u00f4tes&#8230;Bref un havre de paix pour des vacances seul ou en amoureux dans un cadre exceptionnel.<\/p>\n","protected":false},"excerpt":{"rendered":"<p>G\u00eete de 80 m2\u00a0 &#8211; 2 pers. Situ\u00e9 en plein Quercy aux portes de Lauzerte (82) et \u00e0 7 km de Montcuq (Lot), \u00e0 une heure de Toulouse , Michel que l&#8217;on appelle aussi Daniel vous accueille \u00e0 l4Auberge du Canabal sur cette ancienne ferme aux b\u00e2tisses typiques du Quercy. Ici le soleil chante sur<a class=\"more-link\" href=\"https:\/\/booking-gaysejour.com\/gb\/guide\/auberge-du-canabal-gite\/\">Read more  &#10230;<\/a><\/p>\n","protected":false},"featured_media":41272,"template":"","meta":[],"product_brand":[],"product_cat":[741,789,1059],"product_tag":[],"class_list":{"0":"post-44726","1":"product","2":"type-product","3":"status-publish","4":"has-post-thumbnail","6":"product_cat-france-gb","7":"product_cat-occitania","8":"product_cat-vacation-rental","9":"pa_1-type-holiday-rental","10":"pa_2-chambre-et-salle-de-bain-private-bathroom","11":"pa_5-services-parking-on-premise","12":"pa_5-services-table-dhotes-gb-2","13":"pa_5-services-wifi-gratuit","14":"pa_6-installations-piscine-gb","15":"yith_shop_vendor-auberge-du-canabal-tarn-et-garonne","17":"first","18":"instock","19":"featured","20":"virtual","21":"sold-individually","22":"purchasable","23":"product-type-booking"},"_links":{"self":[{"href":"https:\/\/booking-gaysejour.com\/gb\/wp-json\/wp\/v2\/product\/44726","targetHints":{"allow":["GET"]}}],"collection":[{"href":"https:\/\/booking-gaysejour.com\/gb\/wp-json\/wp\/v2\/product"}],"about":[{"href":"https:\/\/booking-gaysejour.com\/gb\/wp-json\/wp\/v2\/types\/product"}],"wp:featuredmedia":[{"embeddable":true,"href":"https:\/\/booking-gaysejour.com\/gb\/wp-json\/wp\/v2\/media\/41272"}],"wp:attachment":[{"href":"https:\/\/booking-gaysejour.com\/gb\/wp-json\/wp\/v2\/media?parent=44726"}],"wp:term":[{"taxonomy":"product_brand","embeddable":true,"href":"https:\/\/booking-gaysejour.com\/gb\/wp-json\/wp\/v2\/product_brand?post=44726"},{"taxonomy":"product_cat","embeddable":true,"href":"https:\/\/booking-gaysejour.com\/gb\/wp-json\/wp\/v2\/product_cat?post=44726"},{"taxonomy":"product_tag","embeddable":true,"href":"https:\/\/booking-gaysejour.com\/gb\/wp-json\/wp\/v2\/product_tag?post=44726"}],"curies":[{"name":"wp","href":"https:\/\/api.w.org\/{rel}","templated":true}]}}