{"id":44743,"date":"2020-07-29T21:08:19","date_gmt":"2020-07-29T19:08:19","guid":{"rendered":"https:\/\/new.booking-gaysejour.com\/room\/chambre-dhotes-sur-le-bassin-darcachon\/"},"modified":"2020-07-29T21:08:19","modified_gmt":"2020-07-29T19:08:19","slug":"chambre-dhotes-sur-le-bassin-darcachon","status":"publish","type":"product","link":"https:\/\/booking-gaysejour.com\/gb\/guide\/chambre-dhotes-sur-le-bassin-darcachon\/","title":{"rendered":"Chambre d&#8217;h\u00f4tes Gay Only"},"content":{"rendered":"<h3>Chambre d&#8217;h\u00f4tes 2 pers. &#8211; lit double &#8211; salle de bains privative<\/h3>\n<p>Chambre avec salle de bains et wc privatifs \u00e9quip\u00e9e d&#8217;une t\u00e9l\u00e9vision, d&#8217;un dressing, grand lit 160 et sommiers motoris\u00e9s.<\/p>\n<p>Cette chambre \u00e0 un <strong>acc\u00e8s direct \u00e0 la terrasse<\/strong> bois avec <strong>piscine et transats<\/strong>. Le <strong>naturisme<\/strong> est autoris\u00e9 par contre les animaux ne sont pas admis car nous avons deux adorables boxers.<\/p>\n<p>Nous sommes \u00e0 5 kms de la ville d&#8217;<strong>Arcachon<\/strong> dans le village de Gujan mestras et de fa\u00e7on plus presse dans le quartier du port de la hume la plage est \u00e0 200 m\u00e8tres de la maison vous pourrez profiter de tous les services de cette commune et m\u00eame y prendre le train pour aller visiter <strong>Bordeaux<\/strong>.<\/p>\n<p>Si vous souhaitez profiter des<strong> plages oc\u00e9an<\/strong> es vous y serez en 10 minutes de voiture sinon quoi de mieux que de profiter de la piscine en buvant un verre !<\/p>\n","protected":false},"excerpt":{"rendered":"<p>Chambre d&#8217;h\u00f4tes 2 pers. &#8211; lit double &#8211; salle de bains privative Chambre avec salle de bains et wc privatifs \u00e9quip\u00e9e d&#8217;une t\u00e9l\u00e9vision, d&#8217;un dressing, grand lit 160 et sommiers motoris\u00e9s. Cette chambre \u00e0 un acc\u00e8s direct \u00e0 la terrasse bois avec piscine et transats. Le naturisme est autoris\u00e9 par contre les animaux ne sont<a class=\"more-link\" href=\"https:\/\/booking-gaysejour.com\/gb\/guide\/chambre-dhotes-sur-le-bassin-darcachon\/\">Read more  &#10230;<\/a><\/p>\n","protected":false},"featured_media":42895,"template":"","meta":[],"product_brand":[],"product_cat":[799,741,1038],"product_tag":[1064,1306,1659,1223],"class_list":{"0":"post-44743","1":"product","2":"type-product","3":"status-publish","4":"has-post-thumbnail","6":"product_cat-aquitaine","7":"product_cat-france-gb","8":"product_cat-guesthouse-bnb","9":"product_tag-gay-only-gb","10":"product_tag-naturiste-gb","11":"product_tag-seaside","12":"product_tag-piscine-gb","13":"pa_1-type-gay-men-only","14":"pa_1-type-chambre-hotes-gb","15":"pa_1-type-naturism","16":"pa_2-chambre-et-salle-de-bain-bathroom-towel","17":"pa_2-chambre-et-salle-de-bain-private-bathroom","18":"pa_5-services-wifi-gratuit","19":"yith_shop_vendor-chambre-dhotes-sur-le-bassin-darcachon-gb","20":"yith_booking_service-petit-dejeuner-inclus-gb","22":"first","23":"instock","24":"featured","25":"virtual","26":"sold-individually","27":"purchasable","28":"product-type-booking"},"_links":{"self":[{"href":"https:\/\/booking-gaysejour.com\/gb\/wp-json\/wp\/v2\/product\/44743","targetHints":{"allow":["GET"]}}],"collection":[{"href":"https:\/\/booking-gaysejour.com\/gb\/wp-json\/wp\/v2\/product"}],"about":[{"href":"https:\/\/booking-gaysejour.com\/gb\/wp-json\/wp\/v2\/types\/product"}],"wp:featuredmedia":[{"embeddable":true,"href":"https:\/\/booking-gaysejour.com\/gb\/wp-json\/wp\/v2\/media\/42895"}],"wp:attachment":[{"href":"https:\/\/booking-gaysejour.com\/gb\/wp-json\/wp\/v2\/media?parent=44743"}],"wp:term":[{"taxonomy":"product_brand","embeddable":true,"href":"https:\/\/booking-gaysejour.com\/gb\/wp-json\/wp\/v2\/product_brand?post=44743"},{"taxonomy":"product_cat","embeddable":true,"href":"https:\/\/booking-gaysejour.com\/gb\/wp-json\/wp\/v2\/product_cat?post=44743"},{"taxonomy":"product_tag","embeddable":true,"href":"https:\/\/booking-gaysejour.com\/gb\/wp-json\/wp\/v2\/product_tag?post=44743"}],"curies":[{"name":"wp","href":"https:\/\/api.w.org\/{rel}","templated":true}]}}