{"id":44748,"date":"2020-07-28T22:02:24","date_gmt":"2020-07-28T20:02:24","guid":{"rendered":"https:\/\/new.booking-gaysejour.com\/room\/source-du-bury-chambre-duplex\/"},"modified":"2025-03-18T16:39:15","modified_gmt":"2025-03-18T15:39:15","slug":"source-du-bury-chambre-duplex","status":"publish","type":"product","link":"https:\/\/booking-gaysejour.com\/gb\/guide\/source-du-bury-chambre-duplex\/","title":{"rendered":"Chambre duplex"},"content":{"rendered":"<h3>Double guestroom &#8211; queen size bed &#8211; ensuite bathroom<\/h3>\n<p style=\"text-align: left;\" data-mce-style=\"text-align: left;\">Charmante <strong>suite en duplex avec 2 lits<\/strong> 1X2m, possibilit\u00e9s de faire un grand lit 2X2m. Salle d&#8217;eau WC.<\/p>\n<p style=\"text-align: left;\" data-mce-style=\"text-align: left;\">Chaque chambre dispose de sanitaires priv\u00e9s et d&#8217;une entr\u00e9e ext\u00e9rieure. Possibilit\u00e9s de pique-niquer dans la chambre duplex, pas de cuisine mais r\u00e9frig\u00e9rateur, micro-ondes, table et chaises \u00e0 votre disposition. \u00c9galement \u00e0 votre disposition une connexion internet<\/p>\n<p style=\"text-align: left;\" data-mce-style=\"text-align: left;\">Le petit d\u00e9jeuner servi dans la salle \u00e0 manger se compose de jus de fruits frais maison, pain maison, baguette, beurre, confitures maison, yaourt maison, c\u00e9r\u00e9ales, boissons chaudes et pour finir cr\u00eapes ou gaufres ou pancakes.<\/p>\n","protected":false},"excerpt":{"rendered":"<p>Double guestroom &#8211; queen size bed &#8211; ensuite bathroom Charmante suite en duplex avec 2 lits 1X2m, possibilit\u00e9s de faire un grand lit 2X2m. Salle d&#8217;eau WC. Chaque chambre dispose de sanitaires priv\u00e9s et d&#8217;une entr\u00e9e ext\u00e9rieure. Possibilit\u00e9s de pique-niquer dans la chambre duplex, pas de cuisine mais r\u00e9frig\u00e9rateur, micro-ondes, table et chaises \u00e0 votre<a class=\"more-link\" href=\"https:\/\/booking-gaysejour.com\/gb\/guide\/source-du-bury-chambre-duplex\/\">Read more  &#10230;<\/a><\/p>\n","protected":false},"featured_media":38725,"template":"","meta":[],"product_brand":[],"product_cat":[741,1038,803],"product_tag":[],"class_list":{"0":"post-44748","1":"product","2":"type-product","3":"status-publish","4":"has-post-thumbnail","6":"product_cat-france-gb","7":"product_cat-guesthouse-bnb","8":"product_cat-the-loire-valley","9":"pa_1-type-chambre-hotes-gb","10":"pa_2-chambre-et-salle-de-bain-private-bathroom","11":"pa_5-services-parking-on-premise","12":"pa_5-services-wifi-gratuit","13":"pa_6-installations-jacuzzi-gb","14":"yith_shop_vendor-source-du-bury-loir-et-cher","15":"yith_booking_service-petit-dejeuner-inclus-gb","17":"first","18":"instock","19":"featured","20":"virtual","21":"sold-individually","22":"purchasable","23":"product-type-booking"},"_links":{"self":[{"href":"https:\/\/booking-gaysejour.com\/gb\/wp-json\/wp\/v2\/product\/44748","targetHints":{"allow":["GET"]}}],"collection":[{"href":"https:\/\/booking-gaysejour.com\/gb\/wp-json\/wp\/v2\/product"}],"about":[{"href":"https:\/\/booking-gaysejour.com\/gb\/wp-json\/wp\/v2\/types\/product"}],"wp:featuredmedia":[{"embeddable":true,"href":"https:\/\/booking-gaysejour.com\/gb\/wp-json\/wp\/v2\/media\/38725"}],"wp:attachment":[{"href":"https:\/\/booking-gaysejour.com\/gb\/wp-json\/wp\/v2\/media?parent=44748"}],"wp:term":[{"taxonomy":"product_brand","embeddable":true,"href":"https:\/\/booking-gaysejour.com\/gb\/wp-json\/wp\/v2\/product_brand?post=44748"},{"taxonomy":"product_cat","embeddable":true,"href":"https:\/\/booking-gaysejour.com\/gb\/wp-json\/wp\/v2\/product_cat?post=44748"},{"taxonomy":"product_tag","embeddable":true,"href":"https:\/\/booking-gaysejour.com\/gb\/wp-json\/wp\/v2\/product_tag?post=44748"}],"curies":[{"name":"wp","href":"https:\/\/api.w.org\/{rel}","templated":true}]}}