{"id":44749,"date":"2020-07-24T12:21:46","date_gmt":"2020-07-24T10:21:46","guid":{"rendered":"https:\/\/new.booking-gaysejour.com\/room\/source-du-bury-chmabre-double\/"},"modified":"2025-03-18T16:39:15","modified_gmt":"2025-03-18T15:39:15","slug":"source-du-bury-double-room","status":"publish","type":"product","link":"https:\/\/booking-gaysejour.com\/gb\/guide\/source-du-bury-double-room\/","title":{"rendered":"Chambre double"},"content":{"rendered":"<h3>Double guestroom &#8211; queen size bed\u00a0 -ensuite bathroom<\/h3>\n<p>Chambre double avec grande salle de bain et baignoire, entr\u00e9e individuelle en fa\u00e7ade de la maison.<\/p>\n<p>La <strong>chambre Double<\/strong> peut accueillir 2 personnes avec un lit double de 160 x 200, et sa salle de bain avec une grande baignoire d&#8217;angle et WC<\/p>\n<p>Le <strong>petit d\u00e9jeuner<\/strong> servi dans la salle \u00e0 manger se compose de jus de fruits frais maison, pain maison, baguette, beurre, confitures maison, yaourt maison, c\u00e9r\u00e9ales, boissons chaudes et pour finir cr\u00eapes ou gaufres ou pancakes.<\/p>\n<p>Dans la paisible<strong> Vall\u00e9e de la Cisse<\/strong> et au coeur du village du Vieux-Bury, pr\u00e8s des vestiges de la porte fortifi\u00e9e (XII\u00e8me si\u00e8cle) et de l&#8217;ancien lavoir du village, vous \u00eates sur place pour d\u00e9couvrir les chemins de randonn\u00e9es qui longent la Cisse et ses nombreux moulins \u00e0 eau, vous \u00eates \u00e9galement \u00e0 proximit\u00e9 des grandes all\u00e9es de la for\u00eat de Blois (1 km), id\u00e9ales pour faire du VTT et pr\u00e8s des itin\u00e9raires balis\u00e9s de La Loire \u00e0 v\u00e9lo<\/p>\n<p>Profitez d&#8217;un <strong>grand jardin<\/strong> bord\u00e9 par une petite rivi\u00e8re o\u00f9 vous pouvez pique-niquer, vous reposer dans les chaises longues et vous d\u00e9tendre dans le <strong>SPA<\/strong> de plein air apr\u00e8s la visite des Ch\u00e2teaux. Vous profitez d&#8217;une nature luxuriante ou s&#8217;\u00e9battent des colverts, des poules d&#8217;eau, des h\u00e9rons, des ragondins et aussi des chevreuils qui n&#8217;h\u00e9sitent pas \u00e0 venir boire au lavoir ou brouter quelques fleurs ou l\u00e9gumes \u00e0 quelques pas de votre fauteuil.<\/p>\n","protected":false},"excerpt":{"rendered":"<p>Double guestroom &#8211; queen size bed\u00a0 -ensuite bathroom Chambre double avec grande salle de bain et baignoire, entr\u00e9e individuelle en fa\u00e7ade de la maison. La chambre Double peut accueillir 2 personnes avec un lit double de 160 x 200, et sa salle de bain avec une grande baignoire d&#8217;angle et WC Le petit d\u00e9jeuner servi<a class=\"more-link\" href=\"https:\/\/booking-gaysejour.com\/gb\/guide\/source-du-bury-double-room\/\">Read more  &#10230;<\/a><\/p>\n","protected":false},"featured_media":38705,"template":"","meta":[],"product_brand":[],"product_cat":[741,1038,803],"product_tag":[],"class_list":{"0":"post-44749","1":"product","2":"type-product","3":"status-publish","4":"has-post-thumbnail","6":"product_cat-france-gb","7":"product_cat-guesthouse-bnb","8":"product_cat-the-loire-valley","9":"pa_1-type-chambre-hotes-gb","10":"pa_2-chambre-et-salle-de-bain-private-bathroom","11":"pa_5-services-parking-on-premise","12":"pa_5-services-wifi-gratuit","13":"pa_6-installations-jacuzzi-gb","14":"yith_shop_vendor-source-du-bury-loir-et-cher","15":"yith_booking_service-petit-dejeuner-inclus-gb","17":"first","18":"instock","19":"featured","20":"virtual","21":"sold-individually","22":"purchasable","23":"product-type-booking"},"_links":{"self":[{"href":"https:\/\/booking-gaysejour.com\/gb\/wp-json\/wp\/v2\/product\/44749","targetHints":{"allow":["GET"]}}],"collection":[{"href":"https:\/\/booking-gaysejour.com\/gb\/wp-json\/wp\/v2\/product"}],"about":[{"href":"https:\/\/booking-gaysejour.com\/gb\/wp-json\/wp\/v2\/types\/product"}],"wp:featuredmedia":[{"embeddable":true,"href":"https:\/\/booking-gaysejour.com\/gb\/wp-json\/wp\/v2\/media\/38705"}],"wp:attachment":[{"href":"https:\/\/booking-gaysejour.com\/gb\/wp-json\/wp\/v2\/media?parent=44749"}],"wp:term":[{"taxonomy":"product_brand","embeddable":true,"href":"https:\/\/booking-gaysejour.com\/gb\/wp-json\/wp\/v2\/product_brand?post=44749"},{"taxonomy":"product_cat","embeddable":true,"href":"https:\/\/booking-gaysejour.com\/gb\/wp-json\/wp\/v2\/product_cat?post=44749"},{"taxonomy":"product_tag","embeddable":true,"href":"https:\/\/booking-gaysejour.com\/gb\/wp-json\/wp\/v2\/product_tag?post=44749"}],"curies":[{"name":"wp","href":"https:\/\/api.w.org\/{rel}","templated":true}]}}