{"id":44751,"date":"2020-06-11T17:29:09","date_gmt":"2020-06-11T15:29:09","guid":{"rendered":"https:\/\/new.booking-gaysejour.com\/room\/gites-de-lermitage-les-lillas\/"},"modified":"2020-06-11T17:29:09","modified_gmt":"2020-06-11T15:29:09","slug":"gites-de-lermitage-les-lillas","status":"publish","type":"product","link":"https:\/\/booking-gaysejour.com\/gb\/guide\/gites-de-lermitage-les-lillas\/","title":{"rendered":"Les Lillas"},"content":{"rendered":"<h3>Gite 4 pers. 2 chambres &#8211; 1 sdb &#8211; 7 nuits minimum<\/h3>\n<p>Au coeur de la Provence, sur la route des ch\u00e2teaux, face au Luberon les g\u00eetes de l&#8217;Ermitage vous accueillent dans un cadre naturel plein de charme au calme de la campagne de l&#8217;arri\u00e8re pays.<\/p>\n<p>G\u00eetes neufs de 70m2, disposant de <strong>deux chambres avec lit king size<\/strong> (180&#215;200, linge de lit fourni) et grands placards, un salon avec un t\u00e9l\u00e9viseur a led, acc\u00e8s wifi, cuisine ouverte \u00e9quip\u00e9e (lave-vaisselle, lave linge, r\u00e9frig\u00e9rateur\/cong\u00e9lateur, micro-ondes, grille-pain, cafeti\u00e8re \u00e0 filtre, plaque \u00e0 induction, four, ustensiles..), salle de bain avec douche \u00e0 l&#8217;italienne, WC s\u00e9par\u00e9, et deux terrasses privatives avec barbecue.<\/p>\n<p><strong>Pour vos divertissements<\/strong> ; piscine 10 x 5m, terrain de boules, table de ping-pong, coins d\u00e9tente..<\/p>\n<p>Nous serons \u00e0 votre disposition sur l&#8217;ensemble de votre s\u00e9jour et pourrons r\u00e9pondre \u00e0 vos questions concernant d&#8217;\u00e9ventuelles activit\u00e9s (sites, restaurants, promenades, lieux d&#8217;int\u00e9r\u00eat&#8230;)<\/p>\n<p>Situ\u00e9 dans la partie Sud du Luberon, La Tour d&#8217;Aigues est un agr\u00e9able village pos\u00e9 au bord de la rivi\u00e8re d&#8217;Eze dans le Parc Naturel R\u00e9ginal du Luberon. Capitale de la vall\u00e9e d&#8217;Aigues, ce gros village a la chance d&#8217;offrir \u00e0 ses visiteurs les vestiges d&#8217;un ch\u00e2teau Renaissance qui m\u00e9rite un d\u00e9tour.<\/p>\n<p>Commerces \u00e0 proximit\u00e9 (1km), march\u00e9 hebdomaire, boulangeries, boucherie, casino shop, tabac, bars, pharmacies, poste, banques, garage, station service&#8230;<\/p>\n","protected":false},"excerpt":{"rendered":"<p>Gite 4 pers. 2 chambres &#8211; 1 sdb &#8211; 7 nuits minimum Au coeur de la Provence, sur la route des ch\u00e2teaux, face au Luberon les g\u00eetes de l&#8217;Ermitage vous accueillent dans un cadre naturel plein de charme au calme de la campagne de l&#8217;arri\u00e8re pays. G\u00eetes neufs de 70m2, disposant de deux chambres avec<a class=\"more-link\" href=\"https:\/\/booking-gaysejour.com\/gb\/guide\/gites-de-lermitage-les-lillas\/\">Read more  &#10230;<\/a><\/p>\n","protected":false},"featured_media":33943,"template":"","meta":[],"product_brand":[],"product_cat":[741,834,1059],"product_tag":[1223],"class_list":{"0":"post-44751","1":"product","2":"type-product","3":"status-publish","4":"has-post-thumbnail","6":"product_cat-france-gb","7":"product_cat-provence-alpes-cote-dazur-gb","8":"product_cat-vacation-rental","9":"product_tag-piscine-gb","10":"pa_1-type-holiday-rental","11":"pa_2-chambre-et-salle-de-bain-private-bathroom","12":"pa_5-services-parking-on-premise","13":"pa_5-services-wifi-gratuit","14":"pa_6-installations-bocce-ball-court","15":"pa_6-installations-ping-pong","16":"pa_6-installations-piscine-gb","17":"pa_6-installations-tv-room","18":"yith_shop_vendor-gites-de-lermitage-vaucluse","20":"first","21":"instock","22":"featured","23":"virtual","24":"sold-individually","25":"purchasable","26":"product-type-booking"},"_links":{"self":[{"href":"https:\/\/booking-gaysejour.com\/gb\/wp-json\/wp\/v2\/product\/44751","targetHints":{"allow":["GET"]}}],"collection":[{"href":"https:\/\/booking-gaysejour.com\/gb\/wp-json\/wp\/v2\/product"}],"about":[{"href":"https:\/\/booking-gaysejour.com\/gb\/wp-json\/wp\/v2\/types\/product"}],"wp:featuredmedia":[{"embeddable":true,"href":"https:\/\/booking-gaysejour.com\/gb\/wp-json\/wp\/v2\/media\/33943"}],"wp:attachment":[{"href":"https:\/\/booking-gaysejour.com\/gb\/wp-json\/wp\/v2\/media?parent=44751"}],"wp:term":[{"taxonomy":"product_brand","embeddable":true,"href":"https:\/\/booking-gaysejour.com\/gb\/wp-json\/wp\/v2\/product_brand?post=44751"},{"taxonomy":"product_cat","embeddable":true,"href":"https:\/\/booking-gaysejour.com\/gb\/wp-json\/wp\/v2\/product_cat?post=44751"},{"taxonomy":"product_tag","embeddable":true,"href":"https:\/\/booking-gaysejour.com\/gb\/wp-json\/wp\/v2\/product_tag?post=44751"}],"curies":[{"name":"wp","href":"https:\/\/api.w.org\/{rel}","templated":true}]}}