{"id":44758,"date":"2020-06-03T08:40:24","date_gmt":"2020-06-03T06:40:24","guid":{"rendered":"https:\/\/new.booking-gaysejour.com\/room\/maison-dhotes-naturiste-a-toulouse-lit-simple-copie\/"},"modified":"2025-03-18T16:48:19","modified_gmt":"2025-03-18T15:48:19","slug":"maison-dhotes-naturiste-a-toulouse-lit-simple-copie","status":"publish","type":"product","link":"https:\/\/booking-gaysejour.com\/gb\/guide\/maison-dhotes-naturiste-a-toulouse-lit-simple-copie\/","title":{"rendered":"Chambre Cabanon"},"content":{"rendered":"<h3>Gay and naturist Guestroom\u00a0 &#8211; double bed\u00a0 &#8211; ensuite bathroom<\/h3>\n<p>LGBT and naturist guesthouse.<\/p>\n<p>Calm in Toulouse! Beautiful house in typical red bricks on wooded grounds with large swimming pool (heated).<\/p>\n<p>YOUR SPACE IN THE GUEST HOUSE: You will have access to a beautiful shared living room, a space open to welcoming travelers. (1 bed for one person). Big screen TV, WIFI, access to the sanitary facilities of the Pool-House in an independent pavilion located just opposite, 3 meters away.<\/p>\n<p>Your equipped kitchen overlooking the swimming pool. Nespresso, oven, dishwasher &#8230; The pool house has another kitchen, you will find your shower room, 1 veranda living room opening onto the blue of the swimming pool). Shared breakfasts, nat aperitifs, dinners.<\/p>\n<p>All these spaces are accessible to naturists.<\/p>\n<p>Welcome drink offered. Heated outdoor swimming pool.<\/p>\n<p>House located in Toulouse, St Simon district (6km from the airport) close to a Rocade exit (C\u00e9pi\u00e8re) and metro stations: Mirail Universit\u00e9 or Basso Cambo. One minute from the bike station (cycle for \u20ac 1 \/ day). 2 Tiss\u00e9o bus lines. 8 minutes walk from the shops (bank, bakery, restaurants, mini-market &#8230;) of Place des Pradettes.<br \/>\nEasy parking + Private parking (contact us). The house next door to the lovely LGBT Folles Saisons restaurant, open every noon and in the evening on weekends, including evening shows.<\/p>\n<p>After a first successful hospitality experience hailed by many travelers, in his first house, Marc welcomes you to this new group of houses set on a beautiful garden with swimming pool!<\/p>\n<p>For meals and breakfast, everyone can cook the ingredients they want from their basket. (Supermarket nearby. Two kitchens with 2 fridge-freezers on site are at your disposal. Nespresso machine. Fully equipped kitchens.<\/p>\n<p>Naturist OR textile dinners (on reservation): grilled food, artisanal cassoulet. Vegetarian meals.<\/p>\n<p>Transfer provided (by reservation) from Toulouse-Blagnac Airport or Gare-Toulouse-Matabiau = Participation of 15 \u20ac \/ trip.<\/p>\n<p>You will find on site many tourist brochures and tips LGBT and friendly. Toulouse is a beautiful city of art and culture!<\/p>\n<p>On site, possibility of Balinese massages on the table.<\/p>\n","protected":false},"excerpt":{"rendered":"<p>Gay and naturist Guestroom\u00a0 &#8211; double bed\u00a0 &#8211; ensuite bathroom LGBT and naturist guesthouse. Calm in Toulouse! Beautiful house in typical red bricks on wooded grounds with large swimming pool (heated). YOUR SPACE IN THE GUEST HOUSE: You will have access to a beautiful shared living room, a space open to welcoming travelers. (1 bed<a class=\"more-link\" href=\"https:\/\/booking-gaysejour.com\/gb\/guide\/maison-dhotes-naturiste-a-toulouse-lit-simple-copie\/\">Read more  &#10230;<\/a><\/p>\n","protected":false},"featured_media":61193,"template":"","meta":[],"product_brand":[],"product_cat":[1928,741,1038,789],"product_tag":[1320,1065,1323,1324,1306,1223],"class_list":{"0":"post-44758","1":"product","2":"type-product","3":"status-publish","4":"has-post-thumbnail","6":"product_cat-hebergement-gb","7":"product_cat-france-gb","8":"product_cat-guesthouse-bnb","9":"product_cat-occitania","10":"product_tag-heated-pool","11":"product_tag-massage-gb","12":"product_tag-meal-service","13":"product_tag-naturism","14":"product_tag-naturiste-gb","15":"product_tag-piscine-gb","16":"pa_1-type-gay-men-only","17":"pa_1-type-chambre-hotes-gb","18":"pa_1-type-naturism","19":"pa_2-chambre-et-salle-de-bain-shared-bathroom","20":"pa_5-services-climatisation-gb-2","21":"pa_5-services-handicap-gb","22":"pa_5-services-table-dhotes-gb-2","23":"pa_5-services-wifi-gratuit","24":"pa_6-installations-heaten-pool","25":"pa_6-installations-massage-gb","26":"pa_6-installations-tv-room","27":"yith_shop_vendor-gay-naturist-bnb-toulouse","28":"yith_booking_service-free-wifi","29":"yith_booking_service-jacuzzi-included","30":"yith_booking_service-swimming-pool","31":"yith_booking_service-tv-sat","33":"first","34":"instock","35":"featured","36":"virtual","37":"sold-individually","38":"purchasable","39":"product-type-booking"},"_links":{"self":[{"href":"https:\/\/booking-gaysejour.com\/gb\/wp-json\/wp\/v2\/product\/44758","targetHints":{"allow":["GET"]}}],"collection":[{"href":"https:\/\/booking-gaysejour.com\/gb\/wp-json\/wp\/v2\/product"}],"about":[{"href":"https:\/\/booking-gaysejour.com\/gb\/wp-json\/wp\/v2\/types\/product"}],"wp:featuredmedia":[{"embeddable":true,"href":"https:\/\/booking-gaysejour.com\/gb\/wp-json\/wp\/v2\/media\/61193"}],"wp:attachment":[{"href":"https:\/\/booking-gaysejour.com\/gb\/wp-json\/wp\/v2\/media?parent=44758"}],"wp:term":[{"taxonomy":"product_brand","embeddable":true,"href":"https:\/\/booking-gaysejour.com\/gb\/wp-json\/wp\/v2\/product_brand?post=44758"},{"taxonomy":"product_cat","embeddable":true,"href":"https:\/\/booking-gaysejour.com\/gb\/wp-json\/wp\/v2\/product_cat?post=44758"},{"taxonomy":"product_tag","embeddable":true,"href":"https:\/\/booking-gaysejour.com\/gb\/wp-json\/wp\/v2\/product_tag?post=44758"}],"curies":[{"name":"wp","href":"https:\/\/api.w.org\/{rel}","templated":true}]}}