{"id":44762,"date":"2020-05-29T10:23:19","date_gmt":"2020-05-29T08:23:19","guid":{"rendered":"https:\/\/new.booking-gaysejour.com\/room\/chalet-domaine-naturiste-jenny-porge\/"},"modified":"2020-05-29T10:23:19","modified_gmt":"2020-05-29T08:23:19","slug":"chalet-domaine-naturiste-jenny-porge","status":"publish","type":"product","link":"https:\/\/booking-gaysejour.com\/gb\/guide\/chalet-domaine-naturiste-jenny-porge\/","title":{"rendered":"Chalet La Rorbu"},"content":{"rendered":"<h3>Location pour 1 \u00e0 3 pers dans domaine naturiste &#8211; Location 7 nuits minimum<\/h3>\n<p>Bienvenue au Rorbu &#8211; chalet d&#8217;inspiration norv\u00e9gienne.<\/p>\n<p>Situation id\u00e9ale dans une for\u00eat de pins et \u00e0 quelques minutes de la plage et \u00e0 25 minutes en v\u00e9lo de la <strong>plage gay du Porge<\/strong>&#8230;<\/p>\n<p>Maison en bois, dans le <strong>centre Naturiste de la Jenny<\/strong>, est id\u00e9alement situ\u00e9e. Entour\u00e9e de pins maritimes, elle est tr\u00e8s proche de la plage (quelques minutes en v\u00e9lo, une dizaine de minutes \u00e0 pied).<\/p>\n<p>Une agr\u00e9able<strong> terrasse en bois<\/strong> permet de profiter du soleil ; une douche ext\u00e9rieure pour se rafraichir.<\/p>\n<p>La maison dispose d&#8217;une chambre \u00e0 l&#8217;\u00e9tage, d&#8217;un s\u00e9jour avec une banquette lit, d&#8217;une cuisine et d&#8217;une salle de bain avec douche. Il y a une place de <strong>parking devant la maison.<\/strong><\/p>\n<p>Une grande <strong>piscine chauff\u00e9e<\/strong> est disponible.<\/p>\n<p>Durant la saison d&#8217;\u00e9t\u00e9, des activit\u00e9s sont possibles comme par exemple le tennis, la musculation en salle, le golf, le surf, le kite surf&#8230; Certaines sont incluses, d&#8217;autres avec suppl\u00e9ment. De nombreuses pistes cyclables sont \u00e9galement disponibles.<\/p>\n<p>Des commerces sont \u00e9galement disponibles.<\/p>\n<p>Venir \u00e0 La Jenny, c&#8217;est accepter la charte et les valeurs naturistes. En particulier, la nudit\u00e9 est obligatoire \u00e0 la piscine, au golf et dans le village s&#8217;il fait beau. Pour plus d&#8217;informations, voir le site de La Jenny.<\/p>\n<p>L&#8217;ensemble de la maison est disponible et en particulier:<\/p>\n<p>&#8211; Un four micro-ondes combin\u00e9<\/p>\n<p>&#8211; Un ventilateur<\/p>\n<p>&#8211; Un chauffage dans le salon et un Acova s\u00e8che serviette dans la salle de bain<\/p>\n<p>&#8211; Une climatisation automatique pour les fortes chaleurs<\/p>\n<p>&#8211; Une machine Nespresso<\/p>\n<p>&#8211; Un lave linge et un lave vaisselle<\/p>\n<p>&#8211; Des couvertures sont disponibles<\/p>\n<p>&#8211; Un t\u00e9l\u00e9vision<\/p>\n<p>&#8211; Des rangements pour vos affaires<\/p>\n<p>Pour les heures d&#8217;arriv\u00e9e et de d\u00e9part, merci de les valider avec moi. L&#8217;arriv\u00e9e doit se faire un samedi si le tarif indiqu\u00e9 est \u00e0 la semaine.<\/p>\n<p>Il vous faudra apporter le linge de maison : draps (160x200cm pour la chambre, 140x190cm pour le canap\u00e9), serviettes, torchons&#8230;<\/p>\n<p>De plus, il sera n\u00e9cessaire de payer \u00e0 La Jenny, \u00e0 votre arriv\u00e9e, les frais (30\u20ac), les taxes de s\u00e9jour (environ 1\u20ac\/par personne\/par jour &#8211; obligatoire) ainsi que la Carte Club (2 \u00e0 4.5\u20ac\/par personne\/par jour &#8211; en fonction de la saison, obligatoire, donne acc\u00e8s \u00e0 toutes les activit\u00e9s : tennis, tir \u00e0 l&#8217;arc, yoga, club-enfants de 3 \u00e0 12 ans, club-ados de 12 \u00e0 17 ans, poney-club, gym aquatique, stretching, \u00e9checs, artisanat et soir\u00e9es).<\/p>\n<p>Vos noms, pr\u00e9noms (avec pi\u00e8ce d&#8217;identit\u00e9) et plaque d&#8217;immatriculation seront n\u00e9cessaires pour acc\u00e9der au village de La Jenny.<\/p>\n<p>En tant que photographe professionnel, n&#8217;h\u00e9sitez pas \u00e0 me contacter si vous souhaitez des souvenirs de la r\u00e9gion. Les photos sont \u00e0 vendre dans la maison.<\/p>\n","protected":false},"excerpt":{"rendered":"<p>Location pour 1 \u00e0 3 pers dans domaine naturiste &#8211; Location 7 nuits minimum Bienvenue au Rorbu &#8211; chalet d&#8217;inspiration norv\u00e9gienne. Situation id\u00e9ale dans une for\u00eat de pins et \u00e0 quelques minutes de la plage et \u00e0 25 minutes en v\u00e9lo de la plage gay du Porge&#8230; Maison en bois, dans le centre Naturiste de<a class=\"more-link\" href=\"https:\/\/booking-gaysejour.com\/gb\/guide\/chalet-domaine-naturiste-jenny-porge\/\">Read more  &#10230;<\/a><\/p>\n","protected":false},"featured_media":31697,"template":"","meta":[],"product_brand":[],"product_cat":[799,741,1059],"product_tag":[1306,1659,1223],"class_list":{"0":"post-44762","1":"product","2":"type-product","3":"status-publish","4":"has-post-thumbnail","6":"product_cat-aquitaine","7":"product_cat-france-gb","8":"product_cat-vacation-rental","9":"product_tag-naturiste-gb","10":"product_tag-seaside","11":"product_tag-piscine-gb","12":"pa_1-type-holiday-rental","13":"pa_1-type-naturism","14":"pa_2-chambre-et-salle-de-bain-private-bathroom","15":"pa_2-chambre-et-salle-de-bain-tv-chambre-gb","16":"pa_5-services-parking-on-premise","17":"pa_6-installations-heaten-pool","18":"yith_shop_vendor-chalet-naturist-jenny-porge","20":"first","21":"instock","22":"featured","23":"virtual","24":"sold-individually","25":"purchasable","26":"product-type-booking"},"_links":{"self":[{"href":"https:\/\/booking-gaysejour.com\/gb\/wp-json\/wp\/v2\/product\/44762","targetHints":{"allow":["GET"]}}],"collection":[{"href":"https:\/\/booking-gaysejour.com\/gb\/wp-json\/wp\/v2\/product"}],"about":[{"href":"https:\/\/booking-gaysejour.com\/gb\/wp-json\/wp\/v2\/types\/product"}],"wp:featuredmedia":[{"embeddable":true,"href":"https:\/\/booking-gaysejour.com\/gb\/wp-json\/wp\/v2\/media\/31697"}],"wp:attachment":[{"href":"https:\/\/booking-gaysejour.com\/gb\/wp-json\/wp\/v2\/media?parent=44762"}],"wp:term":[{"taxonomy":"product_brand","embeddable":true,"href":"https:\/\/booking-gaysejour.com\/gb\/wp-json\/wp\/v2\/product_brand?post=44762"},{"taxonomy":"product_cat","embeddable":true,"href":"https:\/\/booking-gaysejour.com\/gb\/wp-json\/wp\/v2\/product_cat?post=44762"},{"taxonomy":"product_tag","embeddable":true,"href":"https:\/\/booking-gaysejour.com\/gb\/wp-json\/wp\/v2\/product_tag?post=44762"}],"curies":[{"name":"wp","href":"https:\/\/api.w.org\/{rel}","templated":true}]}}