{"id":44783,"date":"2020-05-28T08:16:33","date_gmt":"2020-05-28T06:16:33","guid":{"rendered":"https:\/\/new.booking-gaysejour.com\/room\/test\/"},"modified":"2022-03-03T17:23:01","modified_gmt":"2022-03-03T16:23:01","slug":"test","status":"publish","type":"product","link":"https:\/\/booking-gaysejour.com\/gb\/guide\/test\/","title":{"rendered":"Room test 2(fred)"},"content":{"rendered":"<h3>Guestroom 25 m2 &#8211; King size bed or twin bed &#8211;\u00a0 private bathroom<\/h3>\n<p>Situ\u00e9es \u00e0 la fronti\u00e8re de la Normandie et de la Bretagne et \u00e0 15min du Mont Saint Michel, 3 confortables chambres d&#8217;h\u00f4tes 100% naturistes dans un petit paradis de 7000m\u00b2 pour ceux qui d\u00e9sirent d\u00e9couvrir notre belle r\u00e9gion ( Mont Saint Michel- Saint Malo- Granville- Cancale ) et ses quelques plages (naturistes) \u00e0 proximit\u00e9 ou simplement se reposer et profiter de nos espaces.<\/p>\n<p>Grandes terrasses compos\u00e9es d&#8217;un espace lounge &#8211; solarium avec ses transats &#8211; jacuzzi de 10 personnes- Ouvert toute l&#8217;ann\u00e9e. BBQ<br \/>\nPetit d\u00e9jeuner inclus avec toutes les nuit\u00e9es, nous proposons un service de table d&#8217;h\u00f4tes pour le soir. ( sur r\u00e9servation pr\u00e9alable )<\/p>\n<p>Dans l&#8217;esprit et l&#8217;\u00e9thique naturiste, visant au respect de chacun, EDEN BAIE accueille tout public : hommes, femmes, en couple ou seuls, entre amis ou en famille.Ce n&#8217;est pas un lieu de libertinage, ce qui n&#8217;emp\u00eache pas de faire des rencontres.<br \/>\nSi vous \u00eates non naturiste, nous vous proposons un g\u00eete ind\u00e9pendant ( capacit\u00e9 max. 8 pers) \u00e0 proximit\u00e9. Nos espaces naturistes vous seront toutefois ouverts si l&#8217;exp\u00e9rience vous tente &#8230;<\/p>\n<p>&nbsp;<\/p>\n","protected":false},"excerpt":{"rendered":"<p>Guestroom 25 m2 &#8211; King size bed or twin bed &#8211;\u00a0 private bathroom Situ\u00e9es \u00e0 la fronti\u00e8re de la Normandie et de la Bretagne et \u00e0 15min du Mont Saint Michel, 3 confortables chambres d&#8217;h\u00f4tes 100% naturistes dans un petit paradis de 7000m\u00b2 pour ceux qui d\u00e9sirent d\u00e9couvrir notre belle r\u00e9gion ( Mont Saint Michel-<a class=\"more-link\" href=\"https:\/\/booking-gaysejour.com\/gb\/guide\/test\/\">Read more  &#10230;<\/a><\/p>\n","protected":false},"featured_media":0,"template":"","meta":[],"product_brand":[],"product_cat":[724],"product_tag":[],"class_list":{"0":"post-44783","1":"product","2":"type-product","3":"status-publish","5":"product_cat-france","7":"first","8":"instock","9":"sold-individually","10":"shipping-taxable","11":"purchasable","12":"product-type-booking"},"_links":{"self":[{"href":"https:\/\/booking-gaysejour.com\/gb\/wp-json\/wp\/v2\/product\/44783","targetHints":{"allow":["GET"]}}],"collection":[{"href":"https:\/\/booking-gaysejour.com\/gb\/wp-json\/wp\/v2\/product"}],"about":[{"href":"https:\/\/booking-gaysejour.com\/gb\/wp-json\/wp\/v2\/types\/product"}],"wp:attachment":[{"href":"https:\/\/booking-gaysejour.com\/gb\/wp-json\/wp\/v2\/media?parent=44783"}],"wp:term":[{"taxonomy":"product_brand","embeddable":true,"href":"https:\/\/booking-gaysejour.com\/gb\/wp-json\/wp\/v2\/product_brand?post=44783"},{"taxonomy":"product_cat","embeddable":true,"href":"https:\/\/booking-gaysejour.com\/gb\/wp-json\/wp\/v2\/product_cat?post=44783"},{"taxonomy":"product_tag","embeddable":true,"href":"https:\/\/booking-gaysejour.com\/gb\/wp-json\/wp\/v2\/product_tag?post=44783"}],"curies":[{"name":"wp","href":"https:\/\/api.w.org\/{rel}","templated":true}]}}