{"id":44789,"date":"2020-04-16T15:42:04","date_gmt":"2020-04-16T13:42:04","guid":{"rendered":"https:\/\/new.booking-gaysejour.com\/room\/mas-du-coupetadou-suite-familiale\/"},"modified":"2020-04-16T15:42:04","modified_gmt":"2020-04-16T13:42:04","slug":"mas-du-coupetadou-suite-familiale","status":"publish","type":"product","link":"https:\/\/booking-gaysejour.com\/gb\/guide\/mas-du-coupetadou-suite-familiale\/","title":{"rendered":"Suite familiale"},"content":{"rendered":"<h3>2 guestrooms\u00a0 with king size bed and twin bed &#8211;\u00a0 private bathroom &#8211; minimum stay 3 nights in July &amp; August<\/h3>\n<p>Notre <strong>suite Familiale<\/strong> est compos\u00e9e de 2 chambres, s\u00e9par\u00e9es, avec une <strong>entr\u00e9e privative<\/strong>.<\/p>\n<p>La chambre \u00ab des parents \u00bb est \u00e9quip\u00e9e d\u2019un <strong>grand lit en 180 cm<\/strong> (avec matelas \u00e0 m\u00e9moire de forme), pouvant \u00eatre s\u00e9par\u00e9, sur demande, en deux lits individuels. Ambiance d\u2019antan avec parquet, draps anciens,\u00a0murs en pierre\u2026 et une petite touche contemporaine.<\/p>\n<p>La chambre\u00a0 \u00abdes enfants ou des amis\u00bb est \u00e9quip\u00e9e de<strong> 2 lits simples<\/strong> (avec matelas \u00e0 m\u00e9moire de forme), pouvant \u00eatre regroup\u00e9s, sur demande, grand lit en 180 cm (SANS matelas \u00e0 m\u00e9moire de forme). Ambiance africaine avec moquette au sol.<\/p>\n<p>Ces deux chambres disposent d\u2019une salle de bain avec douche et d\u2019un WC en commun.<\/p>\n<p><strong>Enceinte<\/strong> pour \u00e9couter votre musique via votre smartphone ou votre tablette. Acc\u00e8s Wi-Fi gratuit.<\/p>\n<p><strong>Plateau de courtoisie<\/strong> et cafeti\u00e8re Nespresso\u00ae.<\/p>\n<p>Le matin, en saison, le <strong>petit d\u00e9jeuner<\/strong> est servi sur la terrasse ombrag\u00e9e. Le soir le<strong> d\u00eener<\/strong> est possible \u00e0 la table d&#8217;h\u00f4te (sauf le mardi).<\/p>\n<p>Le Mas du Coup\u00e9tadou dispose d&#8217;un espace d\u00e9tente avec un <strong>hammam<\/strong> pour 2 personnes. Sur place, vous pouvez b\u00e9n\u00e9ficier de diff\u00e9rents types de <strong>massages<\/strong> : relaxant, \u00e9nerg\u00e9tique, sportif, amma, tha\u00ef, ayurv\u00e9dique ou tantrique : sur table, sur chaise ou au sol, avec ou sans huile.<\/p>\n","protected":false},"excerpt":{"rendered":"<p>2 guestrooms\u00a0 with king size bed and twin bed &#8211;\u00a0 private bathroom &#8211; minimum stay 3 nights in July &amp; August Notre suite Familiale est compos\u00e9e de 2 chambres, s\u00e9par\u00e9es, avec une entr\u00e9e privative. La chambre \u00ab des parents \u00bb est \u00e9quip\u00e9e d\u2019un grand lit en 180 cm (avec matelas \u00e0 m\u00e9moire de forme), pouvant<a class=\"more-link\" href=\"https:\/\/booking-gaysejour.com\/gb\/guide\/mas-du-coupetadou-suite-familiale\/\">Read more  &#10230;<\/a><\/p>\n","protected":false},"featured_media":29153,"template":"","meta":[],"product_brand":[],"product_cat":[741,1038,789],"product_tag":[1063,1313,1318,1065,1323,1321,1314],"class_list":{"0":"post-44789","1":"product","2":"type-product","3":"status-publish","4":"has-post-thumbnail","6":"product_cat-france-gb","7":"product_cat-guesthouse-bnb","8":"product_cat-occitania","9":"product_tag-campagne-gb","10":"product_tag-hammam-gb","11":"product_tag-hiking","12":"product_tag-massage-gb","13":"product_tag-meal-service","14":"product_tag-montain","15":"product_tag-pets-welcome","16":"pa_1-type-chambre-hotes-gb","17":"pa_2-chambre-et-salle-de-bain-bathroom-towel","18":"pa_2-chambre-et-salle-de-bain-private-bathroom","19":"pa_2-chambre-et-salle-de-bain-terrasse-privative-gb","20":"pa_2-chambre-et-salle-de-bain-placard-penderie-gb","21":"pa_5-services-parking-on-premise","22":"pa_5-services-table-dhotes-gb-2","23":"pa_6-installations-massage-gb","24":"yith_shop_vendor-mas-coupetadou-lozere-cevennes","25":"yith_booking_service-petit-dejeuner-inclus-gb","27":"first","28":"instock","29":"virtual","30":"sold-individually","31":"purchasable","32":"product-type-booking"},"_links":{"self":[{"href":"https:\/\/booking-gaysejour.com\/gb\/wp-json\/wp\/v2\/product\/44789","targetHints":{"allow":["GET"]}}],"collection":[{"href":"https:\/\/booking-gaysejour.com\/gb\/wp-json\/wp\/v2\/product"}],"about":[{"href":"https:\/\/booking-gaysejour.com\/gb\/wp-json\/wp\/v2\/types\/product"}],"wp:featuredmedia":[{"embeddable":true,"href":"https:\/\/booking-gaysejour.com\/gb\/wp-json\/wp\/v2\/media\/29153"}],"wp:attachment":[{"href":"https:\/\/booking-gaysejour.com\/gb\/wp-json\/wp\/v2\/media?parent=44789"}],"wp:term":[{"taxonomy":"product_brand","embeddable":true,"href":"https:\/\/booking-gaysejour.com\/gb\/wp-json\/wp\/v2\/product_brand?post=44789"},{"taxonomy":"product_cat","embeddable":true,"href":"https:\/\/booking-gaysejour.com\/gb\/wp-json\/wp\/v2\/product_cat?post=44789"},{"taxonomy":"product_tag","embeddable":true,"href":"https:\/\/booking-gaysejour.com\/gb\/wp-json\/wp\/v2\/product_tag?post=44789"}],"curies":[{"name":"wp","href":"https:\/\/api.w.org\/{rel}","templated":true}]}}