{"id":44790,"date":"2020-04-16T15:35:28","date_gmt":"2020-04-16T13:35:28","guid":{"rendered":"https:\/\/new.booking-gaysejour.com\/room\/mas-du-coupetadou-chambre-nature\/"},"modified":"2020-04-16T15:35:28","modified_gmt":"2020-04-16T13:35:28","slug":"mas-du-coupetadou-chambre-nature","status":"publish","type":"product","link":"https:\/\/booking-gaysejour.com\/gb\/guide\/mas-du-coupetadou-chambre-nature\/","title":{"rendered":"Chambre Nature"},"content":{"rendered":"<h3>Guestroom with double bed &#8211; private bathroom &#8211; minimum stay 3 nights in July &amp; August<\/h3>\n<p>Notre chambre Nature comporte un lit double en 140 cm (avec sur-matelas \u00e0 m\u00e9moire de forme) et une salle de douche avec WC s\u00e9par\u00e9s.<\/p>\n<p>S\u00e9jour <strong>minimum de 3 nuit\u00e9es en juillet\/ao\u00fbt<\/strong><\/p>\n<p>La d\u00e9coration vous surprendra par l\u2019alliance du bois et de la pierre.<\/p>\n<p>Une porte fen\u00eatre vitr\u00e9e lui donne un <strong>acc\u00e8s direct \u00e0 la terrasse du jardin<\/strong> (id\u00e9al pour nos amis \u00e0 4 pattes).<\/p>\n<p><strong>Enceinte<\/strong> pour \u00e9couter votre musique via votre smartphone ou votre tablette. Acc\u00e8s Wi-Fi gratuit.<\/p>\n<p><strong>Plateau de courtoisie<\/strong> et cafeti\u00e8re Nespresso\u00ae.<\/p>\n<p>Le matin, en saison, le <strong>petit d\u00e9jeuner<\/strong> est servi sur la terrasse ombrag\u00e9e. Le soir le<strong> d\u00eener<\/strong> est possible \u00e0 la table d&#8217;h\u00f4te (sauf le mardi).<\/p>\n<p>Le Mas dispose d&#8217;un espace d\u00e9tente avec un <strong>hammam<\/strong> pour 2 personnes. Sur place, vous pouvez b\u00e9n\u00e9ficier de diff\u00e9rents types de <strong>massages<\/strong> : relaxant, \u00e9nerg\u00e9tique, sportif, amma, tha\u00ef, ayurv\u00e9dique ou tantrique : sur table, sur chaise ou au sol, avec ou sans huile.<\/p>\n","protected":false},"excerpt":{"rendered":"<p>Guestroom with double bed &#8211; private bathroom &#8211; minimum stay 3 nights in July &amp; August Notre chambre Nature comporte un lit double en 140 cm (avec sur-matelas \u00e0 m\u00e9moire de forme) et une salle de douche avec WC s\u00e9par\u00e9s. S\u00e9jour minimum de 3 nuit\u00e9es en juillet\/ao\u00fbt La d\u00e9coration vous surprendra par l\u2019alliance du bois<a class=\"more-link\" href=\"https:\/\/booking-gaysejour.com\/gb\/guide\/mas-du-coupetadou-chambre-nature\/\">Read more  &#10230;<\/a><\/p>\n","protected":false},"featured_media":29103,"template":"","meta":[],"product_brand":[],"product_cat":[741,1038,789],"product_tag":[1063,1313,1318,1065,1323,1321,1314],"class_list":{"0":"post-44790","1":"product","2":"type-product","3":"status-publish","4":"has-post-thumbnail","6":"product_cat-france-gb","7":"product_cat-guesthouse-bnb","8":"product_cat-occitania","9":"product_tag-campagne-gb","10":"product_tag-hammam-gb","11":"product_tag-hiking","12":"product_tag-massage-gb","13":"product_tag-meal-service","14":"product_tag-montain","15":"product_tag-pets-welcome","16":"pa_1-type-chambre-hotes-gb","17":"pa_2-chambre-et-salle-de-bain-bathroom-towel","18":"pa_2-chambre-et-salle-de-bain-private-bathroom","19":"pa_2-chambre-et-salle-de-bain-placard-penderie-gb","20":"pa_5-services-parking-on-premise","21":"pa_5-services-table-dhotes-gb-2","22":"pa_6-installations-massage-gb","23":"yith_shop_vendor-mas-coupetadou-lozere-cevennes","24":"yith_booking_service-petit-dejeuner-inclus-gb","26":"first","27":"instock","28":"virtual","29":"sold-individually","30":"purchasable","31":"product-type-booking"},"_links":{"self":[{"href":"https:\/\/booking-gaysejour.com\/gb\/wp-json\/wp\/v2\/product\/44790","targetHints":{"allow":["GET"]}}],"collection":[{"href":"https:\/\/booking-gaysejour.com\/gb\/wp-json\/wp\/v2\/product"}],"about":[{"href":"https:\/\/booking-gaysejour.com\/gb\/wp-json\/wp\/v2\/types\/product"}],"wp:featuredmedia":[{"embeddable":true,"href":"https:\/\/booking-gaysejour.com\/gb\/wp-json\/wp\/v2\/media\/29103"}],"wp:attachment":[{"href":"https:\/\/booking-gaysejour.com\/gb\/wp-json\/wp\/v2\/media?parent=44790"}],"wp:term":[{"taxonomy":"product_brand","embeddable":true,"href":"https:\/\/booking-gaysejour.com\/gb\/wp-json\/wp\/v2\/product_brand?post=44790"},{"taxonomy":"product_cat","embeddable":true,"href":"https:\/\/booking-gaysejour.com\/gb\/wp-json\/wp\/v2\/product_cat?post=44790"},{"taxonomy":"product_tag","embeddable":true,"href":"https:\/\/booking-gaysejour.com\/gb\/wp-json\/wp\/v2\/product_tag?post=44790"}],"curies":[{"name":"wp","href":"https:\/\/api.w.org\/{rel}","templated":true}]}}