{"id":44806,"date":"2020-03-30T09:52:34","date_gmt":"2020-03-30T07:52:34","guid":{"rendered":"https:\/\/new.booking-gaysejour.com\/room\/domaine-des-galards-chambre-four-a-pain\/"},"modified":"2020-03-30T09:52:34","modified_gmt":"2020-03-30T07:52:34","slug":"domaine-des-galards-chambre-four-a-pain","status":"publish","type":"product","link":"https:\/\/booking-gaysejour.com\/gb\/guide\/domaine-des-galards-chambre-four-a-pain\/","title":{"rendered":"Chambre Four a Pain"},"content":{"rendered":"<h3>Guestroom\u00a0 with king size bed + single bed &#8211; private bathroom<\/h3>\n<p>Situ\u00e9 au rez-de-chauss\u00e9e, cette chambre datant du 18\u00e8me si\u00e8cle est convertie au 19\u00e8me en buanderie et four \u00e0 pain pour redevenir chambre d&#8217;h\u00f4tes de charme. \u200b<\/p>\n<p>Cet espace de 40m2 est agr\u00e9e par Tourisme et Handicaps pour les quatre handicaps.<\/p>\n<p>Situ\u00e9 en Charente Maritime,\u00a0 le domaine est au d\u00e9part de randonn\u00e9es, de d\u00e9couvertes du patrimoine et de la gastronomie.<\/p>\n<p>La maison du 17\u00e8me et 19\u00e8me si\u00e8cle typique de la r\u00e9gion vous accueille dans le charme et le calme du cadre champ\u00eatre et du parc orn\u00e9 d\u2019arbres centenaires abritant jardin et piscine, avec acc\u00e8s \u00e0 l\u2019\u00e9tang de p\u00eache.<\/p>\n","protected":false},"excerpt":{"rendered":"<p>Guestroom\u00a0 with king size bed + single bed &#8211; private bathroom Situ\u00e9 au rez-de-chauss\u00e9e, cette chambre datant du 18\u00e8me si\u00e8cle est convertie au 19\u00e8me en buanderie et four \u00e0 pain pour redevenir chambre d&#8217;h\u00f4tes de charme. \u200b Cet espace de 40m2 est agr\u00e9e par Tourisme et Handicaps pour les quatre handicaps. Situ\u00e9 en Charente Maritime,\u00a0<a class=\"more-link\" href=\"https:\/\/booking-gaysejour.com\/gb\/guide\/domaine-des-galards-chambre-four-a-pain\/\">Read more  &#10230;<\/a><\/p>\n","protected":false},"featured_media":28391,"template":"","meta":[],"product_brand":[],"product_cat":[1928,799,741,1038],"product_tag":[1063,1610,1314,1223],"class_list":{"0":"post-44806","1":"product","2":"type-product","3":"status-publish","4":"has-post-thumbnail","6":"product_cat-hebergement-gb","7":"product_cat-aquitaine","8":"product_cat-france-gb","9":"product_cat-guesthouse-bnb","10":"product_tag-campagne-gb","11":"product_tag-instant-booking","12":"product_tag-pets-welcome","13":"product_tag-piscine-gb","14":"pa_1-type-chambre-hotes-gb","15":"pa_2-chambre-et-salle-de-bain-disabled-access","16":"pa_2-chambre-et-salle-de-bain-private-bathroom","17":"pa_5-services-parking-on-premise","18":"pa_5-services-table-dhotes-gb-2","19":"pa_5-services-wifi-gratuit","20":"pa_6-installations-piscine-gb","21":"yith_shop_vendor-domaine-galards-charente-maritime-france","22":"yith_booking_service-petit-dejeuner-inclus-gb","23":"yith_booking_service-table-dhotes-30-e-pers-gb-2","25":"first","26":"instock","27":"featured","28":"virtual","29":"sold-individually","30":"purchasable","31":"product-type-booking"},"_links":{"self":[{"href":"https:\/\/booking-gaysejour.com\/gb\/wp-json\/wp\/v2\/product\/44806","targetHints":{"allow":["GET"]}}],"collection":[{"href":"https:\/\/booking-gaysejour.com\/gb\/wp-json\/wp\/v2\/product"}],"about":[{"href":"https:\/\/booking-gaysejour.com\/gb\/wp-json\/wp\/v2\/types\/product"}],"wp:featuredmedia":[{"embeddable":true,"href":"https:\/\/booking-gaysejour.com\/gb\/wp-json\/wp\/v2\/media\/28391"}],"wp:attachment":[{"href":"https:\/\/booking-gaysejour.com\/gb\/wp-json\/wp\/v2\/media?parent=44806"}],"wp:term":[{"taxonomy":"product_brand","embeddable":true,"href":"https:\/\/booking-gaysejour.com\/gb\/wp-json\/wp\/v2\/product_brand?post=44806"},{"taxonomy":"product_cat","embeddable":true,"href":"https:\/\/booking-gaysejour.com\/gb\/wp-json\/wp\/v2\/product_cat?post=44806"},{"taxonomy":"product_tag","embeddable":true,"href":"https:\/\/booking-gaysejour.com\/gb\/wp-json\/wp\/v2\/product_tag?post=44806"}],"curies":[{"name":"wp","href":"https:\/\/api.w.org\/{rel}","templated":true}]}}