{"id":44807,"date":"2020-03-30T09:53:55","date_gmt":"2020-03-30T07:53:55","guid":{"rendered":"https:\/\/new.booking-gaysejour.com\/room\/domaine-des-gaillards-chambre-poulailler\/"},"modified":"2020-03-30T09:53:55","modified_gmt":"2020-03-30T07:53:55","slug":"domaine-des-gaillards-chambre-poulailler","status":"publish","type":"product","link":"https:\/\/booking-gaysejour.com\/gb\/guide\/domaine-des-gaillards-chambre-poulailler\/","title":{"rendered":"Chambre Poulailler"},"content":{"rendered":"<h3>30m2 guestroom &#8211; 2 single bed 5120 x 190 cm) &#8211; private bathroom<\/h3>\n<p>Au rez-de-chauss\u00e9e, dans une d\u00e9pendance du 18\u00e8me si\u00e8cle, cette ancienne chambre transform\u00e9e en poulailler au 19\u00e8me si\u00e8cle \u00e0 \u00e9t\u00e9 r\u00e9habilit\u00e9e en 2004 dans un style de mobilier 1900 en fer peint imitant le bois.\u200b<\/p>\n<p>Le Domaine les Galards, maison du 17\u00e8me et 19\u00e8me si\u00e8cle typique de la r\u00e9gion, vous accueille dans le charme et le calme du cadre champ\u00eatre et du parc orn\u00e9 d\u2019arbres centenaires abritant <strong>jardin<\/strong> et piscine, avec acc\u00e8s \u00e0 l\u2019\u00e9tang de p\u00eache.<\/p>\n<p>La <strong>piscine d&#8217;\u00e9t\u00e9<\/strong> est orient\u00e9e plein ouest afin de pouvoir\u00a0b\u00e9n\u00e9ficier des couchers de soleil se refl\u00e9tant sur l&#8217;\u00e9tang situ\u00e9 en contreba<strong>s.\u200b <\/strong>Sa superficie de 5x10m est accessible \u00e0 tous de par sa faible profondeur de 1,40m . Sa large plage laisse la place aux fauteuils et transats sous les parasols.\u200b La piscine est accessible \u00e0 l&#8217;ensemble de la client\u00e8le\u00a0tous les jours\u00a0de 9h\/22h du 15 juin au 30 septembre. \u200b<\/p>\n<p><strong>Table d&#8217;h\u00f4tes<\/strong> sur r\u00e9servation.<\/p>\n<p>Id\u00e9alement situ\u00e9 \u00e0 proximit\u00e9 de la Charente, la Dordogne et la Gironde pour d\u00e9couvrir ses grands vins et d\u00e9licieux produits du terroir r\u00e9put\u00e9 .<\/p>\n","protected":false},"excerpt":{"rendered":"<p>30m2 guestroom &#8211; 2 single bed 5120 x 190 cm) &#8211; private bathroom Au rez-de-chauss\u00e9e, dans une d\u00e9pendance du 18\u00e8me si\u00e8cle, cette ancienne chambre transform\u00e9e en poulailler au 19\u00e8me si\u00e8cle \u00e0 \u00e9t\u00e9 r\u00e9habilit\u00e9e en 2004 dans un style de mobilier 1900 en fer peint imitant le bois.\u200b Le Domaine les Galards, maison du 17\u00e8me et<a class=\"more-link\" href=\"https:\/\/booking-gaysejour.com\/gb\/guide\/domaine-des-gaillards-chambre-poulailler\/\">Read more  &#10230;<\/a><\/p>\n","protected":false},"featured_media":28347,"template":"","meta":[],"product_brand":[],"product_cat":[799,741,1038],"product_tag":[1063,1610,1323,1223],"class_list":{"0":"post-44807","1":"product","2":"type-product","3":"status-publish","4":"has-post-thumbnail","6":"product_cat-aquitaine","7":"product_cat-france-gb","8":"product_cat-guesthouse-bnb","9":"product_tag-campagne-gb","10":"product_tag-instant-booking","11":"product_tag-meal-service","12":"product_tag-piscine-gb","13":"pa_1-type-chambre-hotes-gb","14":"pa_2-chambre-et-salle-de-bain-bathroom-towel","15":"pa_2-chambre-et-salle-de-bain-private-bathroom","16":"pa_5-services-parking-on-premise","17":"pa_5-services-table-dhotes-gb-2","18":"pa_5-services-wifi-gratuit","19":"pa_6-installations-piscine-gb","20":"yith_shop_vendor-domaine-galards-charente-maritime-france","21":"yith_booking_service-petit-dejeuner-inclus-gb","22":"yith_booking_service-table-dhotes-30-e-pers-gb-2","24":"first","25":"instock","26":"featured","27":"virtual","28":"sold-individually","29":"purchasable","30":"product-type-booking"},"_links":{"self":[{"href":"https:\/\/booking-gaysejour.com\/gb\/wp-json\/wp\/v2\/product\/44807","targetHints":{"allow":["GET"]}}],"collection":[{"href":"https:\/\/booking-gaysejour.com\/gb\/wp-json\/wp\/v2\/product"}],"about":[{"href":"https:\/\/booking-gaysejour.com\/gb\/wp-json\/wp\/v2\/types\/product"}],"wp:featuredmedia":[{"embeddable":true,"href":"https:\/\/booking-gaysejour.com\/gb\/wp-json\/wp\/v2\/media\/28347"}],"wp:attachment":[{"href":"https:\/\/booking-gaysejour.com\/gb\/wp-json\/wp\/v2\/media?parent=44807"}],"wp:term":[{"taxonomy":"product_brand","embeddable":true,"href":"https:\/\/booking-gaysejour.com\/gb\/wp-json\/wp\/v2\/product_brand?post=44807"},{"taxonomy":"product_cat","embeddable":true,"href":"https:\/\/booking-gaysejour.com\/gb\/wp-json\/wp\/v2\/product_cat?post=44807"},{"taxonomy":"product_tag","embeddable":true,"href":"https:\/\/booking-gaysejour.com\/gb\/wp-json\/wp\/v2\/product_tag?post=44807"}],"curies":[{"name":"wp","href":"https:\/\/api.w.org\/{rel}","templated":true}]}}