{"id":45116,"date":"2020-02-06T15:24:40","date_gmt":"2020-02-06T14:24:40","guid":{"rendered":"https:\/\/new.booking-gaysejour.com\/?post_type=product&#038;p=45116"},"modified":"2025-03-18T16:42:16","modified_gmt":"2025-03-18T15:42:16","slug":"chalet-avec-espace-detente-prive-spa-sauna-finlandais-et-hammam","status":"publish","type":"product","link":"https:\/\/booking-gaysejour.com\/gb\/guide\/chalet-avec-espace-detente-prive-spa-sauna-finlandais-et-hammam\/","title":{"rendered":"Chalet avec espace d\u00e9tente priv\u00e9 &#8211; Spa, sauna finlandais et hammam"},"content":{"rendered":"<h3>Chalet 145m2 &#8211; 10 guests<\/h3>\n<p>Chalet situ\u00e9 au centre de Xonrupt-Longemer, dans la vall\u00e9e des lacs des Hautes Vosges. Le chalet se situe \u00e0 2km du lac Longemer et des plaisirs nautiques.<\/p>\n<p>Acc\u00e8s illimit\u00e9 et enti\u00e8rement priv\u00e9 de l&#8217;espace wellness avec jacuzzi, sauna finlandais, hammam. Le spa ext\u00e9rieur vous permettra de profiter de la sa vue sur la prairie, et de vous relaxer sur les chaises longues.<br \/>\nL&#8217;espace d\u00e9tente est \u00e9galement \u00e9quip\u00e9 d&#8217;un bar, d&#8217;une vasque en pierre, d&#8217;une douche italienne, d&#8217;un po\u00eale \u00e0 bois, et pour votre confort du chauffage au sol et d&#8217;un s\u00e8che serviettes.<\/p>\n<p>Au premier \u00e9tage avec acc\u00e8s par un escalier ext\u00e9rieur : terrasse en bois avec salon de jardin, barbecue au gaz et loggia.<br \/>\nPi\u00e8ce \u00e0 vivre avec cuisine \u00e9quip\u00e9e ouverte sur s\u00e9jour salon. Petits appareils \u00e9lectriques fournis.<br \/>\nCoin TV \u00e9cran plat pour enfants avec WII et jeux, biblioth\u00e8que.<br \/>\nSalle de bain avec vasques double, douche italienne, lave linge et s\u00e8che linge.<\/p>\n<p>A l\u2019\u00e9tage :<\/p>\n<p>Petite chambre borgne avec deux lits simples ( 90 x 190 ) et fen\u00eatre fictive.<br \/>\nUne chambre tr\u00e8s mansard\u00e9e avec un lit king size de 180 x 200 et TV \u00e9cran plat.<br \/>\nUne chambre avec 2 lits king size de 180 x 200 et TV \u00e9cran plat ; divis\u00e9e par un rideau permettant ainsi d\u2019avoir 2 chambres s\u00e9par\u00e9s.<br \/>\nWC \u00e0 chaque \u00e9tage avec lave mains.<\/p>\n<p>TARIF HORS CHARGES (\u00e9lectricit\u00e9, taxe de s\u00e9jour et m\u00e9nage).<\/p>\n<p>Le linge de lit n&#8217;est pas fourni. Il peut \u00eatre lou\u00e9 \u00e0 20\u20ac la parure.<\/p>\n","protected":false},"excerpt":{"rendered":"<p>Chalet 145m2 &#8211; 10 guests Chalet situ\u00e9 au centre de Xonrupt-Longemer, dans la vall\u00e9e des lacs des Hautes Vosges. Le chalet se situe \u00e0 2km du lac Longemer et des plaisirs nautiques. Acc\u00e8s illimit\u00e9 et enti\u00e8rement priv\u00e9 de l&#8217;espace wellness avec jacuzzi, sauna finlandais, hammam. Le spa ext\u00e9rieur vous permettra de profiter de la sa<a class=\"more-link\" href=\"https:\/\/booking-gaysejour.com\/gb\/guide\/chalet-avec-espace-detente-prive-spa-sauna-finlandais-et-hammam\/\">Read more  &#10230;<\/a><\/p>\n","protected":false},"featured_media":46729,"template":"","meta":[],"product_brand":[],"product_cat":[741,802],"product_tag":[],"class_list":{"0":"post-45116","1":"product","2":"type-product","3":"status-publish","4":"has-post-thumbnail","6":"product_cat-france-gb","7":"product_cat-grand-est-gb","8":"pa_1-type-holiday-rental","9":"pa_2-chambre-et-salle-de-bain-private-bathroom","10":"pa_2-chambre-et-salle-de-bain-tv-chambre-gb","11":"pa_2-chambre-et-salle-de-bain-placard-penderie-gb","12":"pa_2-chambre-et-salle-de-bain-wc-privatif-gb","13":"pa_5-services-washer","14":"pa_5-services-wifi-gratuit","15":"pa_6-installations-hammam","16":"pa_6-installations-jacuzzi-gb","17":"pa_6-installations-sauna-gb","18":"pa_6-installations-tv-room","19":"yith_shop_vendor-chalet-in-the-vosges","21":"first","22":"instock","23":"featured","24":"virtual","25":"sold-individually","26":"purchasable","27":"product-type-booking"},"_links":{"self":[{"href":"https:\/\/booking-gaysejour.com\/gb\/wp-json\/wp\/v2\/product\/45116","targetHints":{"allow":["GET"]}}],"collection":[{"href":"https:\/\/booking-gaysejour.com\/gb\/wp-json\/wp\/v2\/product"}],"about":[{"href":"https:\/\/booking-gaysejour.com\/gb\/wp-json\/wp\/v2\/types\/product"}],"wp:featuredmedia":[{"embeddable":true,"href":"https:\/\/booking-gaysejour.com\/gb\/wp-json\/wp\/v2\/media\/46729"}],"wp:attachment":[{"href":"https:\/\/booking-gaysejour.com\/gb\/wp-json\/wp\/v2\/media?parent=45116"}],"wp:term":[{"taxonomy":"product_brand","embeddable":true,"href":"https:\/\/booking-gaysejour.com\/gb\/wp-json\/wp\/v2\/product_brand?post=45116"},{"taxonomy":"product_cat","embeddable":true,"href":"https:\/\/booking-gaysejour.com\/gb\/wp-json\/wp\/v2\/product_cat?post=45116"},{"taxonomy":"product_tag","embeddable":true,"href":"https:\/\/booking-gaysejour.com\/gb\/wp-json\/wp\/v2\/product_tag?post=45116"}],"curies":[{"name":"wp","href":"https:\/\/api.w.org\/{rel}","templated":true}]}}