{"id":45156,"date":"2019-12-11T09:05:26","date_gmt":"2019-12-11T08:05:26","guid":{"rendered":"https:\/\/new.booking-gaysejour.com\/room\/casa-helios-la-roulotte\/"},"modified":"2025-03-18T16:48:32","modified_gmt":"2025-03-18T15:48:32","slug":"casa-helios-la-roulotte","status":"publish","type":"product","link":"https:\/\/booking-gaysejour.com\/gb\/guide\/casa-helios-la-roulotte\/","title":{"rendered":"Casa Helios &#8211; La Roulotte"},"content":{"rendered":"<h3>Caravan &#8211; 2 guests<\/h3>\n<p style=\"text-align: left;\">Vous pouvez profiter des prestations de la maison d&#8217;h\u00f4tes (camping) comme les autres guests .<\/p>\n<p style=\"text-align: left;\">Nous vous proposons la table d&#8217;h\u00f4tes au prix de 25\u20ac par personnes ou en demi-pension \u00e0 tarifs pr\u00e9f\u00e9rentiel de 20 \u20ac \/ jour et par personne.<\/p>\n<p>Vous avez des sanitaires et WC sur le terrain<\/p>\n<p>Vous pouvez profiter de la table d&#8217;h\u00f4tes<\/p>\n<p>Piscine chauff\u00e9e. Naturistes bienvenus<\/p>\n<p>Les tarifs sont avec le petit d\u00e9jeuner de compris.<\/p>\n","protected":false},"excerpt":{"rendered":"<p>Caravan &#8211; 2 guests Vous pouvez profiter des prestations de la maison d&#8217;h\u00f4tes (camping) comme les autres guests . Nous vous proposons la table d&#8217;h\u00f4tes au prix de 25\u20ac par personnes ou en demi-pension \u00e0 tarifs pr\u00e9f\u00e9rentiel de 20 \u20ac \/ jour et par personne. Vous avez des sanitaires et WC sur le terrain Vous<a class=\"more-link\" href=\"https:\/\/booking-gaysejour.com\/gb\/guide\/casa-helios-la-roulotte\/\">Read more  &#10230;<\/a><\/p>\n","protected":false},"featured_media":54533,"template":"","meta":[],"product_brand":[],"product_cat":[741,1038,834],"product_tag":[1064,1306],"class_list":{"0":"post-45156","1":"product","2":"type-product","3":"status-publish","4":"has-post-thumbnail","6":"product_cat-france-gb","7":"product_cat-guesthouse-bnb","8":"product_cat-provence-alpes-cote-dazur-gb","9":"product_tag-gay-only-gb","10":"product_tag-naturiste-gb","11":"pa_1-type-gay-men-only","12":"pa_1-type-chambre-hotes-gb","13":"pa_1-type-naturism","14":"pa_2-chambre-et-salle-de-bain-bathroom-towel","15":"pa_2-chambre-et-salle-de-bain-shared-bathroom","16":"pa_5-services-parking-on-premise","17":"pa_5-services-table-dhotes-gb-2","18":"pa_6-installations-heaten-pool","19":"yith_shop_vendor-casa-helios-gay-bnb","20":"yith_booking_service-1-2-pension-23e-jour-pers","21":"yith_booking_service-petit-dejeuner-inclus-gb","23":"first","24":"instock","25":"featured","26":"virtual","27":"sold-individually","28":"purchasable","29":"product-type-booking"},"_links":{"self":[{"href":"https:\/\/booking-gaysejour.com\/gb\/wp-json\/wp\/v2\/product\/45156","targetHints":{"allow":["GET"]}}],"collection":[{"href":"https:\/\/booking-gaysejour.com\/gb\/wp-json\/wp\/v2\/product"}],"about":[{"href":"https:\/\/booking-gaysejour.com\/gb\/wp-json\/wp\/v2\/types\/product"}],"wp:featuredmedia":[{"embeddable":true,"href":"https:\/\/booking-gaysejour.com\/gb\/wp-json\/wp\/v2\/media\/54533"}],"wp:attachment":[{"href":"https:\/\/booking-gaysejour.com\/gb\/wp-json\/wp\/v2\/media?parent=45156"}],"wp:term":[{"taxonomy":"product_brand","embeddable":true,"href":"https:\/\/booking-gaysejour.com\/gb\/wp-json\/wp\/v2\/product_brand?post=45156"},{"taxonomy":"product_cat","embeddable":true,"href":"https:\/\/booking-gaysejour.com\/gb\/wp-json\/wp\/v2\/product_cat?post=45156"},{"taxonomy":"product_tag","embeddable":true,"href":"https:\/\/booking-gaysejour.com\/gb\/wp-json\/wp\/v2\/product_tag?post=45156"}],"curies":[{"name":"wp","href":"https:\/\/api.w.org\/{rel}","templated":true}]}}