{"id":63126,"date":"2022-11-10T10:38:41","date_gmt":"2022-11-10T09:38:41","guid":{"rendered":"https:\/\/booking-gaysejour.com\/room\/appartement-edelweiss-426-chamrousse\/"},"modified":"2025-03-18T16:38:59","modified_gmt":"2025-03-18T15:38:59","slug":"appartement-edelweiss-426-chamrousse","status":"publish","type":"product","link":"https:\/\/booking-gaysejour.com\/gb\/guide\/appartement-edelweiss-426-chamrousse\/","title":{"rendered":"Appartement Edelweiss 426 @ Chamrousse"},"content":{"rendered":"<h3>Appartement de 18m\u00b2 au pied des pistes, id\u00e9al pour 2 ou 4 personnes.<\/h3>\n<p>Au 4\u00e8me \u00e9tage de la r\u00e9sidence \u00ab Les Edelweiss \u00bb (visible depuis la webcam de Chamrousse), balcon vue panoramique sur La Croix de Chamrousse et la station<\/p>\n<p>R\u00e9sidence avec gardien, casier \u00e0 skis priv\u00e9 et parking collectif priv\u00e9 gratuit.<\/p>\n<p>V\u00e9ritable d\u00e9part et retour skis aux pieds avec acc\u00e8s direct aux pistes (par le local \u00e0 ski qui donne sur la piste bleue \u00ab Fus\u00e9e \u00bb).<\/p>\n<p>Totalement r\u00e9nov\u00e9 en 2022, l&#8217;appartement se compose :<\/p>\n<p>une cuisine ouverte sur le salon avec 2 plaques induction, r\u00e9frig\u00e9rateur, cafeti\u00e8re, bouilloire, four, micro-onde, service \u00e0 raclette.<\/p>\n<p>Salle de bain avec baignoire, lavabo, wc \u00a0et s\u00e8che serviette.<\/p>\n<p>Salon avec \u00a0canap\u00e9s convertible (140) table de salon permettant de diner \u00e0 4 personnes, 1fauteuil ,TV TNT et connect\u00e9 ( attention pas de wifi! pr\u00e9voir le partage de connection avec votre portable )<\/p>\n<p>coin &#8220;montagne &#8221; dans l&#8217;entr\u00e9e avec un canap\u00e9 convertible (140)<\/p>\n<p>Arr\u00eat de la navette gratuite devant la r\u00e9sidence. Vous pourrez donc laisser votre voiture devant la r\u00e9sidence et profiter en navette gratuite de toute la station. Cette navette dessert les 2 parties de la station \u00ab Recoin \u00bb et \u00ab Roche b\u00e9ranger \u00bb ainsi que le domaine de ski de fond \u00ab L\u2019arselle \u00bb.<\/p>\n<p>Les draps et le linge de maison ne sont pas fournis. Il y a dans l\u2019appartement : 2 couettes 140 et 4 oreillers<\/p>\n<p>Le m\u00e9nage est \u00e0 faire avant votre d\u00e9part.<\/p>\n<p>Animaux non admis. Appartement non fumeur.<\/p>\n<p>7 nuits minimum pendant la p\u00e9riode hivers, 2 nuits le reste de l&#8217;ann\u00e9e<\/p>\n<p>Tarifs hivers 550\u20ac pendant les vacances scolaires 450\u20ac hors vacances scolaires<\/p>\n<p>location du samedi 15H au Samedi 11H Acompte 30% et ch\u00e8que de caution 250\u20ac non encaiss\u00e9 au moment de la r\u00e9servation<\/p>\n<p>&nbsp;<\/p>\n","protected":false},"excerpt":{"rendered":"<p>Appartement de 18m\u00b2 au pied des pistes, id\u00e9al pour 2 ou 4 personnes. Au 4\u00e8me \u00e9tage de la r\u00e9sidence \u00ab Les Edelweiss \u00bb (visible depuis la webcam de Chamrousse), balcon vue panoramique sur La Croix de Chamrousse et la station R\u00e9sidence avec gardien, casier \u00e0 skis priv\u00e9 et parking collectif priv\u00e9 gratuit. V\u00e9ritable d\u00e9part et<a class=\"more-link\" href=\"https:\/\/booking-gaysejour.com\/gb\/guide\/appartement-edelweiss-426-chamrousse\/\">Read more  &#10230;<\/a><\/p>\n","protected":false},"featured_media":70177,"template":"","meta":[],"product_brand":[],"product_cat":[1928,805,741,1059],"product_tag":[1817,1321,1814,1816],"class_list":{"0":"post-63126","1":"product","2":"type-product","3":"status-publish","4":"has-post-thumbnail","6":"product_cat-hebergement-gb","7":"product_cat-auvergne-rhone-alpes-gb","8":"product_cat-france-gb","9":"product_cat-vacation-rental","10":"product_tag-isere-gb","11":"product_tag-montain","12":"product_tag-ski-gb","13":"product_tag-sport-dhivers-gb","14":"yith_shop_vendor-gite-obleue-grenoble-alps","16":"first","17":"instock","18":"virtual","19":"sold-individually","20":"purchasable","21":"product-type-booking"},"_links":{"self":[{"href":"https:\/\/booking-gaysejour.com\/gb\/wp-json\/wp\/v2\/product\/63126","targetHints":{"allow":["GET"]}}],"collection":[{"href":"https:\/\/booking-gaysejour.com\/gb\/wp-json\/wp\/v2\/product"}],"about":[{"href":"https:\/\/booking-gaysejour.com\/gb\/wp-json\/wp\/v2\/types\/product"}],"wp:featuredmedia":[{"embeddable":true,"href":"https:\/\/booking-gaysejour.com\/gb\/wp-json\/wp\/v2\/media\/70177"}],"wp:attachment":[{"href":"https:\/\/booking-gaysejour.com\/gb\/wp-json\/wp\/v2\/media?parent=63126"}],"wp:term":[{"taxonomy":"product_brand","embeddable":true,"href":"https:\/\/booking-gaysejour.com\/gb\/wp-json\/wp\/v2\/product_brand?post=63126"},{"taxonomy":"product_cat","embeddable":true,"href":"https:\/\/booking-gaysejour.com\/gb\/wp-json\/wp\/v2\/product_cat?post=63126"},{"taxonomy":"product_tag","embeddable":true,"href":"https:\/\/booking-gaysejour.com\/gb\/wp-json\/wp\/v2\/product_tag?post=63126"}],"curies":[{"name":"wp","href":"https:\/\/api.w.org\/{rel}","templated":true}]}}