{"id":63128,"date":"2022-10-25T18:36:10","date_gmt":"2022-10-25T16:36:10","guid":{"rendered":"https:\/\/booking-gaysejour.com\/room\/a-casa-di-lo-lo\/"},"modified":"2025-03-18T16:38:59","modified_gmt":"2025-03-18T15:38:59","slug":"a-casa-di-lo-lo","status":"publish","type":"product","link":"https:\/\/booking-gaysejour.com\/gb\/guide\/a-casa-di-lo-lo\/","title":{"rendered":"A Casa di Lo Lo @ Noto"},"content":{"rendered":"<h3>Location de vacances &#8211; 2 personnes &#8211; 2 nuits minimum<\/h3>\n<p>Dot\u00e9 d&#8217;une terrasse, l&#8217;\u00e9tablissement A Casa di Lo Lo est situ\u00e9 \u00e0 Noto, \u00e0 500 m\u00e8tres de la cath\u00e9drale, \u00e0 12 km de la r\u00e9serve naturelle de Vendicari et \u00e0 37 km du Castello Eurialo. Vous s\u00e9journerez \u00e0 39 km de Porto Piccolo et de Fontana di Diana.<\/p>\n<p>Cette maison de vacances climatis\u00e9e comprend une chambre, une t\u00e9l\u00e9vision \u00e0 \u00e9cran plat ainsi qu&#8217;une cuisine \u00e9quip\u00e9e d&#8217;un r\u00e9frig\u00e9rateur et de plaques de cuisson. Les serviettes et le linge de lit sont fournis.<\/p>\n<p>Vous s\u00e9journerez \u00e0 38 km du parc arch\u00e9ologique de N\u00e9apolis et \u00e0 39 km de Tempio di Apollo. L&#8217;a\u00e9roport de Comiso, le plus proche, est implant\u00e9 \u00e0 75 km<\/p>\n","protected":false},"excerpt":{"rendered":"<p>Location de vacances &#8211; 2 personnes &#8211; 2 nuits minimum Dot\u00e9 d&#8217;une terrasse, l&#8217;\u00e9tablissement A Casa di Lo Lo est situ\u00e9 \u00e0 Noto, \u00e0 500 m\u00e8tres de la cath\u00e9drale, \u00e0 12 km de la r\u00e9serve naturelle de Vendicari et \u00e0 37 km du Castello Eurialo. Vous s\u00e9journerez \u00e0 39 km de Porto Piccolo et de<a class=\"more-link\" href=\"https:\/\/booking-gaysejour.com\/gb\/guide\/a-casa-di-lo-lo\/\">Read more  &#10230;<\/a><\/p>\n","protected":false},"featured_media":62279,"template":"","meta":[],"product_brand":[],"product_cat":[1928,900,1905,1059],"product_tag":[1306,1317,1659],"class_list":{"0":"post-63128","1":"product","2":"type-product","3":"status-publish","4":"has-post-thumbnail","6":"product_cat-hebergement-gb","7":"product_cat-italie-gb","8":"product_cat-sicily","9":"product_cat-vacation-rental","10":"product_tag-naturiste-gb","11":"product_tag-romantic","12":"product_tag-seaside","13":"pa_1-type-holiday-rental","14":"pa_1-type-naturism","15":"pa_2-chambre-et-salle-de-bain-air-conditioning","16":"pa_2-chambre-et-salle-de-bain-bathroom-towel","17":"pa_2-chambre-et-salle-de-bain-beach-towel","18":"pa_2-chambre-et-salle-de-bain-linen","19":"pa_2-chambre-et-salle-de-bain-private-bathroom","20":"pa_2-chambre-et-salle-de-bain-tv-chambre-gb","21":"pa_2-chambre-et-salle-de-bain-terrasse-privative-gb","22":"pa_2-chambre-et-salle-de-bain-placard-penderie-gb","23":"pa_2-chambre-et-salle-de-bain-wc-privatif-gb","24":"pa_5-services-climatisation-gb-2","25":"pa_5-services-free-parking-nearby","26":"pa_5-services-wifi-gratuit","27":"pa_6-installations-climatisation-gb","28":"yith_shop_vendor-a-casa-di-lo-lo-sicile","30":"first","31":"instock","32":"virtual","33":"sold-individually","34":"purchasable","35":"product-type-booking"},"_links":{"self":[{"href":"https:\/\/booking-gaysejour.com\/gb\/wp-json\/wp\/v2\/product\/63128","targetHints":{"allow":["GET"]}}],"collection":[{"href":"https:\/\/booking-gaysejour.com\/gb\/wp-json\/wp\/v2\/product"}],"about":[{"href":"https:\/\/booking-gaysejour.com\/gb\/wp-json\/wp\/v2\/types\/product"}],"wp:featuredmedia":[{"embeddable":true,"href":"https:\/\/booking-gaysejour.com\/gb\/wp-json\/wp\/v2\/media\/62279"}],"wp:attachment":[{"href":"https:\/\/booking-gaysejour.com\/gb\/wp-json\/wp\/v2\/media?parent=63128"}],"wp:term":[{"taxonomy":"product_brand","embeddable":true,"href":"https:\/\/booking-gaysejour.com\/gb\/wp-json\/wp\/v2\/product_brand?post=63128"},{"taxonomy":"product_cat","embeddable":true,"href":"https:\/\/booking-gaysejour.com\/gb\/wp-json\/wp\/v2\/product_cat?post=63128"},{"taxonomy":"product_tag","embeddable":true,"href":"https:\/\/booking-gaysejour.com\/gb\/wp-json\/wp\/v2\/product_tag?post=63128"}],"curies":[{"name":"wp","href":"https:\/\/api.w.org\/{rel}","templated":true}]}}