{"id":63129,"date":"2022-10-13T15:43:29","date_gmt":"2022-10-13T13:43:29","guid":{"rendered":"https:\/\/booking-gaysejour.com\/room\/chambre-dhotes-dans-le-vieux-lille\/"},"modified":"2025-03-18T16:38:59","modified_gmt":"2025-03-18T15:38:59","slug":"chambre-dhotes-dans-le-vieux-lille","status":"publish","type":"product","link":"https:\/\/booking-gaysejour.com\/gb\/guide\/chambre-dhotes-dans-le-vieux-lille\/","title":{"rendered":"Chambre d&#8217;h\u00f4tes dans le Vieux Lille @ Lille"},"content":{"rendered":"<p>A partager : cuisine \/ salle \u00e0 manger \u00e0 votre disposition, salon, petite terrasse avec vue sur les toits de Lille.<\/p>\n<p>Petit-d\u00e9jeuner inclus avec tartines, confitures, c\u00e9r\u00e9ales, viennoiserie, boisson chaude et jus d&#8217;orange.<\/p>\n<p>Le soir, table d&#8217;h\u00f4tes possible avec suppl\u00e9ment.<\/p>\n<p>Ville gay-friendly, Lille est extr\u00eamement bien situ\u00e9e en Europe du Nord-Ouest. Nous vivons dans le Vieux-Lille, \u00e0 10 mn \u00e0 pied de cin\u00e9mas, th\u00e9\u00e2tres, monuments historiques, escape games et \u00e0 5 mn de nombreux commerces et de la Grand Place<\/p>\n","protected":false},"excerpt":{"rendered":"<p>A partager : cuisine \/ salle \u00e0 manger \u00e0 votre disposition, salon, petite terrasse avec vue sur les toits de Lille. Petit-d\u00e9jeuner inclus avec tartines, confitures, c\u00e9r\u00e9ales, viennoiserie, boisson chaude et jus d&#8217;orange. Le soir, table d&#8217;h\u00f4tes possible avec suppl\u00e9ment. Ville gay-friendly, Lille est extr\u00eamement bien situ\u00e9e en Europe du Nord-Ouest. Nous vivons dans le<a class=\"more-link\" href=\"https:\/\/booking-gaysejour.com\/gb\/guide\/chambre-dhotes-dans-le-vieux-lille\/\">Read more  &#10230;<\/a><\/p>\n","protected":false},"featured_media":62037,"template":"","meta":[],"product_brand":[],"product_cat":[1928,741,1038,774],"product_tag":[],"class_list":{"0":"post-63129","1":"product","2":"type-product","3":"status-publish","4":"has-post-thumbnail","6":"product_cat-hebergement-gb","7":"product_cat-france-gb","8":"product_cat-guesthouse-bnb","9":"product_cat-hauts-de-france-gb","10":"yith_shop_vendor-olivier-gonzague-bnb-hauts-de-france-gb","11":"yith_booking_service-petit-dejeuner-inclus-gb","13":"first","14":"instock","15":"virtual","16":"sold-individually","17":"purchasable","18":"product-type-booking"},"_links":{"self":[{"href":"https:\/\/booking-gaysejour.com\/gb\/wp-json\/wp\/v2\/product\/63129","targetHints":{"allow":["GET"]}}],"collection":[{"href":"https:\/\/booking-gaysejour.com\/gb\/wp-json\/wp\/v2\/product"}],"about":[{"href":"https:\/\/booking-gaysejour.com\/gb\/wp-json\/wp\/v2\/types\/product"}],"wp:featuredmedia":[{"embeddable":true,"href":"https:\/\/booking-gaysejour.com\/gb\/wp-json\/wp\/v2\/media\/62037"}],"wp:attachment":[{"href":"https:\/\/booking-gaysejour.com\/gb\/wp-json\/wp\/v2\/media?parent=63129"}],"wp:term":[{"taxonomy":"product_brand","embeddable":true,"href":"https:\/\/booking-gaysejour.com\/gb\/wp-json\/wp\/v2\/product_brand?post=63129"},{"taxonomy":"product_cat","embeddable":true,"href":"https:\/\/booking-gaysejour.com\/gb\/wp-json\/wp\/v2\/product_cat?post=63129"},{"taxonomy":"product_tag","embeddable":true,"href":"https:\/\/booking-gaysejour.com\/gb\/wp-json\/wp\/v2\/product_tag?post=63129"}],"curies":[{"name":"wp","href":"https:\/\/api.w.org\/{rel}","templated":true}]}}