{"id":63130,"date":"2022-11-03T16:55:17","date_gmt":"2022-11-03T15:55:17","guid":{"rendered":"https:\/\/booking-gaysejour.com\/room\/appartement-chamrousse\/"},"modified":"2025-03-18T16:38:59","modified_gmt":"2025-03-18T15:38:59","slug":"appartement-chamrousse","status":"publish","type":"product","link":"https:\/\/booking-gaysejour.com\/gb\/guide\/appartement-chamrousse\/","title":{"rendered":"Appartement Edelweiss 601 @ Chamrousse"},"content":{"rendered":"<p>Appartement de 28m\u00b2, plein sud, au pied des pistes, id\u00e9al pour 4 personnes.<\/p>\n<p>Au 6\u00e8me \u00e9tage de la r\u00e9sidence \u00ab Les Edelweiss \u00bb (visible depuis la webcam de Chamrousse), balcon plein sud et vue panoramique sur le Vercors et le Taillefer.<\/p>\n<p>R\u00e9sidence avec gardien, casier \u00e0 skis priv\u00e9 et parking collectif priv\u00e9 gratuit.<\/p>\n<p>V\u00e9ritable d\u00e9part et retour skis aux pieds avec acc\u00e8s direct aux pistes (par le local \u00e0 ski qui donne sur la piste bleue \u00ab Fus\u00e9e \u00bb).<\/p>\n<p>Totalement r\u00e9nover en 2022, l&#8217;appartement se compose :<\/p>\n<p>une cuisine ouverte sur le salon avec 2 plaques induction, r\u00e9frig\u00e9rateur , cafeti\u00e8re, bouilloire, four, micro-onde, service a raclette.<\/p>\n<p>salle de bain avec baignoire, lavabo et s\u00e8che serviette. wc s\u00e9parer.<\/p>\n<p>salon avec canap\u00e9 convertible (140) table de salon relevable permettant de dinner \u00e0 4 personnes ,2 fauteuils , meuble de TV avec rangement, TV Tnt et connect\u00e9 ( attention pas de wifi! pr\u00e9voir le partage de connection avec votre portable )<\/p>\n<p>Chambre avec lit 140<\/p>\n<p>balcon plein sud<\/p>\n<p>Arr\u00eat de la navette gratuite devant la r\u00e9sidence. Vous pourrez donc laisser votre voiture devant la r\u00e9sidence et profiter en navette gratuite de toute la station. Cette navette dessert les 2 parties de la station \u00ab Recoin \u00bb et \u00ab Roche b\u00e9ranger \u00bb ainsi que le domaine de ski de fond \u00ab L\u2019arselle \u00bb.<\/p>\n<p>Les draps et le linge de maison ne sont pas fournis. Il y a dans l\u2019appartement : 2 couettes 140 et 4 oreillers<\/p>\n<p>Le m\u00e9nage est \u00e0 faire avant votre d\u00e9part.<\/p>\n<p>Animaux non admis. Appartement non fumeur.<\/p>\n<p>Tarifs hivers 650\u20ac pendant les vacances scolaires 550\u20ac hors vacances scolaires<\/p>\n<p>location du samedi 15H au Samedi 11H Acompte 30% et ch\u00e8que de caution 250\u20ac non encaiss\u00e9 au moment de la r\u00e9servation<\/p>\n<p>&nbsp;<\/p>\n","protected":false},"excerpt":{"rendered":"<p>Appartement de 28m\u00b2, plein sud, au pied des pistes, id\u00e9al pour 4 personnes. Au 6\u00e8me \u00e9tage de la r\u00e9sidence \u00ab Les Edelweiss \u00bb (visible depuis la webcam de Chamrousse), balcon plein sud et vue panoramique sur le Vercors et le Taillefer. R\u00e9sidence avec gardien, casier \u00e0 skis priv\u00e9 et parking collectif priv\u00e9 gratuit. V\u00e9ritable d\u00e9part<a class=\"more-link\" href=\"https:\/\/booking-gaysejour.com\/gb\/guide\/appartement-chamrousse\/\">Read more  &#10230;<\/a><\/p>\n","protected":false},"featured_media":61714,"template":"","meta":[],"product_brand":[],"product_cat":[1928,805,741,1059],"product_tag":[1817,1321,1814,1816],"class_list":{"0":"post-63130","1":"product","2":"type-product","3":"status-publish","4":"has-post-thumbnail","6":"product_cat-hebergement-gb","7":"product_cat-auvergne-rhone-alpes-gb","8":"product_cat-france-gb","9":"product_cat-vacation-rental","10":"product_tag-isere-gb","11":"product_tag-montain","12":"product_tag-ski-gb","13":"product_tag-sport-dhivers-gb","14":"yith_shop_vendor-gite-obleue-grenoble-alps","16":"first","17":"instock","18":"virtual","19":"sold-individually","20":"purchasable","21":"product-type-booking"},"_links":{"self":[{"href":"https:\/\/booking-gaysejour.com\/gb\/wp-json\/wp\/v2\/product\/63130","targetHints":{"allow":["GET"]}}],"collection":[{"href":"https:\/\/booking-gaysejour.com\/gb\/wp-json\/wp\/v2\/product"}],"about":[{"href":"https:\/\/booking-gaysejour.com\/gb\/wp-json\/wp\/v2\/types\/product"}],"wp:featuredmedia":[{"embeddable":true,"href":"https:\/\/booking-gaysejour.com\/gb\/wp-json\/wp\/v2\/media\/61714"}],"wp:attachment":[{"href":"https:\/\/booking-gaysejour.com\/gb\/wp-json\/wp\/v2\/media?parent=63130"}],"wp:term":[{"taxonomy":"product_brand","embeddable":true,"href":"https:\/\/booking-gaysejour.com\/gb\/wp-json\/wp\/v2\/product_brand?post=63130"},{"taxonomy":"product_cat","embeddable":true,"href":"https:\/\/booking-gaysejour.com\/gb\/wp-json\/wp\/v2\/product_cat?post=63130"},{"taxonomy":"product_tag","embeddable":true,"href":"https:\/\/booking-gaysejour.com\/gb\/wp-json\/wp\/v2\/product_tag?post=63130"}],"curies":[{"name":"wp","href":"https:\/\/api.w.org\/{rel}","templated":true}]}}