{"id":63131,"date":"2022-10-21T15:47:36","date_gmt":"2022-10-21T13:47:36","guid":{"rendered":"https:\/\/booking-gaysejour.com\/room\/le-coco-loco\/"},"modified":"2025-03-18T16:38:59","modified_gmt":"2025-03-18T15:38:59","slug":"le-coco-loco","status":"publish","type":"product","link":"https:\/\/booking-gaysejour.com\/gb\/guide\/le-coco-loco\/","title":{"rendered":"Le Coco Loco @ Le Luc"},"content":{"rendered":"<h3>Chambres d&#8217;h\u00f4tes &#8211; 3 chambres &#8211; Jacuzzi &#8211; 5 personnes max<\/h3>\n<p>Bienvenue chez moi ! J&#8217;offre des chambres d&#8217;h\u00f4tes s\u00e9par\u00e9es pour 1 \u00e0 5 personnes dans un bungalow confortablement meubl\u00e9 avec jardin et propri\u00e9t\u00e9 cl\u00f4tur\u00e9e situ\u00e9 dans le centre Var \u00e0 45 km au nord-ouest de Saint-Tropez. Tr\u00e9s belle vue sur la colline bois\u00e9e en face.<\/p>\n<p>Le Jacuzzi \/ Spa pour 1 \u00e0 3 amis dans le jardin offre une atmosph\u00e8re de bien-\u00eatre. Terrasse couverte et divers si\u00e8ges dans le jardin.<br \/>\nInternet via WLAN gratuit. Parking cl\u00f4tur\u00e9 gratuit. Le petit d\u00e9jeuner fran\u00e7ais est inclus.<\/p>\n<p>3 chambres d&#8217;h\u00f4tes pour 1 \u00e0 5 personnes :<br \/>\n&#8211; chambre PARIS avec un lit double king-size 200&#215;200, un placard et t\u00e9l\u00e9<br \/>\n&#8211; chambre NICE avec un lit mezzanine simple 90&#215;200<br \/>\n&#8211; chambre SAINT TROPEZ avec un lit double fran\u00e7ais 140&#215;200 et vue sur le jardin<\/p>\n<p>Les chambres d&#8217;h\u00f4tes sont exclusivement r\u00e9serv\u00e9es aux locataires. La salle de Bain avec douche, les toilettes, le salon, la salle \u00e0 manger ainsi que la t\u00e9l\u00e9vision, la cuisine, la terrasse, le jardin et le jacuzzi sont partag\u00e9s.<\/p>\n<p>Deux petits chiens vivent dans la maison avec moi. Ils sont gentils et propres. Je ne peux donc malheureusement plus accepter d&#8217;animaux de compagnie.<\/p>\n<p>Le naturisme est une option, mais pas une condition.<\/p>\n<p>Le calendrier est mis \u00e0 jour r\u00e9guli\u00e8rement. Souvent, il y a encore des dates libres \u00e0 court terme qui \u00e9taient auparavant bloqu\u00e9es.<\/p>\n<p>Au milieu entre Nice et Marseille pr\u00e8s \u00e0 l&#8217;autoroute A8, tous les lieux de C\u00f4te d&#8217;Azur et la Provence du sud peuvent \u00eatre atteints vite. Trois a\u00e9roports ne sont pas loins : Nice\/C\u00f4te d&#8217;Azur, Marseille\/Provence et Toulon\/Hy\u00e8res. La gare TGV la plus proche, Les Arcs\/Draguignan, n&#8217;est qu&#8217;\u00e0 18 km.<\/p>\n<p>Les plages de Saint-Aygulf et Pampelonne sont qu&#8217;\u00e0 40 minutes en voiture. Les gorges du Verdon sont class\u00e9es site remarquable et font partie des lieux \u00e0 visiter ainsi que l&#8217;abbaye class\u00e9e du Thoronet &#8211; la merveille des abbayes cisterciennes de Provence et la nature sauvage de la Plaine des Maures &#8211; la premi\u00e8re r\u00e9serve naturelle du d\u00e9partement du Var.<\/p>\n<p>Saint Tropez, Port Grimaud et des nombreux villages proven\u00e7aux, les villes glamour de Cannes et Monaco ainsi que nombreux march\u00e9s proven\u00e7aux sont une invitation \u00e0 la fl\u00e2nerie. Le ros\u00e9 est n\u00e8 en Provence. Beaucoup de vignerons invitent \u00e0 d\u00e9guster les produits r\u00e9gionals et \u00e0 acheter des souvenirs.<\/p>\n","protected":false},"excerpt":{"rendered":"<p>Chambres d&#8217;h\u00f4tes &#8211; 3 chambres &#8211; Jacuzzi &#8211; 5 personnes max Bienvenue chez moi ! J&#8217;offre des chambres d&#8217;h\u00f4tes s\u00e9par\u00e9es pour 1 \u00e0 5 personnes dans un bungalow confortablement meubl\u00e9 avec jardin et propri\u00e9t\u00e9 cl\u00f4tur\u00e9e situ\u00e9 dans le centre Var \u00e0 45 km au nord-ouest de Saint-Tropez. Tr\u00e9s belle vue sur la colline bois\u00e9e en<a class=\"more-link\" href=\"https:\/\/booking-gaysejour.com\/gb\/guide\/le-coco-loco\/\">Read more  &#10230;<\/a><\/p>\n","protected":false},"featured_media":62182,"template":"","meta":[],"product_brand":[],"product_cat":[1928,1038,834],"product_tag":[1063,1611,1324,1821],"class_list":{"0":"post-63131","1":"product","2":"type-product","3":"status-publish","4":"has-post-thumbnail","6":"product_cat-hebergement-gb","7":"product_cat-guesthouse-bnb","8":"product_cat-provence-alpes-cote-dazur-gb","9":"product_tag-campagne-gb","10":"product_tag-jacuzzi-gb","11":"product_tag-naturism","12":"product_tag-quiet-place","13":"pa_1-type-chambre-hotes-gb","14":"pa_1-type-naturism","15":"pa_2-chambre-et-salle-de-bain-bathroom-towel","16":"pa_2-chambre-et-salle-de-bain-beach-towel","17":"pa_2-chambre-et-salle-de-bain-fan","18":"pa_2-chambre-et-salle-de-bain-hair-dryer","19":"pa_2-chambre-et-salle-de-bain-linen","20":"pa_2-chambre-et-salle-de-bain-shared-bathroom","21":"pa_2-chambre-et-salle-de-bain-placard-penderie-gb","22":"pa_2-chambre-et-salle-de-bain-wc-separes-gb","23":"pa_5-services-parking-on-premise","24":"pa_5-services-table-dhotes-gb-2","25":"pa_5-services-washer","26":"pa_5-services-wifi-gratuit","27":"pa_6-installations-fireplace","28":"pa_6-installations-jacuzzi-gb","29":"pa_6-installations-shared-kitchen","30":"pa_6-installations-tv-room-gb","31":"yith_shop_vendor-le-coco-loco-gay-bb-var","33":"first","34":"instock","35":"virtual","36":"sold-individually","37":"purchasable","38":"product-type-booking"},"_links":{"self":[{"href":"https:\/\/booking-gaysejour.com\/gb\/wp-json\/wp\/v2\/product\/63131","targetHints":{"allow":["GET"]}}],"collection":[{"href":"https:\/\/booking-gaysejour.com\/gb\/wp-json\/wp\/v2\/product"}],"about":[{"href":"https:\/\/booking-gaysejour.com\/gb\/wp-json\/wp\/v2\/types\/product"}],"wp:featuredmedia":[{"embeddable":true,"href":"https:\/\/booking-gaysejour.com\/gb\/wp-json\/wp\/v2\/media\/62182"}],"wp:attachment":[{"href":"https:\/\/booking-gaysejour.com\/gb\/wp-json\/wp\/v2\/media?parent=63131"}],"wp:term":[{"taxonomy":"product_brand","embeddable":true,"href":"https:\/\/booking-gaysejour.com\/gb\/wp-json\/wp\/v2\/product_brand?post=63131"},{"taxonomy":"product_cat","embeddable":true,"href":"https:\/\/booking-gaysejour.com\/gb\/wp-json\/wp\/v2\/product_cat?post=63131"},{"taxonomy":"product_tag","embeddable":true,"href":"https:\/\/booking-gaysejour.com\/gb\/wp-json\/wp\/v2\/product_tag?post=63131"}],"curies":[{"name":"wp","href":"https:\/\/api.w.org\/{rel}","templated":true}]}}