{"id":63133,"date":"2022-10-21T14:37:25","date_gmt":"2022-10-21T12:37:25","guid":{"rendered":"https:\/\/booking-gaysejour.com\/room\/chez-remy-guestroom-marseille\/"},"modified":"2025-03-18T16:38:59","modified_gmt":"2025-03-18T15:38:59","slug":"chez-remy-guestroom-marseille","status":"publish","type":"product","link":"https:\/\/booking-gaysejour.com\/gb\/guide\/chez-remy-guestroom-marseille\/","title":{"rendered":"Remy&#8217;s guestroom @ Marseille"},"content":{"rendered":"<h3>Guestroom &#8211; Terrace &#8211; accomodate 2<\/h3>\n<p>Je propose \u00e0 la location une chambre priv\u00e9e dans mon appartement o\u00f9 j\u2019y vis \u00e0 l\u2019ann\u00e9e situ\u00e9 dans le 8\u00e8me arrondissement de Marseille \u00e0 10 minutes \u00e0 pieds des m\u00e9tros (Rond point du Prado, P\u00e9rier et Castellane).<\/p>\n<p>Il s&#8217;agit d&#8217;un T3 de 76m2, moderne et r\u00e9cent, climatis\u00e9 et enti\u00e8rement \u00e9quip\u00e9. Deux chambres dont une avec lit de 140 pour la location, salle de bain et wc s\u00e9par\u00e9.<\/p>\n<p>Une terrasse avec vue sur le Parc du XXVI \u00e8me Centenaire. Il est parfois possible de se garer au parking ou dans mon garage en sous-sol de l&#8217;immeuble, ce n&#8217;est pas une garantie \u00e0 100% sinon \u00e0 5 minutes \u00e0 pieds il y a une rue o\u00f9 l&#8217;on trouve des places. Seule la chambre est priv\u00e9e, le reste de l&#8217;appartement est en commun.<\/p>\n<p>Le petit d\u00e9jeuner est offert, Th\u00e9, caf\u00e9 etc&#8230;<\/p>\n<p>L&#8217;appartement vous permet d&#8217;acc\u00e9der au centre ville de Marseille, le cours julien, le vieux port \u00e0 pieds ou en m\u00e9tro ainsi que un peu partout dans Marseille.<\/p>\n<p>Nous serons heureux, quand cela est possible, de vous accompagner tout au long de votre s\u00e9jour.<\/p>\n<p>Vous avez l&#8217;acc\u00e8s direct pour aller \u00e0 Cassis, La Ciotat, Aix en Pce et \u00e9galement dans la Provence (Saint R\u00e9my, Les Baux de Provence) etc&#8230;<\/p>\n<p>L&#8217;acc\u00e8s dans les calanques de Marseille (Sugiton, Sormiou et Morgiou) peut se faire en voiture, en bus ou en v\u00e9lo<\/p>\n","protected":false},"excerpt":{"rendered":"<p>Guestroom &#8211; Terrace &#8211; accomodate 2 Je propose \u00e0 la location une chambre priv\u00e9e dans mon appartement o\u00f9 j\u2019y vis \u00e0 l\u2019ann\u00e9e situ\u00e9 dans le 8\u00e8me arrondissement de Marseille \u00e0 10 minutes \u00e0 pieds des m\u00e9tros (Rond point du Prado, P\u00e9rier et Castellane). Il s&#8217;agit d&#8217;un T3 de 76m2, moderne et r\u00e9cent, climatis\u00e9 et enti\u00e8rement<a class=\"more-link\" href=\"https:\/\/booking-gaysejour.com\/gb\/guide\/chez-remy-guestroom-marseille\/\">Read more  &#10230;<\/a><\/p>\n","protected":false},"featured_media":62097,"template":"","meta":[],"product_brand":[],"product_cat":[1928,834,1059],"product_tag":[1324,1314,1659],"class_list":{"0":"post-63133","1":"product","2":"type-product","3":"status-publish","4":"has-post-thumbnail","6":"product_cat-hebergement-gb","7":"product_cat-provence-alpes-cote-dazur-gb","8":"product_cat-vacation-rental","9":"product_tag-naturism","10":"product_tag-pets-welcome","11":"product_tag-seaside","12":"pa_1-type-chambre-hotes-gb","13":"pa_1-type-naturism","14":"pa_2-chambre-et-salle-de-bain-air-conditioning","15":"pa_2-chambre-et-salle-de-bain-bathroom-towel","16":"pa_2-chambre-et-salle-de-bain-beach-towel","17":"pa_2-chambre-et-salle-de-bain-linen","18":"pa_2-chambre-et-salle-de-bain-shared-bathroom","19":"pa_2-chambre-et-salle-de-bain-tv-chambre-gb","20":"pa_2-chambre-et-salle-de-bain-terrasse-privative-gb","21":"pa_2-chambre-et-salle-de-bain-placard-penderie-gb","22":"pa_2-chambre-et-salle-de-bain-wc-separes-gb","23":"pa_5-services-climatisation-gb-2","24":"pa_5-services-free-parking-nearby","25":"pa_5-services-washer","26":"pa_5-services-wifi-gratuit","27":"pa_6-installations-bocce-ball-court","28":"pa_6-installations-climatisation-gb","29":"pa_6-installations-elevator","30":"pa_6-installations-shared-kitchen","31":"pa_6-installations-tv-room-gb","32":"yith_shop_vendor-chez-remy-marseille","34":"first","35":"instock","36":"virtual","37":"sold-individually","38":"purchasable","39":"product-type-booking"},"_links":{"self":[{"href":"https:\/\/booking-gaysejour.com\/gb\/wp-json\/wp\/v2\/product\/63133","targetHints":{"allow":["GET"]}}],"collection":[{"href":"https:\/\/booking-gaysejour.com\/gb\/wp-json\/wp\/v2\/product"}],"about":[{"href":"https:\/\/booking-gaysejour.com\/gb\/wp-json\/wp\/v2\/types\/product"}],"wp:featuredmedia":[{"embeddable":true,"href":"https:\/\/booking-gaysejour.com\/gb\/wp-json\/wp\/v2\/media\/62097"}],"wp:attachment":[{"href":"https:\/\/booking-gaysejour.com\/gb\/wp-json\/wp\/v2\/media?parent=63133"}],"wp:term":[{"taxonomy":"product_brand","embeddable":true,"href":"https:\/\/booking-gaysejour.com\/gb\/wp-json\/wp\/v2\/product_brand?post=63133"},{"taxonomy":"product_cat","embeddable":true,"href":"https:\/\/booking-gaysejour.com\/gb\/wp-json\/wp\/v2\/product_cat?post=63133"},{"taxonomy":"product_tag","embeddable":true,"href":"https:\/\/booking-gaysejour.com\/gb\/wp-json\/wp\/v2\/product_tag?post=63133"}],"curies":[{"name":"wp","href":"https:\/\/api.w.org\/{rel}","templated":true}]}}