{"id":63134,"date":"2022-10-05T18:45:24","date_gmt":"2022-10-05T16:45:24","guid":{"rendered":"https:\/\/booking-gaysejour.com\/room\/location-naturiste-a-la-martinique\/"},"modified":"2025-03-18T16:38:59","modified_gmt":"2025-03-18T15:38:59","slug":"location-naturiste-a-la-martinique","status":"publish","type":"product","link":"https:\/\/booking-gaysejour.com\/gb\/guide\/location-naturiste-a-la-martinique\/","title":{"rendered":"Location Naturiste @ Sainte-Luce (Martinique)"},"content":{"rendered":"<h3>Location de vacances &#8211; Piscine &#8211; 5 nuits minimum<\/h3>\n<p>Les logements, d\u2019une surface de 50m\u00b2, sont situ\u00e9s au rez-de-jardin de la villa \u00e9quip\u00e9e d\u2019une piscine, d\u2019un bain \u00e0 remous et d\u2019un espace d\u00e9tente tout \u00e9quip\u00e9e. (transats, bains de soleil, barbecue). Id\u00e9al pour 2 adultes. Un convertible dans le salon vous permet d&#8217;y faire dormir des enfants au besoin.<\/p>\n<p>Chaque logment poss\u00e8de soit une piscine priv\u00e9e ou un jaccuzzi. Les espaces int\u00e9rieurs aux locations incluent :<\/p>\n<p>\u2022 un coin salon ouvert \u00e0 la fois sur une cuisine et une terrasse.<\/p>\n<p>\u2022 une chambre meubl\u00e9e d\u2019un lit King size avec une t\u00e9l\u00e9vision \u00e9cran plat et un climatiseur .<\/p>\n<p>La chambre b\u00e9n\u00e9ficie d\u2019une salle de bain avec baignoire d\u2019angle. La cuisine est \u00e9quip\u00e9e d\u2019un lave-linge, r\u00e9frig\u00e9rateur-cong\u00e9lateur, cafeti\u00e8re, plaques \u00e0 induction, four, micro-onde, vaisselle et couverts.<\/p>\n<p>La partie commune, tr\u00e8s appr\u00e9ci\u00e9e, b\u00e9n\u00e9ficie d\u2019une cuisine toute \u00e9quip\u00e9e, d\u2019une salle de bain-wc, d\u2019une grande table \u00e0 manger et d\u2019un bar orient\u00e9 sur la piscine. Le site est baign\u00e9 par le soleil d\u00e8s le matin. L&#8217;espace de votre piscine priv\u00e9e est id\u00e9al pour bronzer en toute tranquillit\u00e9.<\/p>\n<p>Les propri\u00e9taires habitent au premier niveau de la villa avec leurs enfants. Chaque logement poss\u00e8dent sa propore entr\u00e9e priv\u00e9e.<\/p>\n<p>Il est possible de partager un moment de convivialit\u00e9 aux abords des\u00a0 g\u00eetes en fonction de leurs disponibilit\u00e9s professionnelles.<\/p>\n<p>Possibilit\u00e9 de louer les 3 g\u00eetes si vous voyagez en groupe.<\/p>\n<p>Nous fournissons le linge de maison : draps, serviettes de toilette et de bain, torchons de cuisine.<\/p>\n<p>Nous invitons nos visiteurs \u00e0 bien vouloir fumer \u00e0 l&#8217;ext\u00e9rieur.<\/p>\n<p>Quartier tranquille b\u00e9n\u00e9ficiant d&#8217;une vue imprenable sur quasiment l&#8217;ensemble de la Martinique. G\u00eete ventil\u00e9 et chaleureux, tr\u00e8s tr\u00e8s peu de moustique.<\/p>\n<p>A proximit\u00e9 du gite se trouve une \u00e9picerie (200 m), une pizzeria (1.4 km) , une boulangerie (2 km). La plage la plus proche (Anse Mabouya) se trouve \u00e0 12 min en voiture.<\/p>\n<p>La situation g\u00e9ographique de la commune de Sainte Luce lui conf\u00e8re naturellement une forte attractivit\u00e9. Desservie par la RN 5, la commune se situe \u00e0 20 km de l&#8217;a\u00e9roport de fot-de-france et \u00e0 25 km de la ville capitale, Fort de France.<\/p>\n","protected":false},"excerpt":{"rendered":"<p>Location de vacances &#8211; Piscine &#8211; 5 nuits minimum Les logements, d\u2019une surface de 50m\u00b2, sont situ\u00e9s au rez-de-jardin de la villa \u00e9quip\u00e9e d\u2019une piscine, d\u2019un bain \u00e0 remous et d\u2019un espace d\u00e9tente tout \u00e9quip\u00e9e. (transats, bains de soleil, barbecue). Id\u00e9al pour 2 adultes. Un convertible dans le salon vous permet d&#8217;y faire dormir des<a class=\"more-link\" href=\"https:\/\/booking-gaysejour.com\/gb\/guide\/location-naturiste-a-la-martinique\/\">Read more  &#10230;<\/a><\/p>\n","protected":false},"featured_media":61999,"template":"","meta":[],"product_brand":[],"product_cat":[1928,884,741,1059],"product_tag":[1306,1659,1223],"class_list":{"0":"post-63134","1":"product","2":"type-product","3":"status-publish","4":"has-post-thumbnail","6":"product_cat-hebergement-gb","7":"product_cat-dom-tom-gb","8":"product_cat-france-gb","9":"product_cat-vacation-rental","10":"product_tag-naturiste-gb","11":"product_tag-seaside","12":"product_tag-piscine-gb","13":"pa_1-type-holiday-rental","14":"pa_1-type-naturism","15":"pa_2-chambre-et-salle-de-bain-air-conditioning","16":"pa_2-chambre-et-salle-de-bain-bathroom-towel","17":"pa_2-chambre-et-salle-de-bain-beach-towel","18":"pa_2-chambre-et-salle-de-bain-linen","19":"pa_2-chambre-et-salle-de-bain-private-bathroom","20":"pa_2-chambre-et-salle-de-bain-terrasse-privative-gb","21":"pa_2-chambre-et-salle-de-bain-placard-penderie-gb","22":"pa_2-chambre-et-salle-de-bain-wc-privatif-gb","23":"pa_5-services-climatisation-gb-2","24":"pa_5-services-parking-on-premise","25":"pa_5-services-washer","26":"pa_5-services-wifi-gratuit","27":"pa_6-installations-billard-gb","28":"pa_6-installations-climatisation-gb","29":"pa_6-installations-heaten-pool","30":"pa_6-installations-piscine-gb","31":"pa_6-installations-spa-gb","32":"yith_shop_vendor-location-naturiste-martinique-gb","34":"first","35":"instock","36":"virtual","37":"sold-individually","38":"purchasable","39":"product-type-booking"},"_links":{"self":[{"href":"https:\/\/booking-gaysejour.com\/gb\/wp-json\/wp\/v2\/product\/63134","targetHints":{"allow":["GET"]}}],"collection":[{"href":"https:\/\/booking-gaysejour.com\/gb\/wp-json\/wp\/v2\/product"}],"about":[{"href":"https:\/\/booking-gaysejour.com\/gb\/wp-json\/wp\/v2\/types\/product"}],"wp:featuredmedia":[{"embeddable":true,"href":"https:\/\/booking-gaysejour.com\/gb\/wp-json\/wp\/v2\/media\/61999"}],"wp:attachment":[{"href":"https:\/\/booking-gaysejour.com\/gb\/wp-json\/wp\/v2\/media?parent=63134"}],"wp:term":[{"taxonomy":"product_brand","embeddable":true,"href":"https:\/\/booking-gaysejour.com\/gb\/wp-json\/wp\/v2\/product_brand?post=63134"},{"taxonomy":"product_cat","embeddable":true,"href":"https:\/\/booking-gaysejour.com\/gb\/wp-json\/wp\/v2\/product_cat?post=63134"},{"taxonomy":"product_tag","embeddable":true,"href":"https:\/\/booking-gaysejour.com\/gb\/wp-json\/wp\/v2\/product_tag?post=63134"}],"curies":[{"name":"wp","href":"https:\/\/api.w.org\/{rel}","templated":true}]}}