{"id":63135,"date":"2022-09-28T16:35:05","date_gmt":"2022-09-28T14:35:05","guid":{"rendered":"https:\/\/booking-gaysejour.com\/room\/studio-au-coeur-historique-de-rouen\/"},"modified":"2025-03-18T16:38:59","modified_gmt":"2025-03-18T15:38:59","slug":"studio-au-coeur-historique-de-rouen","status":"publish","type":"product","link":"https:\/\/booking-gaysejour.com\/gb\/guide\/studio-au-coeur-historique-de-rouen\/","title":{"rendered":"Studio in the historical center @ Rouen"},"content":{"rendered":"<h3>Holiday rental &#8211;\u00a0 accommodate 2\u00a0 Gay Only<\/h3>\n<p>Situ\u00e9 en plein c\u0153ur du centre ville, ce beau studio enti\u00e8rement r\u00e9nov\u00e9 vous permettra de d\u00e9couvrir Rouen et ses rues atypiques \u00e0 pied. L&#8217;appartement est situ\u00e9 \u00e0 300 m de la cath\u00e9drale de Rouen, des restaurants, des bars, des commerces, ainsi que des transports en commun.<\/p>\n<p>Ce logement est au deuxi\u00e8me \u00e9tage sans ascenseur dans un immeuble typique Rouennais avec une cour int\u00e9rieure.<\/p>\n<p>L&#8217;appartement est compos\u00e9 d&#8217;une grande pi\u00e8ce \u00e0 vivre avec une cuisine am\u00e9ricaine, d&#8217;une salle de douche avec wc.<\/p>\n<p>L\u2019appartement est compos\u00e9 d\u2019une pi\u00e8ce avec une cuisine am\u00e9ricaine \u00e9quip\u00e9e et d\u2019une salle de douche avec wc.<br \/>\nLa d\u00e9coration est tr\u00e8s raffin\u00e9e, le couchage et les draps sont de qualit\u00e9.<br \/>\nUne machine \u00e0 laver s\u00e9chante est \u00e0 disposition.<\/p>\n<p>L\u2019appartement est situ\u00e9 rue Eau de Robec, une des rues pi\u00e9tonnes les plus connues de l\u2019hypercentre de Rouen.<\/p>\n<p>Les animaux de compagnie sont accept\u00e9s dans la mesure ou ils sont bien \u00e9lev\u00e9 et pas trop gros !<\/p>\n<p>Lors de la r\u00e9servation, merci de nous donner une heure d\u2019arriv\u00e9e la plus pr\u00e9cise possible et de nous pr\u00e9venir de tout retard par anticipation. Nous ne facturons pas de frais de m\u00e9nage de ce fait l\u2019appartement doit \u00eatre rendu dans l\u2019\u00e9tat o\u00f9 il vous a \u00e9t\u00e9 confi\u00e9. Il doit \u00eatre propre, rang\u00e9 et la vaisselle lav\u00e9e<\/p>\n","protected":false},"excerpt":{"rendered":"<p>Holiday rental &#8211;\u00a0 accommodate 2\u00a0 Gay Only Situ\u00e9 en plein c\u0153ur du centre ville, ce beau studio enti\u00e8rement r\u00e9nov\u00e9 vous permettra de d\u00e9couvrir Rouen et ses rues atypiques \u00e0 pied. L&#8217;appartement est situ\u00e9 \u00e0 300 m de la cath\u00e9drale de Rouen, des restaurants, des bars, des commerces, ainsi que des transports en commun. Ce logement<a class=\"more-link\" href=\"https:\/\/booking-gaysejour.com\/gb\/guide\/studio-au-coeur-historique-de-rouen\/\">Read more  &#10230;<\/a><\/p>\n","protected":false},"featured_media":61940,"template":"","meta":[],"product_brand":[],"product_cat":[1928,741,782,1059],"product_tag":[1064,1314],"class_list":{"0":"post-63135","1":"product","2":"type-product","3":"status-publish","4":"has-post-thumbnail","6":"product_cat-hebergement-gb","7":"product_cat-france-gb","8":"product_cat-normandy","9":"product_cat-vacation-rental","10":"product_tag-gay-only-gb","11":"product_tag-pets-welcome","12":"pa_1-type-gay-men-only","13":"pa_1-type-holiday-rental","14":"pa_2-chambre-et-salle-de-bain-bathroom-towel","15":"pa_2-chambre-et-salle-de-bain-linen","16":"pa_2-chambre-et-salle-de-bain-private-bathroom","17":"pa_2-chambre-et-salle-de-bain-placard-penderie-gb","18":"pa_2-chambre-et-salle-de-bain-wc-privatif-gb","19":"pa_5-services-washer","20":"yith_shop_vendor-studio-au-coeur-du-centre-historique-de-rouen-seine-maritime-gb","22":"first","23":"instock","24":"virtual","25":"sold-individually","26":"purchasable","27":"product-type-booking"},"_links":{"self":[{"href":"https:\/\/booking-gaysejour.com\/gb\/wp-json\/wp\/v2\/product\/63135","targetHints":{"allow":["GET"]}}],"collection":[{"href":"https:\/\/booking-gaysejour.com\/gb\/wp-json\/wp\/v2\/product"}],"about":[{"href":"https:\/\/booking-gaysejour.com\/gb\/wp-json\/wp\/v2\/types\/product"}],"wp:featuredmedia":[{"embeddable":true,"href":"https:\/\/booking-gaysejour.com\/gb\/wp-json\/wp\/v2\/media\/61940"}],"wp:attachment":[{"href":"https:\/\/booking-gaysejour.com\/gb\/wp-json\/wp\/v2\/media?parent=63135"}],"wp:term":[{"taxonomy":"product_brand","embeddable":true,"href":"https:\/\/booking-gaysejour.com\/gb\/wp-json\/wp\/v2\/product_brand?post=63135"},{"taxonomy":"product_cat","embeddable":true,"href":"https:\/\/booking-gaysejour.com\/gb\/wp-json\/wp\/v2\/product_cat?post=63135"},{"taxonomy":"product_tag","embeddable":true,"href":"https:\/\/booking-gaysejour.com\/gb\/wp-json\/wp\/v2\/product_tag?post=63135"}],"curies":[{"name":"wp","href":"https:\/\/api.w.org\/{rel}","templated":true}]}}