{"id":63136,"date":"2022-07-07T15:08:37","date_gmt":"2022-07-07T13:08:37","guid":{"rendered":"https:\/\/booking-gaysejour.com\/room\/chalet-bateau-beaufour-druval\/"},"modified":"2025-03-18T16:38:59","modified_gmt":"2025-03-18T15:38:59","slug":"chalet-bateau-beaufour-druval","status":"publish","type":"product","link":"https:\/\/booking-gaysejour.com\/gb\/guide\/chalet-bateau-beaufour-druval\/","title":{"rendered":"Chalet Bateau @ Beaufour Druval"},"content":{"rendered":"<h3>Chambre d&#8217;h\u00f4tes 2 pers. &#8211; salle de bains privative &#8211; 22 m2<\/h3>\n<p>Chambre d&#8217;h\u00f4tes dans chalet ind\u00e9pendant au milieu d&#8217;un tres beau parc arbore et fleuri.<\/p>\n<p>Sur la route du cidre a 8 km des Villages class\u00e9s de Beaumont en Auge \/ Cambremer et Beuvron en Auge,\u00e0 15 minutes des plages de Houlgatte \/ Cabourg \/ Deauville, les plages du debarquement sont a 50 km. Entour\u00e9 d&#8217;animaux Ch\u00e8vres,Chevaux,Vaches&#8230;<\/p>\n","protected":false},"excerpt":{"rendered":"<p>Chambre d&#8217;h\u00f4tes 2 pers. &#8211; salle de bains privative &#8211; 22 m2 Chambre d&#8217;h\u00f4tes dans chalet ind\u00e9pendant au milieu d&#8217;un tres beau parc arbore et fleuri. Sur la route du cidre a 8 km des Villages class\u00e9s de Beaumont en Auge \/ Cambremer et Beuvron en Auge,\u00e0 15 minutes des plages de Houlgatte \/ Cabourg<a class=\"more-link\" href=\"https:\/\/booking-gaysejour.com\/gb\/guide\/chalet-bateau-beaufour-druval\/\">Read more  &#10230;<\/a><\/p>\n","protected":false},"featured_media":61141,"template":"","meta":[],"product_brand":[],"product_cat":[1928,741,1038,782,1059],"product_tag":[],"class_list":{"0":"post-63136","1":"product","2":"type-product","3":"status-publish","4":"has-post-thumbnail","6":"product_cat-hebergement-gb","7":"product_cat-france-gb","8":"product_cat-guesthouse-bnb","9":"product_cat-normandy","10":"product_cat-vacation-rental","11":"pa_1-type-chambre-hotes-gb","12":"yith_shop_vendor-domaine-des-thylleres-calvados-normandy","13":"yith_booking_service-petit-dejeuner-inclus-gb","15":"first","16":"instock","17":"virtual","18":"sold-individually","19":"purchasable","20":"product-type-booking"},"_links":{"self":[{"href":"https:\/\/booking-gaysejour.com\/gb\/wp-json\/wp\/v2\/product\/63136","targetHints":{"allow":["GET"]}}],"collection":[{"href":"https:\/\/booking-gaysejour.com\/gb\/wp-json\/wp\/v2\/product"}],"about":[{"href":"https:\/\/booking-gaysejour.com\/gb\/wp-json\/wp\/v2\/types\/product"}],"wp:featuredmedia":[{"embeddable":true,"href":"https:\/\/booking-gaysejour.com\/gb\/wp-json\/wp\/v2\/media\/61141"}],"wp:attachment":[{"href":"https:\/\/booking-gaysejour.com\/gb\/wp-json\/wp\/v2\/media?parent=63136"}],"wp:term":[{"taxonomy":"product_brand","embeddable":true,"href":"https:\/\/booking-gaysejour.com\/gb\/wp-json\/wp\/v2\/product_brand?post=63136"},{"taxonomy":"product_cat","embeddable":true,"href":"https:\/\/booking-gaysejour.com\/gb\/wp-json\/wp\/v2\/product_cat?post=63136"},{"taxonomy":"product_tag","embeddable":true,"href":"https:\/\/booking-gaysejour.com\/gb\/wp-json\/wp\/v2\/product_tag?post=63136"}],"curies":[{"name":"wp","href":"https:\/\/api.w.org\/{rel}","templated":true}]}}