{"id":63137,"date":"2022-07-07T17:35:55","date_gmt":"2022-07-07T15:35:55","guid":{"rendered":"https:\/\/booking-gaysejour.com\/room\/cottage-beaufour-druval-copie\/"},"modified":"2025-03-18T16:38:59","modified_gmt":"2025-03-18T15:38:59","slug":"cottage-beaufour-druval-copie","status":"publish","type":"product","link":"https:\/\/booking-gaysejour.com\/gb\/guide\/cottage-beaufour-druval-copie\/","title":{"rendered":"Cottage @ Beaufour Druval"},"content":{"rendered":"<h3>Holiday rental &#8211; accommodate\u00a0 6 pers. &#8211; 3 rooms &#8211; 2\u00a0 bathrooms &#8211; 7 nights minimum<\/h3>\n<p>Cottage enti\u00e8rement refait \u00e0 la d\u00e9coration raffin\u00e9e, pour six adultes (enfants a partir de 14 ans).<\/p>\n<p>Rez-de-chauss\u00e9e : Terrasse ensoleill\u00e9e, salon, salle \u00e0 manger, cuisine, salle de bain, toilettes s\u00e9par\u00e9es.<\/p>\n<p>1er etage : 3 Chambres,dont une avec salle de douche et toilette.<\/p>\n<p>Jardin clos et arbor\u00e9 de 1200 M2 avec Chaises longues a disposition.<\/p>\n<p>Draps et serviettes fournis<\/p>\n<p>Sur la route du cidre a 8 km des Villages class\u00e9s de Beaumont en Auge \/ Cambremer et Beuvron en Auge,\u00e0 15 minutes des plages de Houlgatte \/ Cabourg \/ Deauville, les plages du debarquement sont a 50 km. Entour\u00e9 d&#8217;animaux Ch\u00e8vres,Chevaux,Vaches&#8230;<\/p>\n","protected":false},"excerpt":{"rendered":"<p>Holiday rental &#8211; accommodate\u00a0 6 pers. &#8211; 3 rooms &#8211; 2\u00a0 bathrooms &#8211; 7 nights minimum Cottage enti\u00e8rement refait \u00e0 la d\u00e9coration raffin\u00e9e, pour six adultes (enfants a partir de 14 ans). Rez-de-chauss\u00e9e : Terrasse ensoleill\u00e9e, salon, salle \u00e0 manger, cuisine, salle de bain, toilettes s\u00e9par\u00e9es. 1er etage : 3 Chambres,dont une avec salle de<a class=\"more-link\" href=\"https:\/\/booking-gaysejour.com\/gb\/guide\/cottage-beaufour-druval-copie\/\">Read more  &#10230;<\/a><\/p>\n","protected":false},"featured_media":61157,"template":"","meta":[],"product_brand":[],"product_cat":[1928,741,1038,782],"product_tag":[],"class_list":{"0":"post-63137","1":"product","2":"type-product","3":"status-publish","4":"has-post-thumbnail","6":"product_cat-hebergement-gb","7":"product_cat-france-gb","8":"product_cat-guesthouse-bnb","9":"product_cat-normandy","10":"pa_1-type-chambre-hotes-gb","11":"pa_5-services-parking-on-premise","12":"pa_5-services-wifi-gratuit","13":"yith_shop_vendor-domaine-des-thylleres-calvados-normandy","15":"first","16":"instock","17":"virtual","18":"sold-individually","19":"purchasable","20":"product-type-booking"},"_links":{"self":[{"href":"https:\/\/booking-gaysejour.com\/gb\/wp-json\/wp\/v2\/product\/63137","targetHints":{"allow":["GET"]}}],"collection":[{"href":"https:\/\/booking-gaysejour.com\/gb\/wp-json\/wp\/v2\/product"}],"about":[{"href":"https:\/\/booking-gaysejour.com\/gb\/wp-json\/wp\/v2\/types\/product"}],"wp:featuredmedia":[{"embeddable":true,"href":"https:\/\/booking-gaysejour.com\/gb\/wp-json\/wp\/v2\/media\/61157"}],"wp:attachment":[{"href":"https:\/\/booking-gaysejour.com\/gb\/wp-json\/wp\/v2\/media?parent=63137"}],"wp:term":[{"taxonomy":"product_brand","embeddable":true,"href":"https:\/\/booking-gaysejour.com\/gb\/wp-json\/wp\/v2\/product_brand?post=63137"},{"taxonomy":"product_cat","embeddable":true,"href":"https:\/\/booking-gaysejour.com\/gb\/wp-json\/wp\/v2\/product_cat?post=63137"},{"taxonomy":"product_tag","embeddable":true,"href":"https:\/\/booking-gaysejour.com\/gb\/wp-json\/wp\/v2\/product_tag?post=63137"}],"curies":[{"name":"wp","href":"https:\/\/api.w.org\/{rel}","templated":true}]}}