{"id":63139,"date":"2022-06-27T09:05:24","date_gmt":"2022-06-27T07:05:24","guid":{"rendered":"https:\/\/booking-gaysejour.com\/room\/chambre-hotes-maya-ile-de-madere\/"},"modified":"2025-03-18T16:36:14","modified_gmt":"2025-03-18T15:36:14","slug":"chambre-hotes-maya-ile-de-madere","status":"publish","type":"product","link":"https:\/\/booking-gaysejour.com\/gb\/guide\/chambre-hotes-maya-ile-de-madere\/","title":{"rendered":"Chambre d&#8217;h\u00f4tes Maya @ Ile de Mad\u00e8re"},"content":{"rendered":"<h2>Chambre d&#8217;h\u00f4tes &#8211; Lit 160 x 200 &#8211; Salle de bains privative<\/h2>\n<p>D\u00e9pos\u00e9e sur un plateau \u00e0 mi-hauteur de la montagne \u00e0 Boaventura, la propri\u00e9t\u00e9 b\u00e9n\u00e9ficie d&#8217;une vue mer et de superbes montagnes, implant\u00e9e au coeur d&#8217;une for\u00eat Laurif\u00e8re prot\u00e9g\u00e9e par l&#8217;UNESCO.<\/p>\n<div>Elle propose deux chambres compl\u00e8tement \u00e9quip\u00e9es, douche, W.C, lit 160&#215;200, plateau de courtoisie, \u00e9crans plats, sorties de bain, s\u00e8ches-cheveux, savons douches et shampoing, serviettes de bain.<\/div>\n<div><\/div>\n<div>Les chambres incluent le petit-d\u00e9jeuner sucr\u00e9, sal\u00e9.<\/div>\n<div><\/div>\n<div>Wi-Fi\u00a0gratuit.<\/div>\n<div><\/div>\n<div>Acc\u00e8s priv\u00e9 pour chaque chambre donnant directement sur l&#8217;ext\u00e9rieur, coin petit d\u00e9jeuner\u00a0devant chacune d&#8217;elles mais aussi servis \u00e0 la salle \u00e0 manger au barbecue couvert et compl\u00e8tement \u00e9quip\u00e9, a disposition des visiteurs.<\/div>\n<div><\/div>\n<div>Jardin de 400m2 plusieurs oasis de repos, vue mer, enti\u00e8rement cl\u00f4tur\u00e9.<\/div>\n<div><\/div>\n<div>Parking jusqu&#8217;\u00e0 4 voitures gratuit a deux minutes \u00e0 pied\u00a0de la propri\u00e9t\u00e9.<\/div>\n","protected":false},"excerpt":{"rendered":"<p>Chambre d&#8217;h\u00f4tes &#8211; Lit 160 x 200 &#8211; Salle de bains privative D\u00e9pos\u00e9e sur un plateau \u00e0 mi-hauteur de la montagne \u00e0 Boaventura, la propri\u00e9t\u00e9 b\u00e9n\u00e9ficie d&#8217;une vue mer et de superbes montagnes, implant\u00e9e au coeur d&#8217;une for\u00eat Laurif\u00e8re prot\u00e9g\u00e9e par l&#8217;UNESCO. Elle propose deux chambres compl\u00e8tement \u00e9quip\u00e9es, douche, W.C, lit 160&#215;200, plateau de courtoisie,<a class=\"more-link\" href=\"https:\/\/booking-gaysejour.com\/gb\/guide\/chambre-hotes-maya-ile-de-madere\/\">Read more  &#10230;<\/a><\/p>\n","protected":false},"featured_media":57925,"template":"","meta":[],"product_brand":[],"product_cat":[1928,1758,848],"product_tag":[],"class_list":{"0":"post-63139","1":"product","2":"type-product","3":"status-publish","4":"has-post-thumbnail","6":"product_cat-hebergement-gb","7":"product_cat-madeira","8":"product_cat-portugal-gb","9":"pa_1-type-chambre-hotes-gb","10":"pa_2-chambre-et-salle-de-bain-private-bathroom","11":"pa_5-services-parking-on-premise","12":"pa_6-installations-piscine-gb","13":"yith_shop_vendor-madere-doce-vida-ile-de-madere-portugal","15":"first","16":"instock","17":"virtual","18":"sold-individually","19":"purchasable","20":"product-type-booking"},"_links":{"self":[{"href":"https:\/\/booking-gaysejour.com\/gb\/wp-json\/wp\/v2\/product\/63139","targetHints":{"allow":["GET"]}}],"collection":[{"href":"https:\/\/booking-gaysejour.com\/gb\/wp-json\/wp\/v2\/product"}],"about":[{"href":"https:\/\/booking-gaysejour.com\/gb\/wp-json\/wp\/v2\/types\/product"}],"wp:featuredmedia":[{"embeddable":true,"href":"https:\/\/booking-gaysejour.com\/gb\/wp-json\/wp\/v2\/media\/57925"}],"wp:attachment":[{"href":"https:\/\/booking-gaysejour.com\/gb\/wp-json\/wp\/v2\/media?parent=63139"}],"wp:term":[{"taxonomy":"product_brand","embeddable":true,"href":"https:\/\/booking-gaysejour.com\/gb\/wp-json\/wp\/v2\/product_brand?post=63139"},{"taxonomy":"product_cat","embeddable":true,"href":"https:\/\/booking-gaysejour.com\/gb\/wp-json\/wp\/v2\/product_cat?post=63139"},{"taxonomy":"product_tag","embeddable":true,"href":"https:\/\/booking-gaysejour.com\/gb\/wp-json\/wp\/v2\/product_tag?post=63139"}],"curies":[{"name":"wp","href":"https:\/\/api.w.org\/{rel}","templated":true}]}}