{"id":63140,"date":"2022-07-05T15:32:52","date_gmt":"2022-07-05T13:32:52","guid":{"rendered":"https:\/\/booking-gaysejour.com\/room\/apartement-in-dieulefit\/"},"modified":"2025-03-18T16:39:00","modified_gmt":"2025-03-18T15:39:00","slug":"apartement-in-dieulefit","status":"publish","type":"product","link":"https:\/\/booking-gaysejour.com\/gb\/guide\/apartement-in-dieulefit\/","title":{"rendered":"Apartement @ Dieulefit"},"content":{"rendered":"<h3>Holiday rental &#8211; accommodate\u00a0 4 pers. &#8211;\u00a0 4 nights minimum<\/h3>\n<p>Nous sommes ravies de proposer notre appartement sur ce site car il nous tient \u00e0 coeur d&#8217;y accueillir des personnes de notre communaut\u00e9 LGBTQI+.<\/p>\n<p>Nous vous proposons donc ce logement en duplex de 85m2, au c\u0153ur du centre historique de Dieulefit, \u00e0 proximit\u00e9 des commerces et restaurants.<br \/>\nCe lieu est simple, fonctionnel, beau (\u00e9videmment, \u00e7a reste subjectif, mais c&#8217;est ce qu&#8217;on nous dit), a\u00e9rien, lumineux avec une grande hauteur sous plafond et nous avons pris soin de le r\u00e9nover avec des mat\u00e9riaux \u00e9cologiques pour vous proposer un confort et un esth\u00e9tisme \u00e0 part enti\u00e8re.<br \/>\nUn filet, type catamaran, install\u00e9 dans le salon, vous permettra de vous relaxer en &#8220;prenant un peu de hauteur&#8221;.<\/p>\n<p>Il y a une grande cuisine, une salle de bain (avec douche), un salon, un filet en hauteur et deux chambres, chacune avec un lit deux places.<br \/>\nUn canap\u00e9 convertible est pr\u00e9sent dans le salon, mais le prix propos\u00e9 sur ce site est donn\u00e9 pour 4 personnes.<\/p>\n<p>Vous avez acc\u00e8s \u00e0 tout le logement.<br \/>\nPour les allergiques aux chats, notez que cet appartement est aussi la maison d&#8217;un petit chat, le reste de l&#8217;ann\u00e9e.<\/p>\n<p>Un parking gratuit est accessible \u00e0 1minute 30 \u00e0 pieds, moyennant quelques marches. La piscine municipale est \u00e0 10 minutes \u00e0 pieds, les restaurants, bars et commerces sont accessibles \u00e0 1 minute \u00e0 pieds.<br \/>\nUn supermarch\u00e9 est accesible \u00e0 5 minutes en voiture, et un magasin bio est au m\u00eame endroit.<\/p>\n<p>Nous vivons dans cet appartement \u00e0 l&#8217;ann\u00e9e, et le proposons en location dans les p\u00e9riodes estivales. Nous y tenons beaucoup, particuli\u00e8rement parce nous l&#8217;avons enti\u00e8rement r\u00e9nov\u00e9 nous-m\u00eames avec des mat\u00e9riaux nobles et \u00e9cologiques.<br \/>\nNous demandons donc aux personnes qui y s\u00e9journent d&#8217;apporter le plus grand soin, notamment au mur battis en enduits terre et facilement friables lors d&#8217;un accroc ou d&#8217;un choc.<br \/>\nMerci de nous assurer que vous porterez une attention particuli\u00e8re, notamment lors de votre arriv\u00e9e dans le logement avec vos sacs et valises.<br \/>\nNous avons not\u00e9 \u00e9galement que cet appartement peut recevoir des enfants. Il n&#8217;y a aucun souci, si vous portez une attention particuli\u00e8re \u00e0 ce qu&#8217;il n&#8217;y ait aucune d\u00e9t\u00e9rioration et que vous apportez vos propres \u00e9quipements &#8220;enfant&#8221; car l&#8217;appartement n&#8217;en est pas \u00e9quip\u00e9.<br \/>\nMerci \u00e0 vous !<\/p>\n","protected":false},"excerpt":{"rendered":"<p>Holiday rental &#8211; accommodate\u00a0 4 pers. &#8211;\u00a0 4 nights minimum Nous sommes ravies de proposer notre appartement sur ce site car il nous tient \u00e0 coeur d&#8217;y accueillir des personnes de notre communaut\u00e9 LGBTQI+. Nous vous proposons donc ce logement en duplex de 85m2, au c\u0153ur du centre historique de Dieulefit, \u00e0 proximit\u00e9 des commerces<a class=\"more-link\" href=\"https:\/\/booking-gaysejour.com\/gb\/guide\/apartement-in-dieulefit\/\">Read more  &#10230;<\/a><\/p>\n","protected":false},"featured_media":61106,"template":"","meta":[],"product_brand":[],"product_cat":[1928,805,1059],"product_tag":[],"class_list":{"0":"post-63140","1":"product","2":"type-product","3":"status-publish","4":"has-post-thumbnail","6":"product_cat-hebergement-gb","7":"product_cat-auvergne-rhone-alpes-gb","8":"product_cat-vacation-rental","9":"pa_1-type-holiday-rental","10":"pa_2-chambre-et-salle-de-bain-bathroom-towel","11":"pa_2-chambre-et-salle-de-bain-beach-towel","12":"pa_2-chambre-et-salle-de-bain-linen","13":"pa_2-chambre-et-salle-de-bain-private-bathroom","14":"pa_2-chambre-et-salle-de-bain-placard-penderie-gb","15":"pa_2-chambre-et-salle-de-bain-wc-privatif-gb","16":"pa_5-services-free-parking-nearby","17":"pa_5-services-washer","18":"pa_5-services-wifi-gratuit","19":"yith_shop_vendor-appartement-a-dieulefit-drome","21":"first","22":"instock","23":"virtual","24":"sold-individually","25":"purchasable","26":"product-type-booking"},"_links":{"self":[{"href":"https:\/\/booking-gaysejour.com\/gb\/wp-json\/wp\/v2\/product\/63140","targetHints":{"allow":["GET"]}}],"collection":[{"href":"https:\/\/booking-gaysejour.com\/gb\/wp-json\/wp\/v2\/product"}],"about":[{"href":"https:\/\/booking-gaysejour.com\/gb\/wp-json\/wp\/v2\/types\/product"}],"wp:featuredmedia":[{"embeddable":true,"href":"https:\/\/booking-gaysejour.com\/gb\/wp-json\/wp\/v2\/media\/61106"}],"wp:attachment":[{"href":"https:\/\/booking-gaysejour.com\/gb\/wp-json\/wp\/v2\/media?parent=63140"}],"wp:term":[{"taxonomy":"product_brand","embeddable":true,"href":"https:\/\/booking-gaysejour.com\/gb\/wp-json\/wp\/v2\/product_brand?post=63140"},{"taxonomy":"product_cat","embeddable":true,"href":"https:\/\/booking-gaysejour.com\/gb\/wp-json\/wp\/v2\/product_cat?post=63140"},{"taxonomy":"product_tag","embeddable":true,"href":"https:\/\/booking-gaysejour.com\/gb\/wp-json\/wp\/v2\/product_tag?post=63140"}],"curies":[{"name":"wp","href":"https:\/\/api.w.org\/{rel}","templated":true}]}}