{"id":63141,"date":"2022-06-30T17:32:45","date_gmt":"2022-06-30T15:32:45","guid":{"rendered":"https:\/\/booking-gaysejour.com\/room\/appartement-avec-piscine-entre-plages-et-collines-sollies-pont\/"},"modified":"2022-12-09T15:32:01","modified_gmt":"2022-12-09T14:32:01","slug":"appartement-avec-piscine-entre-plages-et-collines-sollies-pont","status":"publish","type":"product","link":"https:\/\/booking-gaysejour.com\/gb\/guide\/appartement-avec-piscine-entre-plages-et-collines-sollies-pont\/","title":{"rendered":"Appartement for 2 with pool  @ Solli\u00e8s Pont"},"content":{"rendered":"<h3>Apartment for&nbsp; 2 persons &#8211; 7 nights minimum en July and&nbsp; August<\/h3>\n<p>Venez vous d\u00e9tendre \u00e0 la campagne en vall\u00e9e du Gapeau dans ce studio joliment d\u00e9cor\u00e9.<\/p>\n<p>L&#8217;appartement se compose d&#8217;une chambre \u00e0 l&#8217;\u00e9tage avec un lit queen size, un espace de vie au rez de chauss\u00e9e avec un coin salon, comprenant un sofa convertible et une kitchenette \u00e9quip\u00e9e de 2 plaques \u00e9lectriques, d&#8217;un four micro-ondes, d&#8217;un r\u00e9frig\u00e9rateur\/cong\u00e9lateur, d&#8217;une bouilloire \u00e9lectrique, d&#8217;une cafeti\u00e8re&nbsp; et d&#8217;un toaster, ainsi que toute la vaisselle n\u00e9cessaire. La salle d&#8217;eau au rez-de-chauss\u00e9e comprend une douche \u00e0 l&#8217;italienne, un lavabo et un WC.<\/p>\n<p>Un espace ext\u00e9rieur privatif vous est r\u00e9serv\u00e9. Il dispose d&#8217;un coin d\u00e9tente ap\u00e9ro, un coin dinatoire avec une table et son parasol. Un barbecue \u00e0 gaz et des bains de soleil sont aussi \u00e0 votre disposition.<\/p>\n<p>Vous avez la possibilit\u00e9 de profiter de notre piscine de 10:00 \u00e0 18:00 o\u00f9 nous pratiquons le naturisme sans que se soit obligatoire. Cet espace est partag\u00e9 et non privatif. La piscine fait 5X10M, elle n&#8217;est pas chauff\u00e9e mais avoisine les 30 degr\u00e9s en Juillet et Aout.<\/p>\n<p>Les draps, les linges de toilette et cuisine vous sont fournis. Les linges de plage ne sont pas inclus.<\/p>\n<p>Le parking pour 2 voitures est pr\u00e9vu sur la propri\u00e9t\u00e9.<\/p>\n<p>Une zone commerciale avec supermarch\u00e9s, bio-coop, boulangerie et plus se situe \u00e0 3min en voiture de la propri\u00e9t\u00e9, tout comme le village proven\u00e7al Solli\u00e8s-Pont avec son tr\u00e8s appr\u00e9ci\u00e9 march\u00e9 du mercredi et ses terraces ombrag\u00e9es de bistrot restaurants.<\/p>\n<p>Les plages du Pradet sont \u00e0 17Km, 20min, le port de Hy\u00e8res avec ses restaurants et ses embarcations vers les Iles d&#8217;Or (Porquerolles, Port-Cros et Le Levant) \u00e0 24Km, 25min, Toulon avec son port, son march\u00e9 quotidien et ses plages \u00e0 19Km, 20min, Marseille \u00e0 85Km,1h, Cannes \u00e0 110Km,1h15, Saint Tropez \u00e0 64Km,1h, et les Gorges du Verdon \u00e0 135Km,2h<\/p>\n","protected":false},"excerpt":{"rendered":"<p>Apartment for&nbsp; 2 persons &#8211; 7 nights minimum en July and&nbsp; August Venez vous d\u00e9tendre \u00e0 la campagne en vall\u00e9e du Gapeau dans ce studio joliment d\u00e9cor\u00e9. L&#8217;appartement se compose d&#8217;une chambre \u00e0 l&#8217;\u00e9tage avec un lit queen size, un espace de vie au rez de chauss\u00e9e avec un coin salon, comprenant un sofa convertible<a class=\"more-link\" href=\"https:\/\/booking-gaysejour.com\/gb\/guide\/appartement-avec-piscine-entre-plages-et-collines-sollies-pont\/\">Read more  &#10230;<\/a><\/p>\n","protected":false},"featured_media":60975,"template":"","meta":[],"product_brand":[],"product_cat":[1928,741,834],"product_tag":[],"class_list":{"0":"post-63141","1":"product","2":"type-product","3":"status-publish","4":"has-post-thumbnail","6":"product_cat-hebergement-gb","7":"product_cat-france-gb","8":"product_cat-provence-alpes-cote-dazur-gb","9":"pa_1-type-holiday-rental","10":"pa_1-type-naturism","11":"pa_2-chambre-et-salle-de-bain-private-bathroom","12":"pa_5-services-parking-on-premise","13":"pa_6-installations-piscine-gb","14":"yith_shop_vendor-chez-fabrice-stephen-var","16":"first","17":"instock","18":"virtual","19":"sold-individually","20":"purchasable","21":"product-type-booking"},"_links":{"self":[{"href":"https:\/\/booking-gaysejour.com\/gb\/wp-json\/wp\/v2\/product\/63141","targetHints":{"allow":["GET"]}}],"collection":[{"href":"https:\/\/booking-gaysejour.com\/gb\/wp-json\/wp\/v2\/product"}],"about":[{"href":"https:\/\/booking-gaysejour.com\/gb\/wp-json\/wp\/v2\/types\/product"}],"wp:featuredmedia":[{"embeddable":true,"href":"https:\/\/booking-gaysejour.com\/gb\/wp-json\/wp\/v2\/media\/60975"}],"wp:attachment":[{"href":"https:\/\/booking-gaysejour.com\/gb\/wp-json\/wp\/v2\/media?parent=63141"}],"wp:term":[{"taxonomy":"product_brand","embeddable":true,"href":"https:\/\/booking-gaysejour.com\/gb\/wp-json\/wp\/v2\/product_brand?post=63141"},{"taxonomy":"product_cat","embeddable":true,"href":"https:\/\/booking-gaysejour.com\/gb\/wp-json\/wp\/v2\/product_cat?post=63141"},{"taxonomy":"product_tag","embeddable":true,"href":"https:\/\/booking-gaysejour.com\/gb\/wp-json\/wp\/v2\/product_tag?post=63141"}],"curies":[{"name":"wp","href":"https:\/\/api.w.org\/{rel}","templated":true}]}}