{"id":63142,"date":"2022-06-29T15:39:56","date_gmt":"2022-06-29T13:39:56","guid":{"rendered":"https:\/\/booking-gaysejour.com\/room\/mazet-pour-2-avec-piscine-nimes\/"},"modified":"2025-03-18T16:39:00","modified_gmt":"2025-03-18T15:39:00","slug":"mazet-pour-2-avec-piscine-nimes","status":"publish","type":"product","link":"https:\/\/booking-gaysejour.com\/gb\/guide\/mazet-pour-2-avec-piscine-nimes\/","title":{"rendered":"Mazet for 2 with pool @ N\u00eemes"},"content":{"rendered":"<h3>Studio\u00a0 30 m2 &#8211; accommodate 2 people<\/h3>\n<p>A 3 km du centre-ville, 5 mn en voiture, un mazet (ancienne maison de berger) de 30 m2, enti\u00e8rement r\u00e9nov\u00e9 cettede ann\u00e9e, vous attend pour passer un agr\u00e9able s\u00e9jour \u00e0 N\u00eemes. Cette habitation est situ\u00e9e dans un jardin m\u00e9diterran\u00e9en de 2600 m2 , plant\u00e9 d\u2019oliviers, o\u00f9 se trouve aussi ma maison, et la piscine de 11 m x 5 m ensoleill\u00e9e du matin au soir. Il n\u2019y a pas de vis-\u00e0-vis , donc naturisme possible sans aucun probl\u00e8me. ici, c&#8217;est un peu la ville \u00e0 la campagne.<\/p>\n<p>N\u00eemes est une ville magnifique, un m\u00e9lange de romanit\u00e9 et de modernisme ; les monuments romains les plus beaux c\u00f4toient de superbes b\u00e2timents contemporains, ar\u00e8nes et mus\u00e9e de la romanit\u00e9, maison carr\u00e9e et carr\u00e9 d\u2019art, les jardins de la fontaine, la tour Magne\u2026etc<\/p>\n<p>Alentour, la Camargue au sud \u00e9tale ses roseaux, ses \u00e9tangs o\u00f9 les flamands roses \u00e9voluent gracieusement, ses p\u00e2tures o\u00f9 vivent en libert\u00e9 chevaux et taureaux, surveill\u00e9s par les gardians ; et au nord, les C\u00e9vennes , avec ses for\u00eats, ses villages anciens class\u00e9s, des villes comme Uz\u00e8s charg\u00e9e de 1000 ans d\u2019Histoire. Et le Pont du Gard cet aqueduc extraordinaire datant du 1\u00b0 si\u00e8cle de notre \u00e8re.<\/p>\n<p>Le centre pi\u00e9tonnier de N\u00eemes vous offrira boutiques, bars, restaurants, boites de nuit et saunas. La vie nocturne est intense pour ceux qui aiment faire la f\u00eate (j\u2019en fais partie), et je vous assure qu\u2019on ne s\u2019ennuie pas \u00e0 N\u00eemes, sans parler des f\u00e9rias qui ont lieu 2 fois par an. Les amateurs de corridas ou de courses camarguaises trouveront aussi leur bonheur \u00e0 N\u00eemes ou dans les bourgades alentours.<\/p>\n<p>Le soleil peut \u00eatre fort par ici, pensez \u00e0 prendre un chapeau et de la cr\u00e8me solaire, ainsi que des serviettes de bains. Le linge de maison, serviettes de toilettes, torchons, etc&#8230; est fourni.<\/p>\n<p>Tout devrait donc vous permettre de passer un bon s\u00e9jour dans notre belle r\u00e9gion ; je ferai le n\u00e9cessaire pour vous assurer le g\u00eete confortable et agr\u00e9able.<\/p>\n","protected":false},"excerpt":{"rendered":"<p>Studio\u00a0 30 m2 &#8211; accommodate 2 people A 3 km du centre-ville, 5 mn en voiture, un mazet (ancienne maison de berger) de 30 m2, enti\u00e8rement r\u00e9nov\u00e9 cettede ann\u00e9e, vous attend pour passer un agr\u00e9able s\u00e9jour \u00e0 N\u00eemes. Cette habitation est situ\u00e9e dans un jardin m\u00e9diterran\u00e9en de 2600 m2 , plant\u00e9 d\u2019oliviers, o\u00f9 se trouve<a class=\"more-link\" href=\"https:\/\/booking-gaysejour.com\/gb\/guide\/mazet-pour-2-avec-piscine-nimes\/\">Read more  &#10230;<\/a><\/p>\n","protected":false},"featured_media":68957,"template":"","meta":[],"product_brand":[],"product_cat":[1928,741,789,1059],"product_tag":[],"class_list":{"0":"post-63142","1":"product","2":"type-product","3":"status-publish","4":"has-post-thumbnail","6":"product_cat-hebergement-gb","7":"product_cat-france-gb","8":"product_cat-occitania","9":"product_cat-vacation-rental","10":"pa_2-chambre-et-salle-de-bain-air-conditioning","11":"pa_2-chambre-et-salle-de-bain-bathroom-towel","12":"pa_2-chambre-et-salle-de-bain-linen","13":"pa_2-chambre-et-salle-de-bain-private-bathroom","14":"pa_2-chambre-et-salle-de-bain-tv-chambre-gb","15":"pa_2-chambre-et-salle-de-bain-terrasse-privative-gb","16":"pa_5-services-climatisation-gb-2","17":"pa_5-services-parking-on-premise","18":"pa_5-services-wifi-gratuit","19":"pa_6-installations-piscine-gb","20":"yith_shop_vendor-chez-gilles-a-nimes-gard-france","22":"first","23":"instock","24":"virtual","25":"sold-individually","26":"purchasable","27":"product-type-booking"},"_links":{"self":[{"href":"https:\/\/booking-gaysejour.com\/gb\/wp-json\/wp\/v2\/product\/63142","targetHints":{"allow":["GET"]}}],"collection":[{"href":"https:\/\/booking-gaysejour.com\/gb\/wp-json\/wp\/v2\/product"}],"about":[{"href":"https:\/\/booking-gaysejour.com\/gb\/wp-json\/wp\/v2\/types\/product"}],"wp:featuredmedia":[{"embeddable":true,"href":"https:\/\/booking-gaysejour.com\/gb\/wp-json\/wp\/v2\/media\/68957"}],"wp:attachment":[{"href":"https:\/\/booking-gaysejour.com\/gb\/wp-json\/wp\/v2\/media?parent=63142"}],"wp:term":[{"taxonomy":"product_brand","embeddable":true,"href":"https:\/\/booking-gaysejour.com\/gb\/wp-json\/wp\/v2\/product_brand?post=63142"},{"taxonomy":"product_cat","embeddable":true,"href":"https:\/\/booking-gaysejour.com\/gb\/wp-json\/wp\/v2\/product_cat?post=63142"},{"taxonomy":"product_tag","embeddable":true,"href":"https:\/\/booking-gaysejour.com\/gb\/wp-json\/wp\/v2\/product_tag?post=63142"}],"curies":[{"name":"wp","href":"https:\/\/api.w.org\/{rel}","templated":true}]}}